{"id":3215,"date":"2025-01-29T16:51:52","date_gmt":"2025-01-29T16:51:52","guid":{"rendered":"https:\/\/boatrentalmallorca.net\/?page_id=3215"},"modified":"2025-01-29T17:01:23","modified_gmt":"2025-01-29T17:01:23","slug":"privacy-policy","status":"publish","type":"page","link":"https:\/\/boatrentalmallorca.net\/it\/privacy-policy\/","title":{"rendered":"Politica sulla riservatezza"},"content":{"rendered":"<p>Apprezziamo la tua fiducia nella nostra piattaforma online, boatrentalmallorca.net, per la prenotazione di escursioni in barca a Maiorca. Per questo motivo, proteggiamo sempre la riservatezza e la privacy dei tuoi dati personali.<\/p>\n\n\n\n<h2 class=\"wp-block-heading\" id=\"h-personal-data-protection-policy\">Informativa sulla protezione dei dati personali<\/h2>\n\n\n\n<p>Le rigide procedure di sicurezza di boatrentalmallorca.net mirano a prevenire l&#039;uso improprio e l&#039;accesso non autorizzato ai dati personali.<\/p>\n\n\n\n<p>Boatrentalmallorca.net gestisce un file di dati personali che include le informazioni ottenute quando si invia una richiesta tramite il sito web. Queste informazioni vengono utilizzate esclusivamente a fini statistici, per l&#039;invio di offerte promozionali e per il mantenimento dei rapporti tra boatrentalmallorca.net e l&#039;utente.<\/p>\n\n\n\n<p>Fornendo il consenso in fase di registrazione, l&#039;utente accetta e garantisce che i suoi dati possano essere utilizzati per le finalit\u00e0 sopra indicate. Inoltre, con tale consenso, boatrentalmallorca.net potr\u00e0 pubblicare recensioni degli utenti e immagini relative alle imbarcazioni.<\/p>\n\n\n\n<p>Per inviare una richiesta di noleggio di una barca, \u00e8 necessario compilare un modulo con i propri dati personali. Queste informazioni sono necessarie per elaborare la richiesta di noleggio, incluso l&#039;invio di un&#039;e-mail con la richiesta di conferma del noleggio.<\/p>\n\n\n\n<p>Per completare la transazione di noleggio, boatrentalmallorca.net trasferisce solo il nome e i dati di contatto dell&#039;utente al proprietario dell&#039;imbarcazione associato alla richiesta.<\/p>\n\n\n\n<p>In caso di trasferimento dei dati a titolari situati all&#039;estero (trasferimento internazionale di dati), l&#039;utente acconsente al trasferimento dei propri dati ai titolari interessati per le finalit\u00e0 sopra indicate. Tali titolari possono trovarsi in qualsiasi parte del mondo, compresi i paesi che non garantiscono un livello di protezione dei dati paragonabile a quello della legislazione spagnola.<\/p>\n\n\n\n<p>Il consenso al trattamento dei dati rimane valido finch\u00e9 l&#039;utente non comunica per iscritto a boatrentalmallorca.net la sua revoca.<\/p>\n\n\n\n<h2 class=\"wp-block-heading\" id=\"h-your-responsibilities\">Le tue responsabilit\u00e0<\/h2>\n\n\n\n<p>Utilizzando il sito web Boatrentalmallorca.net accetti i termini e le condizioni legali pubblicati al momento della registrazione.<\/p>\n\n\n\n<p>Tutte le informazioni fornite dai clienti su Boatrentalmallorca.net devono essere accurate e veritiere. Pertanto, tutti gli utenti si impegnano a garantire l&#039;autenticit\u00e0 dei propri dati. Se vengono fornite informazioni errate, il processo di noleggio non pu\u00f2 essere completato, poich\u00e9 le richieste con dettagli inesatti non possono essere elaborate. Se un noleggio \u00e8 stato organizzato sulla base di informazioni false, i clienti hanno il diritto di menzionarlo nella loro recensione dell&#039;imbarcazione, il che potrebbe avere un impatto negativo sulla reputazione del proprietario, se necessario. Inoltre, i clienti possono contattare Boatrentalmallorca.net per chiarire i propri reclami e cercare una soluzione.<\/p>\n\n\n\n<p>Per accedere e utilizzare i servizi offerti sul sito web Boatrentalmallorca.net, \u00e8 necessario fornire i propri dati personali durante la procedura di richiesta. Tutti i campi contrassegnati con un asterisco (*) sono obbligatori. La mancata compilazione di questi campi non consentir\u00e0 l&#039;elaborazione della richiesta e l&#039;accesso o l&#039;utilizzo dei servizi.<\/p>\n\n\n\n<p>Se noleggi un&#039;imbarcazione che richiede un certificato valido per operare e non assumi un capitano, sei tenuto a fornire prova della tua competenza marittima.<\/p>\n\n\n\n<p>Se non desideri ricevere ulteriori informazioni, devi inviare una richiesta scritta. Una volta ricevuta la tua richiesta, procederemo alla cancellazione dell&#039;iscrizione.<\/p>\n\n\n\n<h2 class=\"wp-block-heading\" id=\"h-responsibilities-of-boatrentalmallorca-net\">Responsabilit\u00e0 di Boatrentalmallorca.net<\/h2>\n\n\n\n<p>Boatrentalmallorca.net non \u00e8 responsabile dell&#039;accuratezza, precisione, adeguatezza, completezza o tempestivit\u00e0 delle informazioni fornite dal proprietario dell&#039;imbarcazione. Non siamo responsabili per eventuali errori nelle informazioni e nei servizi e non siamo obbligati a verificare o controllare il contenuto e i dettagli forniti.<\/p>\n\n\n\n<p>Boatrentalmallorca.net offre esclusivamente un servizio informativo cos\u00ec come presentato sul sito web. Boatrentalmallorca.net non \u00e8 responsabile per eventuali danni o inconvenienti causati dalla qualit\u00e0, dal prezzo, dal contenuto o dalla disponibilit\u00e0 dei servizi che si intende noleggiare o che si sono gi\u00e0 noleggiati.<\/p>\n\n\n\n<p>Boatrentalmallorca.net non controlla il comportamento dei proprietari di imbarcazioni, dei clienti o di altri utenti del sito web e declina ogni responsabilit\u00e0 al riguardo.<\/p>\n\n\n\n<p>Boatrentalmallorca.net non \u00e8 responsabile per eventuali problemi che il cliente potrebbe riscontrare durante il periodo di noleggio. In caso di problemi con l&#039;imbarcazione, mancato rispetto delle condizioni da parte del proprietario o comportamento inappropriato da parte del proprietario, il cliente dovr\u00e0 cercare una soluzione direttamente con il proprietario, non con Boatrentalmallorca.net. Il cliente firma il contratto e accetta i termini del proprietario dell&#039;imbarcazione, non i nostri. Sebbene il cliente paghi direttamente tramite Boatrentalmallorca.net, non siamo in alcun modo responsabili in quanto siamo solo degli intermediari.<\/p>\n\n\n\n<p>Boatrentalmallorca.net pu\u00f2 modificare, rifiutare o rimuovere le recensioni. Boatrentalmallorca.net si riserva il diritto di modificare il design, i contenuti e i servizi del sito web in qualsiasi momento e senza preavviso.<\/p>\n\n\n\n<p>Il modulo di recensione \u00e8 un sondaggio e non contiene offerte, promozioni o incentivi.<\/p>\n\n\n\n<p>Boatrentalmallorca.net consente agli utenti di cancellare le proprie informazioni di contatto. Per farlo, \u00e8 necessario inviare un&#039;e-mail a boatrentalsmallorca@gmail.com.<\/p>\n\n\n\n<p>La presente informativa sulla privacy pu\u00f2 essere modificata in qualsiasi momento.<\/p>\n\n\n\n<h2 class=\"wp-block-heading\" id=\"h-cookies\">Biscotti<\/h2>\n\n\n\n<p>Utilizziamo cookie, strumenti di monitoraggio dei visitatori e altre tecnologie (come Google Analytics) per raccogliere dati anonimi non personali.<\/p>\n\n\n\n<h3 class=\"wp-block-heading\" id=\"h-what-are-cookies\">Cosa sono i cookie?<\/h3>\n\n\n\n<p>I cookie sono piccoli file che vengono scaricati sul tuo dispositivo quando visiti determinate pagine web. Aiutano i siti web a memorizzare e recuperare informazioni sulle abitudini di navigazione degli utenti. I cookie possono anche aiutare a riconoscere gli utenti che tornano a visitarci.<\/p>\n\n\n\n<p>I cookie non memorizzano dati personali e non danneggiano il dispositivo. La maggior parte dei browser elimina i cookie al termine della sessione (i cosiddetti cookie di sessione). I cookie occupano un po&#039; di spazio in memoria, ma sono minimi e non influiscono sulle prestazioni del computer.<\/p>\n\n\n\n<p>La maggior parte dei browser accetta i cookie per impostazione predefinita, ma \u00e8 possibile modificare le impostazioni per consentirli, bloccarli o eliminarli a proprio piacimento.<\/p>\n\n\n\n<p>Senza il tuo esplicito consenso, ovvero abilitando i cookie nelle impostazioni del tuo browser, Boatrentalmallorca.net non collegher\u00e0 i dati dei cookie memorizzati alle informazioni personali che fornisci quando invii una richiesta o effettui un acquisto.<\/p>\n\n\n\n<h2 class=\"wp-block-heading\" id=\"h-types-of-cookies-we-use\">Tipi di cookie che utilizziamo<\/h2>\n\n\n\n<h3 class=\"wp-block-heading\" id=\"h-essential-technical-cookies\">Cookie essenziali (tecnici)<\/h3>\n\n\n\n<p>Questi cookie sono necessari per il funzionamento del sito:<\/p>\n\n\n\n<ul class=\"wp-block-list\">\n<li>Traffico e scambio di dati<\/li>\n\n\n\n<li>Sessione attiva<\/li>\n\n\n\n<li>Aree riservate<\/li>\n\n\n\n<li>Carrello della spesa<\/li>\n\n\n\n<li>Acquistare<\/li>\n\n\n\n<li>Sicurezza<\/li>\n\n\n\n<li>Multimedia<\/li>\n\n\n\n<li>Condivisione sui social media<\/li>\n<\/ul>\n\n\n\n<h3 class=\"wp-block-heading\" id=\"h-personalization-cookies\">Cookie di personalizzazione<\/h3>\n\n\n\n<p>Questi cookie ti consentono di effettuare l&#039;accesso con le tue impostazioni preferite:<\/p>\n\n\n\n<ul class=\"wp-block-list\">\n<li>Lingua<\/li>\n\n\n\n<li>Navigatore<\/li>\n\n\n\n<li>Regione<\/li>\n<\/ul>\n\n\n\n<h3 class=\"wp-block-heading\" id=\"h-analytical-cookies\">Cookie analitici<\/h3>\n\n\n\n<p>Questi cookie ci aiutano a monitorare il traffico e il comportamento del sito, in modo da poter migliorare i nostri servizi. Analizzando la tua navigazione possiamo offrirti prodotti e servizi migliori.<\/p>\n\n\n\n<h3 class=\"wp-block-heading\" id=\"h-third-party-cookies\">Cookie di terze parti<\/h3>\n\n\n\n<p>Boatrentalmallorca.net pu\u00f2 utilizzare servizi di terze parti per raccogliere statistiche e fornire funzionalit\u00e0 aggiuntive.<\/p>\n\n\n\n<p>Ad esempio questo sito utilizza <strong>Google Analytics<\/strong>, un servizio di analisi web fornito da Google, Inc., con sede negli Stati Uniti (1600 Amphitheatre Parkway, Mountain View, California 94043). Google Analytics utilizza i cookie per raccogliere dati anonimi, incluso il tuo indirizzo IP, che possono essere trasmessi, elaborati e archiviati da Google. Queste informazioni possono anche essere condivise con terze parti per ottemperare a requisiti di legge o laddove il trattamento dei dati venga effettuato per conto di Google.<\/p>\n\n\n\n<h2 class=\"wp-block-heading\" id=\"h-managing-cookies\">Gestione dei cookie<\/h2>\n\n\n\n<p>Utilizzando questo sito acconsenti alla raccolta e al trattamento dei dati come sopra indicato. Tuttavia, puoi disattivare la raccolta dei dati modificando le impostazioni del tuo browser per bloccare o eliminare i cookie. Tieni presente che la disabilitazione dei cookie potrebbe compromettere alcune funzionalit\u00e0 del sito.<\/p>\n\n\n\n<p>Puoi gestire i cookie nelle impostazioni del tuo browser:<\/p>\n\n\n\n<ul class=\"wp-block-list\">\n<li>Google Chrome<\/li>\n\n\n\n<li>Internet Explorer<\/li>\n\n\n\n<li>Mozilla Firefox<\/li>\n\n\n\n<li>Safari<\/li>\n<\/ul>\n\n\n\n<p>Per qualsiasi domanda sulla nostra politica sui cookie, contattateci all&#039;indirizzo boatrentalsmallorca@gmail.com.<\/p>\n\n\n\n<h2 class=\"wp-block-heading\" id=\"h-marketing\">Marketing<\/h2>\n\n\n\n<p>Dopo aver inviato una richiesta di noleggio su Boatrentalmallorca.net, riceverai un&#039;e-mail o un messaggio tramite una delle app di messaggistica con tutti i dettagli della tua richiesta.<\/p>\n\n\n\n<p>Inoltre, una volta terminato il noleggio, ti invieremo un&#039;e-mail per compilare un modulo di feedback. Questo ci aiuter\u00e0 a migliorare le informazioni sulla barca e il servizio complessivo del sito.<\/p>\n\n\n\n<p>Potremmo anche contattarti via e-mail di tanto in tanto per informarti di nuove opportunit\u00e0, offerte speciali e aggiornamenti.<\/p>\n\n\n\n<h2 class=\"wp-block-heading\" id=\"h-contact-information\">Informazioni sui contatti<\/h2>\n\n\n\n<p>Se hai suggerimenti o commenti riguardanti la nostra politica sulla privacy, invia un&#039;e-mail a <a href=\"mailto:boatrentalsmallorca@gmail.com\">boatrentalsmallorca@gmail.com<\/a>.<\/p>","protected":false},"excerpt":{"rendered":"<p>We value your trust in our online platform, boatrentalmallorca.net, for booking boat trips in Mallorca. That is why we always protect the confidentiality and privacy of your personal data. Personal Data Protection Policy The strict security procedures of boatrentalmallorca.net are aimed at preventing the misuse and unauthorized access to personal data. Boatrentalmallorca.net maintains a personal [&hellip;]<\/p>\n","protected":false},"author":2,"featured_media":0,"parent":0,"menu_order":0,"comment_status":"closed","ping_status":"closed","template":"","meta":{"_acf_changed":false,"footnotes":""},"class_list":["post-3215","page","type-page","status-publish","hentry"],"acf":[],"yoast_head":"<!-- This site is optimized with the Yoast SEO Premium plugin v24.3 (Yoast SEO v24.3) - https:\/\/yoast.com\/wordpress\/plugins\/seo\/ -->\n<title>Privacy Policy - Boat Rental Mallorca<\/title>\n<meta name=\"description\" content=\"Privacy Policy: We collect anonymous data, use cookies, and protect your info. Users can manage data and contact us for deletion requests.\" \/>\n<meta name=\"robots\" content=\"index, follow, max-snippet:-1, max-image-preview:large, max-video-preview:-1\" \/>\n<link rel=\"canonical\" href=\"https:\/\/boatrentalmallorca.net\/it\/privacy-policy\/\" \/>\n<meta property=\"og:locale\" content=\"it_IT\" \/>\n<meta property=\"og:type\" content=\"article\" \/>\n<meta property=\"og:title\" content=\"Privacy Policy\" \/>\n<meta property=\"og:description\" content=\"Privacy Policy: We collect anonymous data, use cookies, and protect your info. Users can manage data and contact us for deletion requests.\" \/>\n<meta property=\"og:url\" content=\"https:\/\/boatrentalmallorca.net\/it\/privacy-policy\/\" \/>\n<meta property=\"og:site_name\" content=\"Boat Rental Mallorca\" \/>\n<meta property=\"article:modified_time\" content=\"2025-01-29T17:01:23+00:00\" \/>\n<meta name=\"twitter:card\" content=\"summary_large_image\" \/>\n<meta name=\"twitter:label1\" content=\"Tempo di lettura stimato\" \/>\n\t<meta name=\"twitter:data1\" content=\"6 minuti\" \/>\n<script type=\"application\/ld+json\" class=\"yoast-schema-graph\">{\"@context\":\"https:\/\/schema.org\",\"@graph\":[{\"@type\":\"WebPage\",\"@id\":\"https:\/\/boatrentalmallorca.net\/privacy-policy\/\",\"url\":\"https:\/\/boatrentalmallorca.net\/privacy-policy\/\",\"name\":\"Privacy Policy - Boat Rental Mallorca\",\"isPartOf\":{\"@id\":\"https:\/\/boatrentalmallorca.net\/#website\"},\"datePublished\":\"2025-01-29T16:51:52+00:00\",\"dateModified\":\"2025-01-29T17:01:23+00:00\",\"description\":\"Privacy Policy: We collect anonymous data, use cookies, and protect your info. Users can manage data and contact us for deletion requests.\",\"breadcrumb\":{\"@id\":\"https:\/\/boatrentalmallorca.net\/privacy-policy\/#breadcrumb\"},\"inLanguage\":\"it-IT\",\"potentialAction\":[{\"@type\":\"ReadAction\",\"target\":[\"https:\/\/boatrentalmallorca.net\/privacy-policy\/\"]}]},{\"@type\":\"BreadcrumbList\",\"@id\":\"https:\/\/boatrentalmallorca.net\/privacy-policy\/#breadcrumb\",\"itemListElement\":[{\"@type\":\"ListItem\",\"position\":1,\"name\":\"Home\",\"item\":\"https:\/\/boatrentalmallorca.net\/\"},{\"@type\":\"ListItem\",\"position\":2,\"name\":\"Privacy Policy\"}]},{\"@type\":\"WebSite\",\"@id\":\"https:\/\/boatrentalmallorca.net\/#website\",\"url\":\"https:\/\/boatrentalmallorca.net\/\",\"name\":\"Boat Rental Mallorca\",\"description\":\"\",\"publisher\":{\"@id\":\"https:\/\/boatrentalmallorca.net\/#organization\"},\"potentialAction\":[{\"@type\":\"SearchAction\",\"target\":{\"@type\":\"EntryPoint\",\"urlTemplate\":\"https:\/\/boatrentalmallorca.net\/?s={search_term_string}\"},\"query-input\":{\"@type\":\"PropertyValueSpecification\",\"valueRequired\":true,\"valueName\":\"search_term_string\"}}],\"inLanguage\":\"it-IT\"},{\"@type\":\"Organization\",\"@id\":\"https:\/\/boatrentalmallorca.net\/#organization\",\"name\":\"Boat Rental Mallorca\",\"url\":\"https:\/\/boatrentalmallorca.net\/\",\"logo\":{\"@type\":\"ImageObject\",\"inLanguage\":\"it-IT\",\"@id\":\"https:\/\/boatrentalmallorca.net\/#\/schema\/logo\/image\/\",\"url\":\"https:\/\/boatrentalmallorca.net\/wp-content\/uploads\/2025\/02\/Logo-Boat-Rental-Mallorca.jpg\",\"contentUrl\":\"https:\/\/boatrentalmallorca.net\/wp-content\/uploads\/2025\/02\/Logo-Boat-Rental-Mallorca.jpg\",\"width\":996,\"height\":1068,\"caption\":\"Boat Rental Mallorca\"},\"image\":{\"@id\":\"https:\/\/boatrentalmallorca.net\/#\/schema\/logo\/image\/\"},\"description\":\"Boat Rental Mallorca is a local company offering yacht and boat rentals in Mallorca for sunset cruises, half-day, or full-day trips, with or without a captain. Prices start from \u20ac150 per hour. Boats are available for all types of private and corporate events.\",\"email\":\"boatrentalsmallorca@gmail.com\",\"telephone\":\"+34622937315\",\"numberOfEmployees\":{\"@type\":\"QuantitativeValue\",\"minValue\":\"1\",\"maxValue\":\"10\"}}]}<\/script>\n<!-- \/ Yoast SEO Premium plugin. -->","yoast_head_json":{"title":"Informativa sulla privacy - Noleggio barche a Maiorca","description":"Informativa sulla privacy: raccogliamo dati anonimi, utilizziamo cookie e proteggiamo le tue informazioni. Gli utenti possono gestire i dati e contattarci per richieste di cancellazione.","robots":{"index":"index","follow":"follow","max-snippet":"max-snippet:-1","max-image-preview":"max-image-preview:large","max-video-preview":"max-video-preview:-1"},"canonical":"https:\/\/boatrentalmallorca.net\/it\/privacy-policy\/","og_locale":"it_IT","og_type":"article","og_title":"Privacy Policy","og_description":"Privacy Policy: We collect anonymous data, use cookies, and protect your info. Users can manage data and contact us for deletion requests.","og_url":"https:\/\/boatrentalmallorca.net\/it\/privacy-policy\/","og_site_name":"Boat Rental Mallorca","article_modified_time":"2025-01-29T17:01:23+00:00","twitter_card":"summary_large_image","twitter_misc":{"Tempo di lettura stimato":"6 minuti"},"schema":{"@context":"https:\/\/schema.org","@graph":[{"@type":"WebPage","@id":"https:\/\/boatrentalmallorca.net\/privacy-policy\/","url":"https:\/\/boatrentalmallorca.net\/privacy-policy\/","name":"Informativa sulla privacy - Noleggio barche a Maiorca","isPartOf":{"@id":"https:\/\/boatrentalmallorca.net\/#website"},"datePublished":"2025-01-29T16:51:52+00:00","dateModified":"2025-01-29T17:01:23+00:00","description":"Informativa sulla privacy: raccogliamo dati anonimi, utilizziamo cookie e proteggiamo le tue informazioni. Gli utenti possono gestire i dati e contattarci per richieste di cancellazione.","breadcrumb":{"@id":"https:\/\/boatrentalmallorca.net\/privacy-policy\/#breadcrumb"},"inLanguage":"it-IT","potentialAction":[{"@type":"ReadAction","target":["https:\/\/boatrentalmallorca.net\/privacy-policy\/"]}]},{"@type":"BreadcrumbList","@id":"https:\/\/boatrentalmallorca.net\/privacy-policy\/#breadcrumb","itemListElement":[{"@type":"ListItem","position":1,"name":"Home","item":"https:\/\/boatrentalmallorca.net\/"},{"@type":"ListItem","position":2,"name":"Privacy Policy"}]},{"@type":"WebSite","@id":"https:\/\/boatrentalmallorca.net\/#website","url":"https:\/\/boatrentalmallorca.net\/","name":"Noleggio barche a Maiorca","description":"","publisher":{"@id":"https:\/\/boatrentalmallorca.net\/#organization"},"potentialAction":[{"@type":"SearchAction","target":{"@type":"EntryPoint","urlTemplate":"https:\/\/boatrentalmallorca.net\/?s={search_term_string}"},"query-input":{"@type":"PropertyValueSpecification","valueRequired":true,"valueName":"search_term_string"}}],"inLanguage":"it-IT"},{"@type":"Organization","@id":"https:\/\/boatrentalmallorca.net\/#organization","name":"Noleggio barche a Maiorca","url":"https:\/\/boatrentalmallorca.net\/","logo":{"@type":"ImageObject","inLanguage":"it-IT","@id":"https:\/\/boatrentalmallorca.net\/#\/schema\/logo\/image\/","url":"https:\/\/boatrentalmallorca.net\/wp-content\/uploads\/2025\/02\/Logo-Boat-Rental-Mallorca.jpg","contentUrl":"https:\/\/boatrentalmallorca.net\/wp-content\/uploads\/2025\/02\/Logo-Boat-Rental-Mallorca.jpg","width":996,"height":1068,"caption":"Boat Rental Mallorca"},"image":{"@id":"https:\/\/boatrentalmallorca.net\/#\/schema\/logo\/image\/"},"description":"Boat Rental Mallorca \u00e8 un&#039;azienda locale che offre il noleggio di yacht e barche a Maiorca per crociere al tramonto, escursioni di mezza giornata o di un&#039;intera giornata, con o senza capitano. I prezzi partono da 150 \u20ac all&#039;ora. Le imbarcazioni sono disponibili per tutti i tipi di eventi privati e aziendali.","email":"boatrentalsmallorca@gmail.com","telephone":"+34622937315","numberOfEmployees":{"@type":"QuantitativeValue","minValue":"1","maxValue":"10"}}]}},"_links":{"self":[{"href":"https:\/\/boatrentalmallorca.net\/it\/wp-json\/wp\/v2\/pages\/3215","targetHints":{"allow":["GET"]}}],"collection":[{"href":"https:\/\/boatrentalmallorca.net\/it\/wp-json\/wp\/v2\/pages"}],"about":[{"href":"https:\/\/boatrentalmallorca.net\/it\/wp-json\/wp\/v2\/types\/page"}],"author":[{"embeddable":true,"href":"https:\/\/boatrentalmallorca.net\/it\/wp-json\/wp\/v2\/users\/2"}],"replies":[{"embeddable":true,"href":"https:\/\/boatrentalmallorca.net\/it\/wp-json\/wp\/v2\/comments?post=3215"}],"version-history":[{"count":3,"href":"https:\/\/boatrentalmallorca.net\/it\/wp-json\/wp\/v2\/pages\/3215\/revisions"}],"predecessor-version":[{"id":3226,"href":"https:\/\/boatrentalmallorca.net\/it\/wp-json\/wp\/v2\/pages\/3215\/revisions\/3226"}],"wp:attachment":[{"href":"https:\/\/boatrentalmallorca.net\/it\/wp-json\/wp\/v2\/media?parent=3215"}],"curies":[{"name":"wp","href":"https:\/\/api.w.org\/{rel}","templated":true}]}}