{"id":3200,"date":"2025-01-28T16:23:31","date_gmt":"2025-01-28T16:23:31","guid":{"rendered":"https:\/\/boatrentalmallorca.net\/?page_id=3200"},"modified":"2025-01-28T16:33:38","modified_gmt":"2025-01-28T16:33:38","slug":"general-terms-of-contract","status":"publish","type":"page","link":"https:\/\/boatrentalmallorca.net\/it\/general-terms-of-contract\/","title":{"rendered":"Condizioni generali di contratto"},"content":{"rendered":"<p>Le presenti Condizioni Generali regolano il rapporto tra boatrentalmallorca.net e gli utenti che stipulano un contratto per la fornitura di servizi o l&#039;acquisto di beni offerti su questo sito web.<\/p>\n\n\n\n<p>Le presenti Condizioni Generali sono redatte in conformit\u00e0 con le disposizioni della Legge 34\/2002 sui Servizi della Societ\u00e0 dell&#039;Informazione e del Commercio Elettronico, della Legge 7\/1998 sulle Condizioni Generali di Contratto, del Regio Decreto 1906\/1999, che regola i contratti telefonici ed elettronici e stabilisce le condizioni generali ai sensi dell&#039;articolo 5.3 della Legge 7\/1998, del Regio Decreto Legislativo 1\/2007 del 16 novembre, che approva il Testo Unico della Legge Generale per la Difesa dei Consumatori e degli Utenti, nonch\u00e9 di altre normative pertinenti, tra cui la Legge 7\/1996 sul Commercio al Dettaglio e il Regio Decreto Legge 14\/1999 sulle Firme Elettroniche.<\/p>\n\n\n\n<h2 class=\"wp-block-heading\" id=\"h-1-general-characteristics-of-services\">1. Caratteristiche generali dei servizi<\/h2>\n\n\n\n<p>1.1. Boatrentalmallorca.net \u00e8 un&#039;agenzia di noleggio barche che funge da intermediario tra le societ\u00e0 di charter e gli affittuari o clienti.<br><br>1.2. Lo scopo di questo sito web \u00e8 informare gli utenti sui prodotti e servizi offerti da boatrentalmallorca.net. Tutte le ulteriori procedure e la conclusione dei contratti vengono effettuate tramite e-mail, telefono o applicazioni di messaggistica.<\/p>\n\n\n\n<h2 class=\"wp-block-heading\" id=\"h-2-prices\">2. Prezzi<\/h2>\n\n\n\n<p>I prezzi e le tasse applicabili per ciascun servizio saranno indicati sul sito web e rimarranno validi finch\u00e9 saranno a disposizione dell&#039;utente.<\/p>\n\n\n\n<h2 class=\"wp-block-heading\" id=\"h-3-payment-methods\">3. Metodi di pagamento<\/h2>\n\n\n\n<p>L&#039;utente pu\u00f2 effettuare i pagamenti tramite bonifico bancario sul conto indicato al momento del pagamento, nonch\u00e9 tramite i metodi di pagamento disponibili elencati sul sito web o tramite carta di credito\/debito.<\/p>\n\n\n\n<h2 class=\"wp-block-heading\" id=\"h-4-deposit-security-deposit\">4. Deposito (deposito cauzionale)<\/h2>\n\n\n\n<p>4.1. Al momento della firma dei documenti e della consegna dell&#039;imbarcazione, il cliente dovr\u00e0 versare un deposito cauzionale, che copre eventuali rotture, danni, crepe, strappi o altri difetti, nonch\u00e9 garantisce la pulizia dell&#039;imbarcazione e il rispetto dell&#039;orario di riconsegna concordato.<br><br>4.2. Il deposito pu\u00f2 essere pagato con carta di credito\/debito o in contanti al porto di partenza.<br><br>4.3. Il deposito verr\u00e0 restituito dopo l&#039;ispezione dell&#039;imbarcazione, a condizione che questa venga restituita in condizioni accettabili.<\/p>\n\n\n\n<h2 class=\"wp-block-heading\" id=\"h-5-handover-of-the-boat-to-the-client\">5. Consegna dell&#039;imbarcazione al cliente<\/h2>\n\n\n\n<p>5.1. Prima di prendere possesso dell&#039;imbarcazione, il cliente ha il diritto di ispezionarla insieme a un rappresentante della base per assicurarsi che l&#039;imbarcazione e le sue attrezzature siano in perfette condizioni di funzionamento. Con l&#039;accettazione dell&#039;imbarcazione e l&#039;inizio del noleggio, il cliente riconosce che l&#039;imbarcazione \u00e8 in buone condizioni.<br><br>5.2. Un&#039;imbarcazione autonoma verr\u00e0 consegnata al cliente con il pieno di acqua e carburante, la batteria completamente carica e il livello dell&#039;olio motore necessario. L&#039;imbarcazione dovr\u00e0 essere restituita nelle stesse condizioni. Le imbarcazioni con capitano (equipaggio) sono gestite direttamente dal personale dell&#039;imbarcazione e le condizioni di carburante e acqua possono variare a seconda dell&#039;imbarcazione selezionata.<br><br>5.3. L&#039;imbarcazione verr\u00e0 consegnata al locatario nel porto specificato nelle singole condizioni contrattuali.<br><br>5.4. Eventuali ritardi nella ricezione dell&#039;imbarcazione dovuti a colpa del cliente non danno diritto al cliente ad un&#039;estensione del periodo di noleggio.<br><br>5.5. In caso di ritardi dovuti alle condizioni meteorologiche non \u00e8 previsto alcun rimborso o estensione del noleggio.<\/p>\n\n\n\n<h2 class=\"wp-block-heading\" id=\"h-6-equivalent-vessel\">6. Nave equivalente<\/h2>\n\n\n\n<p>Il noleggio dell&#039;imbarcazione \u00e8 suddiviso in categorie. Qualora l&#039;imbarcazione specifica indicata nel contratto non possa essere utilizzata a causa di un precedente danno o incidente, il proprietario dell&#039;imbarcazione ha il diritto di fornire al cliente un&#039;imbarcazione simile.<\/p>\n\n\n\n<h2 class=\"wp-block-heading\" id=\"h-7-boat-return\">7. Ritorno in barca<\/h2>\n\n\n\n<p>7.1. In caso di ritardata riconsegna, verr\u00e0 addebitata una penale pari al doppio della tariffa giornaliera di noleggio per ogni giorno di ritardo, oltre a eventuali penali aggiuntive che boatrentalmallorca.net potrebbe incorrere a causa della ritardata consegna dell&#039;imbarcazione al successivo noleggiatore. Le condizioni meteorologiche non giustificano una riconsegna tardiva.<br><br>7.2. L&#039;imbarcazione deve essere restituita nello stesso porto in cui \u00e8 stata consegnata al cliente ed entro i termini specificati nel contratto, salvo diverso accordo nelle singole condizioni di noleggio.<br><br>7.3. Al momento della riconsegna, l&#039;imbarcazione verr\u00e0 ispezionata per verificarne l&#039;equipaggiamento, l&#039;assenza di danni, rotture, crepe o strappi e verificarne la pulizia. I livelli di carburante e acqua dovranno essere completamente ripristinati. Eventuali costi necessari per ripristinare l&#039;imbarcazione alle sue condizioni originali saranno detratti dal deposito cauzionale.<\/p>\n\n\n\n<h2 class=\"wp-block-heading\" id=\"h-8-right-to-cancel-the-rental\">8. Diritto di recesso dal noleggio<\/h2>\n\n\n\n<p>8.1. Le questioni relative all&#039;annullamento del noleggio, comprese le scadenze, le penali e le politiche di rimborso, sono regolate dal contratto di noleggio del proprietario dell&#039;imbarcazione.<br><br>8.2. Se per qualsiasi motivo la clausola 8.1 non pu\u00f2 essere applicata, le penali di cancellazione sono le seguenti:<br>a. Cancellazione 90 giorni o pi\u00f9 prima della data di inizio del noleggio: verr\u00e0 trattenuto l&#039;80% del costo del noleggio.<br>b. Cancellazione a meno di 90 giorni dalla data di inizio del noleggio: verr\u00e0 trattenuto l&#039;importo di 100% del costo del noleggio.<br><br>8.3. Qualora le clausole 8.1 e 8.2 non possano essere applicate, boatrentalmallorca.net applica una penale di cancellazione pari a 20% del costo del noleggio dell&#039;imbarcazione, esclusi i servizi aggiuntivi e gli obblighi contrattuali rimanenti.<br><br>8.4. Le cancellazioni delle prenotazioni devono essere effettuate per iscritto tramite l&#039;assistenza clienti all&#039;indirizzo <a href=\"mailto:boatrentalsmallorca@gmail.com\">boatrentalsmallorca@gmail.com<\/a>.<\/p>\n\n\n\n<h2 class=\"wp-block-heading\" id=\"h-9-right-to-terminate-the-contract\">9. Diritto di recesso dal contratto<\/h2>\n\n\n\n<p>9.1 Il mancato rispetto delle scadenze di pagamento comporter\u00e0 la risoluzione del contratto. Boatrentalmallorca.net informer\u00e0 il cliente della risoluzione in forma scritta o verbale e gli eventuali pagamenti gi\u00e0 effettuati non saranno rimborsati.<\/p>\n\n\n\n<p>9.2. L&#039;uso irresponsabile dell&#039;imbarcazione, la violazione delle condizioni di noleggio o il mancato rispetto delle leggi e dei regolamenti applicabili possono comportare la risoluzione automatica del contratto.<\/p>\n\n\n\n<h2 class=\"wp-block-heading\" id=\"h-10-rules-of-use\">10. Regole di utilizzo<\/h2>\n\n\n\n<p>10.1. Il cliente \u00e8 tenuto a utilizzare l&#039;imbarcazione in conformit\u00e0 con le leggi applicabili ed \u00e8 pienamente responsabile per qualsiasi violazione che possa verificarsi durante l&#039;utilizzo dell&#039;imbarcazione.<br><br>10.2. Il cliente \u00e8 tenuto a fornire tutti i documenti e le licenze necessari al proprietario dell&#039;imbarcazione per l&#039;erogazione del servizio. Qualora il proprietario dell&#039;imbarcazione ritenga che il cliente non possieda le competenze necessarie per la conduzione dell&#039;imbarcazione, potr\u00e0 avvalersi dell&#039;incarico di uno skipper professionista. Eventuali costi aggiuntivi per questo servizio saranno a carico del cliente, secondo le tariffe stabilite.<br><br>10.3. L&#039;area di navigazione consentita \u00e8 specificata nelle singole condizioni contrattuali e dipende dalla patente di guida del cliente. L&#039;utente non pu\u00f2 superare le aree designate senza l&#039;autorizzazione scritta del proprietario dell&#039;imbarcazione. Solo la persona indicata nel contratto \u00e8 autorizzata a condurre l&#039;imbarcazione.<br><br>10.4. Il cliente pu\u00f2 utilizzare l&#039;imbarcazione esclusivamente per scopi ricreativi personali con le persone indicate nel contratto. L&#039;imbarcazione non pu\u00f2 essere utilizzata per scopi commerciali, competizioni o sublocazione.<br><br>10.5. \u00c8 severamente vietato superare la capacit\u00e0 massima di passeggeri della nave.<br><br>10.6. Le spese aggiuntive, come cibo, carburante, fornitura d&#039;acqua, attracco fuori dal porto di origine e qualsiasi servizio non incluso nel contratto di noleggio (ad esempio, skipper, chef, assistente, pilota automatico, vele Spinnaker o Blister) non sono incluse nel prezzo del noleggio.<\/p>\n\n\n\n<ul class=\"wp-block-list\">\n<li>I prezzi dei servizi nautici sono stabiliti dal proprietario dell&#039;imbarcazione e boatrentalmallorca.net non \u00e8 responsabile di tali costi.<\/li>\n\n\n\n<li>Si consiglia vivamente al cliente di richiedere un listino prezzi prima del viaggio e di informarsi sulle spese di ormeggio, sulle tasse portuali e locali e sui biglietti d&#039;ingresso ai parchi nazionali.<\/li>\n\n\n\n<li>Boatrentalmallorca.net non \u00e8 responsabile per eventuali incidenti correlati a queste spese.<\/li>\n<\/ul>\n\n\n\n<p>10.7. Il cliente \u00e8 tenuto a notificare immediatamente a boatrentalmallorca.net eventuali incidenti, danni o perdite subiti dall&#039;imbarcazione o che potrebbero potenzialmente verificarsi.<br><br>10.8. Il proprietario dell&#039;imbarcazione non \u00e8 responsabile per eventuali danni causati dal cliente a terzi o a propriet\u00e0 derivanti dall&#039;uso dell&#039;imbarcazione.<br><br>10.9. Il percorso di navigazione \u00e8 determinato dal cliente in collaborazione con lo skipper o il rappresentante del proprietario dell&#039;imbarcazione.<\/p>\n\n\n\n<ul class=\"wp-block-list\">\n<li>Il percorso potrebbe subire variazioni a causa delle condizioni meteorologiche.<\/li>\n\n\n\n<li>In tali casi il cliente non pu\u00f2 pretendere alcun risarcimento n\u00e9 presentare reclami.<\/li>\n<\/ul>\n\n\n\n<p>10.10. Con il pagamento del noleggio, il cliente accetta incondizionatamente tutti i presenti termini di utilizzo e riconosce che il mancato rispetto di tali condizioni pu\u00f2 comportare l&#039;obbligo di risarcimento di eventuali perdite subite, nonch\u00e9 la risoluzione del contratto senza alcun rimborso.<\/p>\n\n\n\n<h2 class=\"wp-block-heading\" id=\"h-11-complaints\">11. Reclami<\/h2>\n\n\n\n<p>11.1. I reclami devono essere presentati durante il periodo di noleggio dell&#039;imbarcazione o al momento della sua restituzione, in forma scritta utilizzando l&#039;apposito modulo di reclamo fornito direttamente dal proprietario dell&#039;imbarcazione. Il reclamo deve essere firmato sia dal cliente che dal rappresentante del proprietario dell&#039;imbarcazione.<\/p>\n\n\n\n<ul class=\"wp-block-list\">\n<li>Una copia del reclamo deve essere inviata a boatrentalmallorca.net via e-mail all&#039;indirizzo <a href=\"mailto:boatrentalsmallorca@gmail.com\">boatrentalsmallorca@gmail.com<\/a> entro e non oltre 2 giorni dalla fine del periodo di noleggio.<\/li>\n<\/ul>\n\n\n\n<h2 class=\"wp-block-heading\" id=\"h-12-jurisdiction-and-applicable-law\">12. Giurisdizione e legge applicabile<\/h2>\n\n\n\n<p>Tutte le controversie relative all&#039;interpretazione o all&#039;esecuzione del presente contratto sono di competenza delle autorit\u00e0 marittime e, se necessario, dei tribunali spagnoli.<br>Il presente contratto \u00e8 regolato dalla legge spagnola.<\/p>","protected":false},"excerpt":{"rendered":"<p>These General Terms and Conditions regulate the relationship between boatrentalmallorca.net and users entering into a contract for the provision of services or the purchase of goods offered on this website. These General Terms and Conditions are drafted in accordance with the provisions of Law 34\/2002 on Information Society Services and Electronic Commerce, Law 7\/1998 on [&hellip;]<\/p>\n","protected":false},"author":2,"featured_media":0,"parent":0,"menu_order":0,"comment_status":"closed","ping_status":"closed","template":"","meta":{"_acf_changed":false,"footnotes":""},"class_list":["post-3200","page","type-page","status-publish","hentry"],"acf":[],"yoast_head":"<!-- This site is optimized with the Yoast SEO Premium plugin v24.3 (Yoast SEO v24.3) - https:\/\/yoast.com\/wordpress\/plugins\/seo\/ -->\n<title>General Terms of Contract - Boat Rental Mallorca<\/title>\n<meta name=\"description\" content=\"General Terms of Contract for boatrentalmallorca.net: Rules, pricing, payments, security deposits, cancellations, and boat rental conditions.\" \/>\n<meta name=\"robots\" content=\"index, follow, max-snippet:-1, max-image-preview:large, max-video-preview:-1\" \/>\n<link rel=\"canonical\" href=\"https:\/\/boatrentalmallorca.net\/it\/general-terms-of-contract\/\" \/>\n<meta property=\"og:locale\" content=\"it_IT\" \/>\n<meta property=\"og:type\" content=\"article\" \/>\n<meta property=\"og:title\" content=\"General Terms of Contract\" \/>\n<meta property=\"og:description\" content=\"General Terms of Contract for boatrentalmallorca.net: Rules, pricing, payments, security deposits, cancellations, and boat rental conditions.\" \/>\n<meta property=\"og:url\" content=\"https:\/\/boatrentalmallorca.net\/it\/general-terms-of-contract\/\" \/>\n<meta property=\"og:site_name\" content=\"Boat Rental Mallorca\" \/>\n<meta property=\"article:modified_time\" content=\"2025-01-28T16:33:38+00:00\" \/>\n<meta name=\"twitter:card\" content=\"summary_large_image\" \/>\n<meta name=\"twitter:label1\" content=\"Tempo di lettura stimato\" \/>\n\t<meta name=\"twitter:data1\" content=\"7 minuti\" \/>\n<script type=\"application\/ld+json\" class=\"yoast-schema-graph\">{\"@context\":\"https:\/\/schema.org\",\"@graph\":[{\"@type\":\"WebPage\",\"@id\":\"https:\/\/boatrentalmallorca.net\/general-terms-of-contract\/\",\"url\":\"https:\/\/boatrentalmallorca.net\/general-terms-of-contract\/\",\"name\":\"General Terms of Contract - Boat Rental Mallorca\",\"isPartOf\":{\"@id\":\"https:\/\/boatrentalmallorca.net\/#website\"},\"datePublished\":\"2025-01-28T16:23:31+00:00\",\"dateModified\":\"2025-01-28T16:33:38+00:00\",\"description\":\"General Terms of Contract for boatrentalmallorca.net: Rules, pricing, payments, security deposits, cancellations, and boat rental conditions.\",\"breadcrumb\":{\"@id\":\"https:\/\/boatrentalmallorca.net\/general-terms-of-contract\/#breadcrumb\"},\"inLanguage\":\"it-IT\",\"potentialAction\":[{\"@type\":\"ReadAction\",\"target\":[\"https:\/\/boatrentalmallorca.net\/general-terms-of-contract\/\"]}]},{\"@type\":\"BreadcrumbList\",\"@id\":\"https:\/\/boatrentalmallorca.net\/general-terms-of-contract\/#breadcrumb\",\"itemListElement\":[{\"@type\":\"ListItem\",\"position\":1,\"name\":\"Home\",\"item\":\"https:\/\/boatrentalmallorca.net\/\"},{\"@type\":\"ListItem\",\"position\":2,\"name\":\"General Terms of Contract\"}]},{\"@type\":\"WebSite\",\"@id\":\"https:\/\/boatrentalmallorca.net\/#website\",\"url\":\"https:\/\/boatrentalmallorca.net\/\",\"name\":\"Boat Rental Mallorca\",\"description\":\"\",\"publisher\":{\"@id\":\"https:\/\/boatrentalmallorca.net\/#organization\"},\"potentialAction\":[{\"@type\":\"SearchAction\",\"target\":{\"@type\":\"EntryPoint\",\"urlTemplate\":\"https:\/\/boatrentalmallorca.net\/?s={search_term_string}\"},\"query-input\":{\"@type\":\"PropertyValueSpecification\",\"valueRequired\":true,\"valueName\":\"search_term_string\"}}],\"inLanguage\":\"it-IT\"},{\"@type\":\"Organization\",\"@id\":\"https:\/\/boatrentalmallorca.net\/#organization\",\"name\":\"Boat Rental Mallorca\",\"url\":\"https:\/\/boatrentalmallorca.net\/\",\"logo\":{\"@type\":\"ImageObject\",\"inLanguage\":\"it-IT\",\"@id\":\"https:\/\/boatrentalmallorca.net\/#\/schema\/logo\/image\/\",\"url\":\"https:\/\/boatrentalmallorca.net\/wp-content\/uploads\/2025\/02\/Logo-Boat-Rental-Mallorca.jpg\",\"contentUrl\":\"https:\/\/boatrentalmallorca.net\/wp-content\/uploads\/2025\/02\/Logo-Boat-Rental-Mallorca.jpg\",\"width\":996,\"height\":1068,\"caption\":\"Boat Rental Mallorca\"},\"image\":{\"@id\":\"https:\/\/boatrentalmallorca.net\/#\/schema\/logo\/image\/\"},\"description\":\"Boat Rental Mallorca is a local company offering yacht and boat rentals in Mallorca for sunset cruises, half-day, or full-day trips, with or without a captain. Prices start from \u20ac150 per hour. Boats are available for all types of private and corporate events.\",\"email\":\"boatrentalsmallorca@gmail.com\",\"telephone\":\"+34622937315\",\"numberOfEmployees\":{\"@type\":\"QuantitativeValue\",\"minValue\":\"1\",\"maxValue\":\"10\"}}]}<\/script>\n<!-- \/ Yoast SEO Premium plugin. -->","yoast_head_json":{"title":"Condizioni generali di contratto - Noleggio barche a Maiorca","description":"Condizioni generali di contratto per boatrentalmallorca.net: regole, prezzi, pagamenti, depositi cauzionali, cancellazioni e condizioni di noleggio barche.","robots":{"index":"index","follow":"follow","max-snippet":"max-snippet:-1","max-image-preview":"max-image-preview:large","max-video-preview":"max-video-preview:-1"},"canonical":"https:\/\/boatrentalmallorca.net\/it\/general-terms-of-contract\/","og_locale":"it_IT","og_type":"article","og_title":"General Terms of Contract","og_description":"General Terms of Contract for boatrentalmallorca.net: Rules, pricing, payments, security deposits, cancellations, and boat rental conditions.","og_url":"https:\/\/boatrentalmallorca.net\/it\/general-terms-of-contract\/","og_site_name":"Boat Rental Mallorca","article_modified_time":"2025-01-28T16:33:38+00:00","twitter_card":"summary_large_image","twitter_misc":{"Tempo di lettura stimato":"7 minuti"},"schema":{"@context":"https:\/\/schema.org","@graph":[{"@type":"WebPage","@id":"https:\/\/boatrentalmallorca.net\/general-terms-of-contract\/","url":"https:\/\/boatrentalmallorca.net\/general-terms-of-contract\/","name":"Condizioni generali di contratto - Noleggio barche a Maiorca","isPartOf":{"@id":"https:\/\/boatrentalmallorca.net\/#website"},"datePublished":"2025-01-28T16:23:31+00:00","dateModified":"2025-01-28T16:33:38+00:00","description":"Condizioni generali di contratto per boatrentalmallorca.net: regole, prezzi, pagamenti, depositi cauzionali, cancellazioni e condizioni di noleggio barche.","breadcrumb":{"@id":"https:\/\/boatrentalmallorca.net\/general-terms-of-contract\/#breadcrumb"},"inLanguage":"it-IT","potentialAction":[{"@type":"ReadAction","target":["https:\/\/boatrentalmallorca.net\/general-terms-of-contract\/"]}]},{"@type":"BreadcrumbList","@id":"https:\/\/boatrentalmallorca.net\/general-terms-of-contract\/#breadcrumb","itemListElement":[{"@type":"ListItem","position":1,"name":"Home","item":"https:\/\/boatrentalmallorca.net\/"},{"@type":"ListItem","position":2,"name":"General Terms of Contract"}]},{"@type":"WebSite","@id":"https:\/\/boatrentalmallorca.net\/#website","url":"https:\/\/boatrentalmallorca.net\/","name":"Noleggio barche a Maiorca","description":"","publisher":{"@id":"https:\/\/boatrentalmallorca.net\/#organization"},"potentialAction":[{"@type":"SearchAction","target":{"@type":"EntryPoint","urlTemplate":"https:\/\/boatrentalmallorca.net\/?s={search_term_string}"},"query-input":{"@type":"PropertyValueSpecification","valueRequired":true,"valueName":"search_term_string"}}],"inLanguage":"it-IT"},{"@type":"Organization","@id":"https:\/\/boatrentalmallorca.net\/#organization","name":"Noleggio barche a Maiorca","url":"https:\/\/boatrentalmallorca.net\/","logo":{"@type":"ImageObject","inLanguage":"it-IT","@id":"https:\/\/boatrentalmallorca.net\/#\/schema\/logo\/image\/","url":"https:\/\/boatrentalmallorca.net\/wp-content\/uploads\/2025\/02\/Logo-Boat-Rental-Mallorca.jpg","contentUrl":"https:\/\/boatrentalmallorca.net\/wp-content\/uploads\/2025\/02\/Logo-Boat-Rental-Mallorca.jpg","width":996,"height":1068,"caption":"Boat Rental Mallorca"},"image":{"@id":"https:\/\/boatrentalmallorca.net\/#\/schema\/logo\/image\/"},"description":"Boat Rental Mallorca \u00e8 un&#039;azienda locale che offre il noleggio di yacht e barche a Maiorca per crociere al tramonto, escursioni di mezza giornata o di un&#039;intera giornata, con o senza capitano. I prezzi partono da 150 \u20ac all&#039;ora. Le imbarcazioni sono disponibili per tutti i tipi di eventi privati e aziendali.","email":"boatrentalsmallorca@gmail.com","telephone":"+34622937315","numberOfEmployees":{"@type":"QuantitativeValue","minValue":"1","maxValue":"10"}}]}},"_links":{"self":[{"href":"https:\/\/boatrentalmallorca.net\/it\/wp-json\/wp\/v2\/pages\/3200","targetHints":{"allow":["GET"]}}],"collection":[{"href":"https:\/\/boatrentalmallorca.net\/it\/wp-json\/wp\/v2\/pages"}],"about":[{"href":"https:\/\/boatrentalmallorca.net\/it\/wp-json\/wp\/v2\/types\/page"}],"author":[{"embeddable":true,"href":"https:\/\/boatrentalmallorca.net\/it\/wp-json\/wp\/v2\/users\/2"}],"replies":[{"embeddable":true,"href":"https:\/\/boatrentalmallorca.net\/it\/wp-json\/wp\/v2\/comments?post=3200"}],"version-history":[{"count":3,"href":"https:\/\/boatrentalmallorca.net\/it\/wp-json\/wp\/v2\/pages\/3200\/revisions"}],"predecessor-version":[{"id":3213,"href":"https:\/\/boatrentalmallorca.net\/it\/wp-json\/wp\/v2\/pages\/3200\/revisions\/3213"}],"wp:attachment":[{"href":"https:\/\/boatrentalmallorca.net\/it\/wp-json\/wp\/v2\/media?parent=3200"}],"curies":[{"name":"wp","href":"https:\/\/api.w.org\/{rel}","templated":true}]}}