{"id":3623,"date":"2025-02-03T10:23:08","date_gmt":"2025-02-03T10:23:08","guid":{"rendered":"https:\/\/boatrentalmallorca.net\/?page_id=3623"},"modified":"2025-02-03T14:19:46","modified_gmt":"2025-02-03T14:19:46","slug":"evenements-nautiques-majorque","status":"publish","type":"page","link":"https:\/\/boatrentalmallorca.net\/fr\/boat-events-mallorca\/","title":{"rendered":"\u00c9v\u00e9nements nautiques \u00e0 Majorque"},"content":{"rendered":"<div data-elementor-type=\"wp-page\" data-elementor-id=\"3623\" class=\"elementor elementor-3623\">\n\t\t\t\t<div class=\"elementor-element elementor-element-c3ecabc e-flex e-con-boxed e-con e-parent\" data-id=\"c3ecabc\" data-element_type=\"container\" data-e-type=\"container\">\n\t\t\t\t\t<div class=\"e-con-inner\">\n\t\t\t\t<div class=\"elementor-element elementor-element-d47192c elementor-widget elementor-widget-spacer\" data-id=\"d47192c\" data-element_type=\"widget\" data-e-type=\"widget\" data-widget_type=\"spacer.default\">\n\t\t\t\t<div class=\"elementor-widget-container\">\n\t\t\t\t\t\t\t<div class=\"elementor-spacer\">\n\t\t\t<div class=\"elementor-spacer-inner\"><\/div>\n\t\t<\/div>\n\t\t\t\t\t\t<\/div>\n\t\t\t\t<\/div>\n\t\t\t\t\t<\/div>\n\t\t\t\t<\/div>\n\t\t<div class=\"elementor-element elementor-element-d5fd445 e-flex e-con-boxed e-con e-parent\" data-id=\"d5fd445\" data-element_type=\"container\" data-e-type=\"container\">\n\t\t\t\t\t<div class=\"e-con-inner\">\n\t\t\t\t<div class=\"elementor-element elementor-element-9cafb4c elementor-widget elementor-widget-heading\" data-id=\"9cafb4c\" data-element_type=\"widget\" data-e-type=\"widget\" data-widget_type=\"heading.default\">\n\t\t\t\t<div class=\"elementor-widget-container\">\n\t\t\t\t\t<h1 class=\"elementor-heading-title elementor-size-default\">\u00c9v\u00e9nements nautiques \u00e0 Majorque<\/h1>\t\t\t\t<\/div>\n\t\t\t\t<\/div>\n\t\t\t\t\t<\/div>\n\t\t\t\t<\/div>\n\t\t<div class=\"elementor-element elementor-element-395b845 e-flex e-con-boxed e-con e-parent\" data-id=\"395b845\" data-element_type=\"container\" data-e-type=\"container\">\n\t\t\t\t\t<div class=\"e-con-inner\">\n\t\t\t\t<div class=\"elementor-element elementor-element-87609c6 elementor-widget-divider--view-line elementor-widget elementor-widget-divider\" data-id=\"87609c6\" data-element_type=\"widget\" data-e-type=\"widget\" data-widget_type=\"divider.default\">\n\t\t\t\t<div class=\"elementor-widget-container\">\n\t\t\t\t\t\t\t<div class=\"elementor-divider\">\n\t\t\t<span class=\"elementor-divider-separator\">\n\t\t\t\t\t\t<\/span>\n\t\t<\/div>\n\t\t\t\t\t\t<\/div>\n\t\t\t\t<\/div>\n\t\t\t\t\t<\/div>\n\t\t\t\t<\/div>\n\t\t<div class=\"elementor-element elementor-element-6f2d2aa e-flex e-con-boxed e-con e-parent\" data-id=\"6f2d2aa\" data-element_type=\"container\" data-e-type=\"container\">\n\t\t\t\t\t<div class=\"e-con-inner\">\n\t\t\t\t<div class=\"elementor-element elementor-element-7b7c695 elementor-widget elementor-widget-homey_elementor_grids\" data-id=\"7b7c695\" data-element_type=\"widget\" data-e-type=\"widget\" data-widget_type=\"homey_elementor_grids.default\">\n\t\t\t\t<div class=\"elementor-widget-container\">\n\t\t\t\t\t\r\n\t\t<div class=\"module-wrap taxonomy-grid taxonomy-grid-3\">\r\n\t\t\t<div class=\"row\">\r\n\t\t\t\t\r\n\t\t\t\t\t<div class=\"col-sm-4 col-xs-6\">\r\n\t\t\t\t\t\t<div class=\"taxonomy-item taxonomy-card\">\r\n\t\t\t\t\t\t\t<a class=\"taxonomy-link hover-effect\" href=\"https:\/\/boatrentalmallorca.net\/fr\/event\/bachelor-party-boat-mallorca\/\">\r\n\t\t\t\t\t\t\t\t<div class=\"taxonomy-title\">Enterrement de vie de gar\u00e7on<\/div>\r\n\t\t\t\t\t\t\t\t<img fetchpriority=\"high\" decoding=\"async\" class=\"img-responsive\" src=\"https:\/\/boatrentalmallorca.net\/wp-content\/uploads\/2025\/02\/Bachelor-party-boat-360x353.jpg\" width=\"360\" height=\"353\" alt=\"listing_country\">\r\n\t\t\t\t\t\t\t<\/a>\r\n\t\t\t\t\t\t<\/div>\r\n\t\t\t\t\t<\/div>\r\n\r\n\t\t\t\t\t\r\n\t\t\t\t\t<div class=\"col-sm-4 col-xs-6\">\r\n\t\t\t\t\t\t<div class=\"taxonomy-item taxonomy-card\">\r\n\t\t\t\t\t\t\t<a class=\"taxonomy-link hover-effect\" href=\"https:\/\/boatrentalmallorca.net\/fr\/event\/bachelorette-party-boat-mallorca\/\">\r\n\t\t\t\t\t\t\t\t<div class=\"taxonomy-title\">EVJF<\/div>\r\n\t\t\t\t\t\t\t\t<img decoding=\"async\" class=\"img-responsive\" src=\"https:\/\/boatrentalmallorca.net\/wp-content\/uploads\/2025\/02\/Bachelorette-party-boat-360x353.jpg\" width=\"360\" height=\"353\" alt=\"listing_country\">\r\n\t\t\t\t\t\t\t<\/a>\r\n\t\t\t\t\t\t<\/div>\r\n\t\t\t\t\t<\/div>\r\n\r\n\t\t\t\t\t\r\n\t\t\t\t\t<div class=\"col-sm-4 col-xs-6\">\r\n\t\t\t\t\t\t<div class=\"taxonomy-item taxonomy-card\">\r\n\t\t\t\t\t\t\t<a class=\"taxonomy-link hover-effect\" href=\"https:\/\/boatrentalmallorca.net\/fr\/event\/boat-party-mallorca\/\">\r\n\t\t\t\t\t\t\t\t<div class=\"taxonomy-title\">F\u00eate en bateau<\/div>\r\n\t\t\t\t\t\t\t\t<img decoding=\"async\" class=\"img-responsive\" src=\"https:\/\/boatrentalmallorca.net\/wp-content\/uploads\/2025\/02\/Boat-party-360x353.jpg\" width=\"360\" height=\"353\" alt=\"listing_country\">\r\n\t\t\t\t\t\t\t<\/a>\r\n\t\t\t\t\t\t<\/div>\r\n\t\t\t\t\t<\/div>\r\n\r\n\t\t\t\t\t\r\n\t\t\t\t\t<div class=\"col-sm-4 col-xs-6\">\r\n\t\t\t\t\t\t<div class=\"taxonomy-item taxonomy-card\">\r\n\t\t\t\t\t\t\t<a class=\"taxonomy-link hover-effect\" href=\"https:\/\/boatrentalmallorca.net\/fr\/event\/corporate-event-boat-mallorca\/\">\r\n\t\t\t\t\t\t\t\t<div class=\"taxonomy-title\">\u00c9v\u00e9nement d'entreprise<\/div>\r\n\t\t\t\t\t\t\t\t<img loading=\"lazy\" decoding=\"async\" class=\"img-responsive\" src=\"https:\/\/boatrentalmallorca.net\/wp-content\/uploads\/2025\/02\/Corporate-event-boat-360x353.jpg\" width=\"360\" height=\"353\" alt=\"listing_country\">\r\n\t\t\t\t\t\t\t<\/a>\r\n\t\t\t\t\t\t<\/div>\r\n\t\t\t\t\t<\/div>\r\n\r\n\t\t\t\t\t\r\n\t\t\t\t\t<div class=\"col-sm-4 col-xs-6\">\r\n\t\t\t\t\t\t<div class=\"taxonomy-item taxonomy-card\">\r\n\t\t\t\t\t\t\t<a class=\"taxonomy-link hover-effect\" href=\"https:\/\/boatrentalmallorca.net\/fr\/event\/marriage-proposal-boat-mallorca\/\">\r\n\t\t\t\t\t\t\t\t<div class=\"taxonomy-title\">Demande en mariage<\/div>\r\n\t\t\t\t\t\t\t\t<img loading=\"lazy\" decoding=\"async\" class=\"img-responsive\" src=\"https:\/\/boatrentalmallorca.net\/wp-content\/uploads\/2025\/02\/Marriage-proposal-boat-360x353.jpg\" width=\"360\" height=\"353\" alt=\"listing_country\">\r\n\t\t\t\t\t\t\t<\/a>\r\n\t\t\t\t\t\t<\/div>\r\n\t\t\t\t\t<\/div>\r\n\r\n\t\t\t\t\t\r\n\t\t\t\t\t<div class=\"col-sm-4 col-xs-6\">\r\n\t\t\t\t\t\t<div class=\"taxonomy-item taxonomy-card\">\r\n\t\t\t\t\t\t\t<a class=\"taxonomy-link hover-effect\" href=\"https:\/\/boatrentalmallorca.net\/fr\/event\/boat-wedding-mallorca\/\">\r\n\t\t\t\t\t\t\t\t<div class=\"taxonomy-title\">Mariage<\/div>\r\n\t\t\t\t\t\t\t\t<img loading=\"lazy\" decoding=\"async\" class=\"img-responsive\" src=\"https:\/\/boatrentalmallorca.net\/wp-content\/uploads\/2025\/02\/Boat-wedding-360x353.jpg\" width=\"360\" height=\"353\" alt=\"listing_country\">\r\n\t\t\t\t\t\t\t<\/a>\r\n\t\t\t\t\t\t<\/div>\r\n\t\t\t\t\t<\/div>\r\n\r\n\t\t\t\t\t\t\t\t\t\r\n\t\t\t<\/div>\r\n\t\t<\/div>\r\n\t\t\r\n\t\t\t\t\t\t<\/div>\n\t\t\t\t<\/div>\n\t\t\t\t\t<\/div>\n\t\t\t\t<\/div>\n\t\t\t\t<\/div>","protected":false},"excerpt":{"rendered":"<p>Boat events in Mallorca Bachelor party Bachelorette party Boat party Corporate event Marriage proposal Wedding<\/p>","protected":false},"author":2,"featured_media":0,"parent":0,"menu_order":0,"comment_status":"closed","ping_status":"closed","template":"elementor_header_footer","meta":{"_acf_changed":false,"footnotes":""},"class_list":["post-3623","page","type-page","status-publish","hentry"],"acf":[],"yoast_head":"<!-- This site is optimized with the Yoast SEO Premium plugin v24.3 (Yoast SEO v24.3) - https:\/\/yoast.com\/wordpress\/plugins\/seo\/ -->\n<title>Boat events and experiences in Mallorca<\/title>\n<meta name=\"description\" content=\"Private and corporate events on a boat in Mallorca (\u2b50 Hen and stag party, \u2b50 Birthday, \u2b50 Wedding, \u2b50 Anniversary, \u2b50 Marriage proposal).\" \/>\n<meta name=\"robots\" content=\"index, follow, max-snippet:-1, max-image-preview:large, max-video-preview:-1\" \/>\n<link rel=\"canonical\" href=\"https:\/\/boatrentalmallorca.net\/fr\/evenements-nautiques-majorque\/\" \/>\n<meta property=\"og:locale\" content=\"fr_FR\" \/>\n<meta property=\"og:type\" content=\"article\" \/>\n<meta property=\"og:title\" content=\"Boat Events Mallorca\" \/>\n<meta property=\"og:description\" content=\"Private and corporate events on a boat in Mallorca (\u2b50 Hen and stag party, \u2b50 Birthday, \u2b50 Wedding, \u2b50 Anniversary, \u2b50 Marriage proposal).\" \/>\n<meta property=\"og:url\" content=\"https:\/\/boatrentalmallorca.net\/fr\/evenements-nautiques-majorque\/\" \/>\n<meta property=\"og:site_name\" content=\"Boat Rental Mallorca\" \/>\n<meta property=\"article:modified_time\" content=\"2025-02-03T14:19:46+00:00\" \/>\n<meta property=\"og:image\" content=\"https:\/\/place-hold.it\/360x360\" \/>\n<meta name=\"twitter:card\" content=\"summary_large_image\" \/>\n<meta name=\"twitter:label1\" content=\"Dur\u00e9e de lecture estim\u00e9e\" \/>\n\t<meta name=\"twitter:data1\" content=\"2 minutes\" \/>\n<script type=\"application\/ld+json\" class=\"yoast-schema-graph\">{\"@context\":\"https:\/\/schema.org\",\"@graph\":[{\"@type\":\"WebPage\",\"@id\":\"https:\/\/boatrentalmallorca.net\/boat-events-mallorca\/\",\"url\":\"https:\/\/boatrentalmallorca.net\/boat-events-mallorca\/\",\"name\":\"Boat events and experiences in Mallorca\",\"isPartOf\":{\"@id\":\"https:\/\/boatrentalmallorca.net\/#website\"},\"primaryImageOfPage\":{\"@id\":\"https:\/\/boatrentalmallorca.net\/boat-events-mallorca\/#primaryimage\"},\"image\":{\"@id\":\"https:\/\/boatrentalmallorca.net\/boat-events-mallorca\/#primaryimage\"},\"thumbnailUrl\":\"https:\/\/place-hold.it\/360x360\",\"datePublished\":\"2025-02-03T10:23:08+00:00\",\"dateModified\":\"2025-02-03T14:19:46+00:00\",\"description\":\"Private and corporate events on a boat in Mallorca (\u2b50 Hen and stag party, \u2b50 Birthday, \u2b50 Wedding, \u2b50 Anniversary, \u2b50 Marriage proposal).\",\"breadcrumb\":{\"@id\":\"https:\/\/boatrentalmallorca.net\/boat-events-mallorca\/#breadcrumb\"},\"inLanguage\":\"fr-FR\",\"potentialAction\":[{\"@type\":\"ReadAction\",\"target\":[\"https:\/\/boatrentalmallorca.net\/boat-events-mallorca\/\"]}]},{\"@type\":\"ImageObject\",\"inLanguage\":\"fr-FR\",\"@id\":\"https:\/\/boatrentalmallorca.net\/boat-events-mallorca\/#primaryimage\",\"url\":\"https:\/\/place-hold.it\/360x360\",\"contentUrl\":\"https:\/\/place-hold.it\/360x360\"},{\"@type\":\"BreadcrumbList\",\"@id\":\"https:\/\/boatrentalmallorca.net\/boat-events-mallorca\/#breadcrumb\",\"itemListElement\":[{\"@type\":\"ListItem\",\"position\":1,\"name\":\"Home\",\"item\":\"https:\/\/boatrentalmallorca.net\/\"},{\"@type\":\"ListItem\",\"position\":2,\"name\":\"Boat Events Mallorca\"}]},{\"@type\":\"WebSite\",\"@id\":\"https:\/\/boatrentalmallorca.net\/#website\",\"url\":\"https:\/\/boatrentalmallorca.net\/\",\"name\":\"Boat Rental Mallorca\",\"description\":\"\",\"publisher\":{\"@id\":\"https:\/\/boatrentalmallorca.net\/#organization\"},\"potentialAction\":[{\"@type\":\"SearchAction\",\"target\":{\"@type\":\"EntryPoint\",\"urlTemplate\":\"https:\/\/boatrentalmallorca.net\/?s={search_term_string}\"},\"query-input\":{\"@type\":\"PropertyValueSpecification\",\"valueRequired\":true,\"valueName\":\"search_term_string\"}}],\"inLanguage\":\"fr-FR\"},{\"@type\":\"Organization\",\"@id\":\"https:\/\/boatrentalmallorca.net\/#organization\",\"name\":\"Boat Rental Mallorca\",\"url\":\"https:\/\/boatrentalmallorca.net\/\",\"logo\":{\"@type\":\"ImageObject\",\"inLanguage\":\"fr-FR\",\"@id\":\"https:\/\/boatrentalmallorca.net\/#\/schema\/logo\/image\/\",\"url\":\"https:\/\/boatrentalmallorca.net\/wp-content\/uploads\/2025\/02\/Logo-Boat-Rental-Mallorca.jpg\",\"contentUrl\":\"https:\/\/boatrentalmallorca.net\/wp-content\/uploads\/2025\/02\/Logo-Boat-Rental-Mallorca.jpg\",\"width\":996,\"height\":1068,\"caption\":\"Boat Rental Mallorca\"},\"image\":{\"@id\":\"https:\/\/boatrentalmallorca.net\/#\/schema\/logo\/image\/\"},\"description\":\"Boat Rental Mallorca is a local company offering yacht and boat rentals in Mallorca for sunset cruises, half-day, or full-day trips, with or without a captain. Prices start from \u20ac150 per hour. Boats are available for all types of private and corporate events.\",\"email\":\"boatrentalsmallorca@gmail.com\",\"telephone\":\"+34622937315\",\"numberOfEmployees\":{\"@type\":\"QuantitativeValue\",\"minValue\":\"1\",\"maxValue\":\"10\"}}]}<\/script>\n<!-- \/ Yoast SEO Premium plugin. -->","yoast_head_json":{"title":"\u00c9v\u00e9nements et exp\u00e9riences nautiques \u00e0 Majorque","description":"\u00c9v\u00e9nements priv\u00e9s et professionnels sur un bateau \u00e0 Majorque (\u2b50 Enterrement de vie de jeune fille et de gar\u00e7on, \u2b50 Anniversaire, \u2b50 Mariage, \u2b50 Anniversaire de mariage, \u2b50 Demande en mariage).","robots":{"index":"index","follow":"follow","max-snippet":"max-snippet:-1","max-image-preview":"max-image-preview:large","max-video-preview":"max-video-preview:-1"},"canonical":"https:\/\/boatrentalmallorca.net\/fr\/evenements-nautiques-majorque\/","og_locale":"fr_FR","og_type":"article","og_title":"Boat Events Mallorca","og_description":"Private and corporate events on a boat in Mallorca (\u2b50 Hen and stag party, \u2b50 Birthday, \u2b50 Wedding, \u2b50 Anniversary, \u2b50 Marriage proposal).","og_url":"https:\/\/boatrentalmallorca.net\/fr\/evenements-nautiques-majorque\/","og_site_name":"Boat Rental Mallorca","article_modified_time":"2025-02-03T14:19:46+00:00","og_image":[{"url":"https:\/\/place-hold.it\/360x360","type":"","width":"","height":""}],"twitter_card":"summary_large_image","twitter_misc":{"Dur\u00e9e de lecture estim\u00e9e":"2 minutes"},"schema":{"@context":"https:\/\/schema.org","@graph":[{"@type":"WebPage","@id":"https:\/\/boatrentalmallorca.net\/boat-events-mallorca\/","url":"https:\/\/boatrentalmallorca.net\/boat-events-mallorca\/","name":"\u00c9v\u00e9nements et exp\u00e9riences nautiques \u00e0 Majorque","isPartOf":{"@id":"https:\/\/boatrentalmallorca.net\/#website"},"primaryImageOfPage":{"@id":"https:\/\/boatrentalmallorca.net\/boat-events-mallorca\/#primaryimage"},"image":{"@id":"https:\/\/boatrentalmallorca.net\/boat-events-mallorca\/#primaryimage"},"thumbnailUrl":"https:\/\/place-hold.it\/360x360","datePublished":"2025-02-03T10:23:08+00:00","dateModified":"2025-02-03T14:19:46+00:00","description":"\u00c9v\u00e9nements priv\u00e9s et professionnels sur un bateau \u00e0 Majorque (\u2b50 Enterrement de vie de jeune fille et de gar\u00e7on, \u2b50 Anniversaire, \u2b50 Mariage, \u2b50 Anniversaire de mariage, \u2b50 Demande en mariage).","breadcrumb":{"@id":"https:\/\/boatrentalmallorca.net\/boat-events-mallorca\/#breadcrumb"},"inLanguage":"fr-FR","potentialAction":[{"@type":"ReadAction","target":["https:\/\/boatrentalmallorca.net\/boat-events-mallorca\/"]}]},{"@type":"ImageObject","inLanguage":"fr-FR","@id":"https:\/\/boatrentalmallorca.net\/boat-events-mallorca\/#primaryimage","url":"https:\/\/place-hold.it\/360x360","contentUrl":"https:\/\/place-hold.it\/360x360"},{"@type":"BreadcrumbList","@id":"https:\/\/boatrentalmallorca.net\/boat-events-mallorca\/#breadcrumb","itemListElement":[{"@type":"ListItem","position":1,"name":"Home","item":"https:\/\/boatrentalmallorca.net\/"},{"@type":"ListItem","position":2,"name":"Boat Events Mallorca"}]},{"@type":"WebSite","@id":"https:\/\/boatrentalmallorca.net\/#website","url":"https:\/\/boatrentalmallorca.net\/","name":"Location de bateaux \u00e0 Majorque","description":"","publisher":{"@id":"https:\/\/boatrentalmallorca.net\/#organization"},"potentialAction":[{"@type":"SearchAction","target":{"@type":"EntryPoint","urlTemplate":"https:\/\/boatrentalmallorca.net\/?s={search_term_string}"},"query-input":{"@type":"PropertyValueSpecification","valueRequired":true,"valueName":"search_term_string"}}],"inLanguage":"fr-FR"},{"@type":"Organization","@id":"https:\/\/boatrentalmallorca.net\/#organization","name":"Location de bateaux \u00e0 Majorque","url":"https:\/\/boatrentalmallorca.net\/","logo":{"@type":"ImageObject","inLanguage":"fr-FR","@id":"https:\/\/boatrentalmallorca.net\/#\/schema\/logo\/image\/","url":"https:\/\/boatrentalmallorca.net\/wp-content\/uploads\/2025\/02\/Logo-Boat-Rental-Mallorca.jpg","contentUrl":"https:\/\/boatrentalmallorca.net\/wp-content\/uploads\/2025\/02\/Logo-Boat-Rental-Mallorca.jpg","width":996,"height":1068,"caption":"Boat Rental Mallorca"},"image":{"@id":"https:\/\/boatrentalmallorca.net\/#\/schema\/logo\/image\/"},"description":"Boat Rental Mallorca est une entreprise locale proposant la location de yachts et de bateaux \u00e0 Majorque pour des croisi\u00e8res au coucher du soleil, des excursions \u00e0 la demi-journ\u00e9e ou \u00e0 la journ\u00e9e, avec ou sans capitaine. Les prix commencent \u00e0 150 \u20ac de l&#039;heure. Les bateaux sont disponibles pour tous types d&#039;\u00e9v\u00e9nements priv\u00e9s et professionnels.","email":"boatrentalsmallorca@gmail.com","telephone":"+34622937315","numberOfEmployees":{"@type":"QuantitativeValue","minValue":"1","maxValue":"10"}}]}},"_links":{"self":[{"href":"https:\/\/boatrentalmallorca.net\/fr\/wp-json\/wp\/v2\/pages\/3623","targetHints":{"allow":["GET"]}}],"collection":[{"href":"https:\/\/boatrentalmallorca.net\/fr\/wp-json\/wp\/v2\/pages"}],"about":[{"href":"https:\/\/boatrentalmallorca.net\/fr\/wp-json\/wp\/v2\/types\/page"}],"author":[{"embeddable":true,"href":"https:\/\/boatrentalmallorca.net\/fr\/wp-json\/wp\/v2\/users\/2"}],"replies":[{"embeddable":true,"href":"https:\/\/boatrentalmallorca.net\/fr\/wp-json\/wp\/v2\/comments?post=3623"}],"version-history":[{"count":7,"href":"https:\/\/boatrentalmallorca.net\/fr\/wp-json\/wp\/v2\/pages\/3623\/revisions"}],"predecessor-version":[{"id":3638,"href":"https:\/\/boatrentalmallorca.net\/fr\/wp-json\/wp\/v2\/pages\/3623\/revisions\/3638"}],"wp:attachment":[{"href":"https:\/\/boatrentalmallorca.net\/fr\/wp-json\/wp\/v2\/media?parent=3623"}],"curies":[{"name":"wp","href":"https:\/\/api.w.org\/{rel}","templated":true}]}}