{"id":3215,"date":"2025-01-29T16:51:52","date_gmt":"2025-01-29T16:51:52","guid":{"rendered":"https:\/\/boatrentalmallorca.net\/?page_id=3215"},"modified":"2025-01-29T17:01:23","modified_gmt":"2025-01-29T17:01:23","slug":"privacy-policy","status":"publish","type":"page","link":"https:\/\/boatrentalmallorca.net\/fr\/privacy-policy\/","title":{"rendered":"Politique de confidentialit\u00e9"},"content":{"rendered":"<p>Nous attachons une grande importance \u00e0 la confiance que vous nous t\u00e9moignez en r\u00e9servant vos excursions en bateau \u00e0 Majorque sur notre plateforme en ligne boatrentalmallorca.net. C&#039;est pourquoi nous veillons scrupuleusement \u00e0 la confidentialit\u00e9 et \u00e0 la protection de vos donn\u00e9es personnelles.<\/p>\n\n\n\n<h2 class=\"wp-block-heading\" id=\"h-personal-data-protection-policy\">Politique de protection des donn\u00e9es personnelles<\/h2>\n\n\n\n<p>Les proc\u00e9dures de s\u00e9curit\u00e9 strictes de boatrentalmallorca.net visent \u00e0 pr\u00e9venir toute utilisation abusive et tout acc\u00e8s non autoris\u00e9 aux donn\u00e9es personnelles.<\/p>\n\n\n\n<p>Boatrentalmallorca.net conserve un fichier de donn\u00e9es personnelles contenant les informations recueillies lors de la soumission d&#039;une demande via le site web. Ces informations sont utilis\u00e9es exclusivement \u00e0 des fins statistiques, pour l&#039;envoi d&#039;offres promotionnelles et pour la gestion de la relation entre boatrentalmallorca.net et l&#039;utilisateur.<\/p>\n\n\n\n<p>En donnant son consentement lors de l&#039;inscription, l&#039;utilisateur accepte et garantit que ses donn\u00e9es pourront \u00eatre utilis\u00e9es aux fins susmentionn\u00e9es. De plus, avec ce consentement, boatrentalmallorca.net pourra publier les avis et images des utilisateurs concernant les bateaux.<\/p>\n\n\n\n<p>Pour effectuer une demande de location de bateau, il est n\u00e9cessaire de remplir un formulaire avec des donn\u00e9es personnelles. Ces informations sont indispensables au traitement de la demande, notamment \u00e0 l&#039;envoi d&#039;un courriel de confirmation de location.<\/p>\n\n\n\n<p>Pour finaliser la location, boatrentalmallorca.net transmet uniquement le nom et les coordonn\u00e9es de l&#039;utilisateur au propri\u00e9taire du bateau associ\u00e9 \u00e0 la demande.<\/p>\n\n\n\n<p>En cas de transfert de donn\u00e9es \u00e0 des responsables situ\u00e9s \u00e0 l&#039;\u00e9tranger (transfert international de donn\u00e9es), l&#039;utilisateur consent \u00e0 ce transfert aux responsables concern\u00e9s aux fins mentionn\u00e9es ci-dessus. Ces responsables peuvent \u00eatre situ\u00e9s partout dans le monde, y compris dans des pays dont le niveau de protection des donn\u00e9es n&#039;est pas \u00e9quivalent \u00e0 la l\u00e9gislation espagnole.<\/p>\n\n\n\n<p>Le consentement au traitement des donn\u00e9es reste valable jusqu&#039;\u00e0 ce que l&#039;utilisateur notifie par \u00e9crit \u00e0 boatrentalmallorca.net son retrait.<\/p>\n\n\n\n<h2 class=\"wp-block-heading\" id=\"h-your-responsibilities\">Vos responsabilit\u00e9s<\/h2>\n\n\n\n<p>L\u2019utilisation du site web Boatrentalmallorca.net implique l\u2019acceptation des conditions g\u00e9n\u00e9rales publi\u00e9es au moment de l\u2019inscription.<\/p>\n\n\n\n<p>Toutes les informations fournies par les clients sur Boatrentalmallorca.net doivent \u00eatre exactes et v\u00e9ridiques. Par cons\u00e9quent, chaque utilisateur s&#039;engage \u00e0 garantir l&#039;authenticit\u00e9 de ses donn\u00e9es. En cas d&#039;informations incorrectes, la location ne pourra \u00eatre finalis\u00e9e, les demandes ne pouvant \u00eatre trait\u00e9es avec des informations inexactes. Si une location a \u00e9t\u00e9 effectu\u00e9e sur la base de fausses informations, le client est en droit de le signaler dans son avis sur le bateau, ce qui peut, le cas \u00e9ch\u00e9ant, nuire \u00e0 la r\u00e9putation du propri\u00e9taire. De plus, le client peut contacter Boatrentalmallorca.net pour clarifier ses r\u00e9clamations et tenter de trouver une solution.<\/p>\n\n\n\n<p>Pour acc\u00e9der aux services propos\u00e9s sur le site Boatrentalmallorca.net et les utiliser, vous devez fournir vos donn\u00e9es personnelles lors de votre demande. Tous les champs marqu\u00e9s d&#039;un ast\u00e9risque (*) sont obligatoires. Si ces champs ne sont pas remplis, votre demande ne pourra pas \u00eatre trait\u00e9e et vous ne pourrez pas acc\u00e9der aux services ni les utiliser.<\/p>\n\n\n\n<p>Si vous louez un bateau n\u00e9cessitant un certificat valide pour naviguer et que vous n&#039;engagez pas de capitaine, vous devez fournir une preuve de vos comp\u00e9tences maritimes.<\/p>\n\n\n\n<p>Si vous ne souhaitez plus recevoir d&#039;informations, vous devez nous en faire la demande par \u00e9crit. D\u00e8s r\u00e9ception de votre demande, nous proc\u00e9derons \u00e0 votre d\u00e9sabonnement.<\/p>\n\n\n\n<h2 class=\"wp-block-heading\" id=\"h-responsibilities-of-boatrentalmallorca-net\">Responsabilit\u00e9s de Boatrentalmallorca.net<\/h2>\n\n\n\n<p>Boatrentalmallorca.net d\u00e9cline toute responsabilit\u00e9 quant \u00e0 l&#039;exactitude, la pr\u00e9cision, l&#039;exhaustivit\u00e9 et l&#039;actualit\u00e9 des informations fournies par le propri\u00e9taire du bateau. Nous ne sommes pas responsables des \u00e9ventuelles erreurs dans les informations et les services, et nous ne sommes pas tenus de v\u00e9rifier ou de contr\u00f4ler le contenu et les d\u00e9tails fournis.<\/p>\n\n\n\n<p>Boatrentalmallorca.net propose uniquement un service d&#039;information tel que pr\u00e9sent\u00e9 sur son site web. Boatrentalmallorca.net d\u00e9cline toute responsabilit\u00e9 en cas de dommages ou d\u00e9sagr\u00e9ments li\u00e9s \u00e0 la qualit\u00e9, au prix, au contenu ou \u00e0 la disponibilit\u00e9 des services que vous envisagez de louer ou que vous avez d\u00e9j\u00e0 lou\u00e9s.<\/p>\n\n\n\n<p>Boatrentalmallorca.net n&#039;exerce aucun contr\u00f4le sur le comportement des propri\u00e9taires de bateaux, des clients ou des autres utilisateurs du site web et d\u00e9cline toute responsabilit\u00e9 \u00e0 cet \u00e9gard.<\/p>\n\n\n\n<p>Boatrentalmallorca.net d\u00e9cline toute responsabilit\u00e9 en cas de probl\u00e8me rencontr\u00e9 par le client pendant la location. En cas de probl\u00e8me avec le bateau, de non-respect des conditions par le propri\u00e9taire ou de comportement inappropri\u00e9 de sa part, le client doit s&#039;adresser directement \u00e0 ce dernier, et non \u00e0 Boatrentalmallorca.net. Le client signe le contrat et accepte les conditions du propri\u00e9taire du bateau, et non les n\u00f4tres. Bien que le client paie directement via Boatrentalmallorca.net, nous ne sommes en aucun cas responsables, car nous agissons uniquement en tant qu&#039;interm\u00e9diaires.<\/p>\n\n\n\n<p>Boatrentalmallorca.net se r\u00e9serve le droit de modifier, de refuser ou de supprimer les avis. Boatrentalmallorca.net peut modifier la conception, le contenu et les services du site web \u00e0 tout moment et sans pr\u00e9avis.<\/p>\n\n\n\n<p>Le formulaire d&#039;\u00e9valuation est un sondage et ne contient aucune offre, promotion ou incitation.<\/p>\n\n\n\n<p>Le site Boatrentalmallorca.net permet aux utilisateurs de supprimer leurs informations de contact. Pour ce faire, ils doivent envoyer un courriel \u00e0 boatrentalsmallorca@gmail.com.<\/p>\n\n\n\n<p>Cette d\u00e9claration de confidentialit\u00e9 peut \u00eatre modifi\u00e9e \u00e0 tout moment.<\/p>\n\n\n\n<h2 class=\"wp-block-heading\" id=\"h-cookies\">Cookies<\/h2>\n\n\n\n<p>Nous utilisons des cookies, des outils de suivi des visiteurs et d&#039;autres technologies (comme Google Analytics) pour collecter des donn\u00e9es anonymes non personnelles.<\/p>\n\n\n\n<h3 class=\"wp-block-heading\" id=\"h-what-are-cookies\">Que sont les cookies ?<\/h3>\n\n\n\n<p>Les cookies sont de petits fichiers t\u00e9l\u00e9charg\u00e9s sur votre appareil lorsque vous consultez certaines pages web. Ils permettent aux sites web de stocker et de r\u00e9cup\u00e9rer des informations sur vos habitudes de navigation. Les cookies peuvent m\u00eame aider \u00e0 reconna\u00eetre les utilisateurs qui reviennent sur leur site.<\/p>\n\n\n\n<p>Les cookies ne stockent aucune donn\u00e9e personnelle et ne pr\u00e9sentent aucun danger pour votre appareil. La plupart des navigateurs suppriment les cookies \u00e0 la fin de la session (il s&#039;agit alors de cookies de session). Les cookies occupent un peu d&#039;espace m\u00e9moire, mais en quantit\u00e9 minime, et n&#039;affectent pas les performances de votre ordinateur.<\/p>\n\n\n\n<p>La plupart des navigateurs acceptent les cookies par d\u00e9faut, mais vous pouvez modifier vos param\u00e8tres pour les autoriser, les bloquer ou les supprimer \u00e0 votre guise.<\/p>\n\n\n\n<p>Sans votre consentement explicite (en activant les cookies dans les param\u00e8tres de votre navigateur), Boatrentalmallorca.net ne reliera aucune donn\u00e9e de cookie stock\u00e9e aux informations personnelles que vous fournissez lorsque vous soumettez une demande ou effectuez un achat.<\/p>\n\n\n\n<h2 class=\"wp-block-heading\" id=\"h-types-of-cookies-we-use\">Types de cookies que nous utilisons<\/h2>\n\n\n\n<h3 class=\"wp-block-heading\" id=\"h-essential-technical-cookies\">Cookies essentiels (techniques)<\/h3>\n\n\n\n<p>Ces cookies sont n\u00e9cessaires au fonctionnement du site\u00a0:<\/p>\n\n\n\n<ul class=\"wp-block-list\">\n<li>\u00c9change de trafic et de donn\u00e9es<\/li>\n\n\n\n<li>Session active<\/li>\n\n\n\n<li>Zones r\u00e9glement\u00e9es<\/li>\n\n\n\n<li>Panier<\/li>\n\n\n\n<li>Achat<\/li>\n\n\n\n<li>S\u00e9curit\u00e9<\/li>\n\n\n\n<li>Multim\u00e9dia<\/li>\n\n\n\n<li>Partage sur les r\u00e9seaux sociaux<\/li>\n<\/ul>\n\n\n\n<h3 class=\"wp-block-heading\" id=\"h-personalization-cookies\">Cookies de personnalisation<\/h3>\n\n\n\n<p>Ces cookies vous permettent de vous connecter avec vos param\u00e8tres pr\u00e9f\u00e9r\u00e9s\u00a0:<\/p>\n\n\n\n<ul class=\"wp-block-list\">\n<li>Langue<\/li>\n\n\n\n<li>Navigateur<\/li>\n\n\n\n<li>R\u00e9gion<\/li>\n<\/ul>\n\n\n\n<h3 class=\"wp-block-heading\" id=\"h-analytical-cookies\">Cookies analytiques<\/h3>\n\n\n\n<p>Ces cookies nous permettent de suivre le trafic et les comportements afin d&#039;am\u00e9liorer nos services. En analysant votre navigation, nous pouvons vous proposer des produits et services plus adapt\u00e9s.<\/p>\n\n\n\n<h3 class=\"wp-block-heading\" id=\"h-third-party-cookies\">Cookies tiers<\/h3>\n\n\n\n<p>Boatrentalmallorca.net peut utiliser des services tiers pour collecter des statistiques et fournir des fonctionnalit\u00e9s suppl\u00e9mentaires.<\/p>\n\n\n\n<p>Par exemple, ce site utilise <strong>Google Analytics<\/strong>Google Analytics est un service d&#039;analyse web fourni par Google Inc., dont le si\u00e8ge social est situ\u00e9 aux \u00c9tats-Unis (1600 Amphitheatre Parkway, Mountain View, Californie 94043). Google Analytics utilise des cookies pour collecter des donn\u00e9es anonymes, notamment votre adresse IP, qui peuvent \u00eatre transf\u00e9r\u00e9es, trait\u00e9es et stock\u00e9es par Google. Ces informations peuvent \u00e9galement \u00eatre partag\u00e9es avec des tiers afin de se conformer aux obligations l\u00e9gales ou lorsque le traitement des donn\u00e9es est effectu\u00e9 pour le compte de Google.<\/p>\n\n\n\n<h2 class=\"wp-block-heading\" id=\"h-managing-cookies\">Gestion des cookies<\/h2>\n\n\n\n<p>En utilisant ce site, vous acceptez la collecte et le traitement de vos donn\u00e9es tels que d\u00e9crits ci-dessus. Vous pouvez toutefois vous opposer \u00e0 la collecte de donn\u00e9es en modifiant les param\u00e8tres de votre navigateur afin de bloquer ou de supprimer les cookies. Veuillez noter que la d\u00e9sactivation des cookies peut affecter certaines fonctionnalit\u00e9s du site.<\/p>\n\n\n\n<p>Vous pouvez g\u00e9rer les cookies dans les param\u00e8tres de votre navigateur\u00a0:<\/p>\n\n\n\n<ul class=\"wp-block-list\">\n<li>Google Chrome<\/li>\n\n\n\n<li>Internet Explorer<\/li>\n\n\n\n<li>Mozilla Firefox<\/li>\n\n\n\n<li>Safari<\/li>\n<\/ul>\n\n\n\n<p>Si vous avez des questions concernant notre politique en mati\u00e8re de cookies, veuillez nous contacter \u00e0 l&#039;adresse boatrentalsmallorca@gmail.com.<\/p>\n\n\n\n<h2 class=\"wp-block-heading\" id=\"h-marketing\">Commercialisation<\/h2>\n\n\n\n<p>Apr\u00e8s avoir soumis une demande de location sur Boatrentalmallorca.net, vous recevrez un e-mail ou un message via l&#039;une des applications de messagerie contenant tous les d\u00e9tails de votre demande.<\/p>\n\n\n\n<p>Une fois votre location termin\u00e9e, nous vous enverrons un courriel vous invitant \u00e0 remplir un formulaire de satisfaction. Vos commentaires nous permettent d&#039;am\u00e9liorer les informations concernant le bateau et le service en g\u00e9n\u00e9ral sur notre site web.<\/p>\n\n\n\n<p>Nous pourrons \u00e9galement vous contacter de temps \u00e0 autre par courriel pour vous informer des nouvelles opportunit\u00e9s, des offres sp\u00e9ciales et des mises \u00e0 jour.<\/p>\n\n\n\n<h2 class=\"wp-block-heading\" id=\"h-contact-information\">Coordonn\u00e9es<\/h2>\n\n\n\n<p>Si vous avez des suggestions ou des commentaires concernant notre politique de confidentialit\u00e9, veuillez envoyer un courriel \u00e0 <a href=\"mailto:boatrentalsmallorca@gmail.com\">boatrentalsmallorca@gmail.com<\/a>.<\/p>","protected":false},"excerpt":{"rendered":"<p>We value your trust in our online platform, boatrentalmallorca.net, for booking boat trips in Mallorca. That is why we always protect the confidentiality and privacy of your personal data. Personal Data Protection Policy The strict security procedures of boatrentalmallorca.net are aimed at preventing the misuse and unauthorized access to personal data. Boatrentalmallorca.net maintains a personal [&hellip;]<\/p>\n","protected":false},"author":2,"featured_media":0,"parent":0,"menu_order":0,"comment_status":"closed","ping_status":"closed","template":"","meta":{"_acf_changed":false,"footnotes":""},"class_list":["post-3215","page","type-page","status-publish","hentry"],"acf":[],"yoast_head":"<!-- This site is optimized with the Yoast SEO Premium plugin v24.3 (Yoast SEO v24.3) - https:\/\/yoast.com\/wordpress\/plugins\/seo\/ -->\n<title>Privacy Policy - Boat Rental Mallorca<\/title>\n<meta name=\"description\" content=\"Privacy Policy: We collect anonymous data, use cookies, and protect your info. Users can manage data and contact us for deletion requests.\" \/>\n<meta name=\"robots\" content=\"index, follow, max-snippet:-1, max-image-preview:large, max-video-preview:-1\" \/>\n<link rel=\"canonical\" href=\"https:\/\/boatrentalmallorca.net\/fr\/privacy-policy\/\" \/>\n<meta property=\"og:locale\" content=\"fr_FR\" \/>\n<meta property=\"og:type\" content=\"article\" \/>\n<meta property=\"og:title\" content=\"Privacy Policy\" \/>\n<meta property=\"og:description\" content=\"Privacy Policy: We collect anonymous data, use cookies, and protect your info. Users can manage data and contact us for deletion requests.\" \/>\n<meta property=\"og:url\" content=\"https:\/\/boatrentalmallorca.net\/fr\/privacy-policy\/\" \/>\n<meta property=\"og:site_name\" content=\"Boat Rental Mallorca\" \/>\n<meta property=\"article:modified_time\" content=\"2025-01-29T17:01:23+00:00\" \/>\n<meta name=\"twitter:card\" content=\"summary_large_image\" \/>\n<meta name=\"twitter:label1\" content=\"Dur\u00e9e de lecture estim\u00e9e\" \/>\n\t<meta name=\"twitter:data1\" content=\"6 minutes\" \/>\n<script type=\"application\/ld+json\" class=\"yoast-schema-graph\">{\"@context\":\"https:\/\/schema.org\",\"@graph\":[{\"@type\":\"WebPage\",\"@id\":\"https:\/\/boatrentalmallorca.net\/privacy-policy\/\",\"url\":\"https:\/\/boatrentalmallorca.net\/privacy-policy\/\",\"name\":\"Privacy Policy - Boat Rental Mallorca\",\"isPartOf\":{\"@id\":\"https:\/\/boatrentalmallorca.net\/#website\"},\"datePublished\":\"2025-01-29T16:51:52+00:00\",\"dateModified\":\"2025-01-29T17:01:23+00:00\",\"description\":\"Privacy Policy: We collect anonymous data, use cookies, and protect your info. Users can manage data and contact us for deletion requests.\",\"breadcrumb\":{\"@id\":\"https:\/\/boatrentalmallorca.net\/privacy-policy\/#breadcrumb\"},\"inLanguage\":\"fr-FR\",\"potentialAction\":[{\"@type\":\"ReadAction\",\"target\":[\"https:\/\/boatrentalmallorca.net\/privacy-policy\/\"]}]},{\"@type\":\"BreadcrumbList\",\"@id\":\"https:\/\/boatrentalmallorca.net\/privacy-policy\/#breadcrumb\",\"itemListElement\":[{\"@type\":\"ListItem\",\"position\":1,\"name\":\"Home\",\"item\":\"https:\/\/boatrentalmallorca.net\/\"},{\"@type\":\"ListItem\",\"position\":2,\"name\":\"Privacy Policy\"}]},{\"@type\":\"WebSite\",\"@id\":\"https:\/\/boatrentalmallorca.net\/#website\",\"url\":\"https:\/\/boatrentalmallorca.net\/\",\"name\":\"Boat Rental Mallorca\",\"description\":\"\",\"publisher\":{\"@id\":\"https:\/\/boatrentalmallorca.net\/#organization\"},\"potentialAction\":[{\"@type\":\"SearchAction\",\"target\":{\"@type\":\"EntryPoint\",\"urlTemplate\":\"https:\/\/boatrentalmallorca.net\/?s={search_term_string}\"},\"query-input\":{\"@type\":\"PropertyValueSpecification\",\"valueRequired\":true,\"valueName\":\"search_term_string\"}}],\"inLanguage\":\"fr-FR\"},{\"@type\":\"Organization\",\"@id\":\"https:\/\/boatrentalmallorca.net\/#organization\",\"name\":\"Boat Rental Mallorca\",\"url\":\"https:\/\/boatrentalmallorca.net\/\",\"logo\":{\"@type\":\"ImageObject\",\"inLanguage\":\"fr-FR\",\"@id\":\"https:\/\/boatrentalmallorca.net\/#\/schema\/logo\/image\/\",\"url\":\"https:\/\/boatrentalmallorca.net\/wp-content\/uploads\/2025\/02\/Logo-Boat-Rental-Mallorca.jpg\",\"contentUrl\":\"https:\/\/boatrentalmallorca.net\/wp-content\/uploads\/2025\/02\/Logo-Boat-Rental-Mallorca.jpg\",\"width\":996,\"height\":1068,\"caption\":\"Boat Rental Mallorca\"},\"image\":{\"@id\":\"https:\/\/boatrentalmallorca.net\/#\/schema\/logo\/image\/\"},\"description\":\"Boat Rental Mallorca is a local company offering yacht and boat rentals in Mallorca for sunset cruises, half-day, or full-day trips, with or without a captain. Prices start from \u20ac150 per hour. Boats are available for all types of private and corporate events.\",\"email\":\"boatrentalsmallorca@gmail.com\",\"telephone\":\"+34622937315\",\"numberOfEmployees\":{\"@type\":\"QuantitativeValue\",\"minValue\":\"1\",\"maxValue\":\"10\"}}]}<\/script>\n<!-- \/ Yoast SEO Premium plugin. -->","yoast_head_json":{"title":"Politique de confidentialit\u00e9 - Location de bateaux \u00e0 Majorque","description":"Politique de confidentialit\u00e9\u00a0: Nous collectons des donn\u00e9es anonymes, utilisons des cookies et prot\u00e9geons vos informations. Vous pouvez g\u00e9rer vos donn\u00e9es et nous contacter pour toute demande de suppression.","robots":{"index":"index","follow":"follow","max-snippet":"max-snippet:-1","max-image-preview":"max-image-preview:large","max-video-preview":"max-video-preview:-1"},"canonical":"https:\/\/boatrentalmallorca.net\/fr\/privacy-policy\/","og_locale":"fr_FR","og_type":"article","og_title":"Privacy Policy","og_description":"Privacy Policy: We collect anonymous data, use cookies, and protect your info. Users can manage data and contact us for deletion requests.","og_url":"https:\/\/boatrentalmallorca.net\/fr\/privacy-policy\/","og_site_name":"Boat Rental Mallorca","article_modified_time":"2025-01-29T17:01:23+00:00","twitter_card":"summary_large_image","twitter_misc":{"Dur\u00e9e de lecture estim\u00e9e":"6 minutes"},"schema":{"@context":"https:\/\/schema.org","@graph":[{"@type":"WebPage","@id":"https:\/\/boatrentalmallorca.net\/privacy-policy\/","url":"https:\/\/boatrentalmallorca.net\/privacy-policy\/","name":"Politique de confidentialit\u00e9 - Location de bateaux \u00e0 Majorque","isPartOf":{"@id":"https:\/\/boatrentalmallorca.net\/#website"},"datePublished":"2025-01-29T16:51:52+00:00","dateModified":"2025-01-29T17:01:23+00:00","description":"Politique de confidentialit\u00e9\u00a0: Nous collectons des donn\u00e9es anonymes, utilisons des cookies et prot\u00e9geons vos informations. Vous pouvez g\u00e9rer vos donn\u00e9es et nous contacter pour toute demande de suppression.","breadcrumb":{"@id":"https:\/\/boatrentalmallorca.net\/privacy-policy\/#breadcrumb"},"inLanguage":"fr-FR","potentialAction":[{"@type":"ReadAction","target":["https:\/\/boatrentalmallorca.net\/privacy-policy\/"]}]},{"@type":"BreadcrumbList","@id":"https:\/\/boatrentalmallorca.net\/privacy-policy\/#breadcrumb","itemListElement":[{"@type":"ListItem","position":1,"name":"Home","item":"https:\/\/boatrentalmallorca.net\/"},{"@type":"ListItem","position":2,"name":"Privacy Policy"}]},{"@type":"WebSite","@id":"https:\/\/boatrentalmallorca.net\/#website","url":"https:\/\/boatrentalmallorca.net\/","name":"Location de bateaux \u00e0 Majorque","description":"","publisher":{"@id":"https:\/\/boatrentalmallorca.net\/#organization"},"potentialAction":[{"@type":"SearchAction","target":{"@type":"EntryPoint","urlTemplate":"https:\/\/boatrentalmallorca.net\/?s={search_term_string}"},"query-input":{"@type":"PropertyValueSpecification","valueRequired":true,"valueName":"search_term_string"}}],"inLanguage":"fr-FR"},{"@type":"Organization","@id":"https:\/\/boatrentalmallorca.net\/#organization","name":"Location de bateaux \u00e0 Majorque","url":"https:\/\/boatrentalmallorca.net\/","logo":{"@type":"ImageObject","inLanguage":"fr-FR","@id":"https:\/\/boatrentalmallorca.net\/#\/schema\/logo\/image\/","url":"https:\/\/boatrentalmallorca.net\/wp-content\/uploads\/2025\/02\/Logo-Boat-Rental-Mallorca.jpg","contentUrl":"https:\/\/boatrentalmallorca.net\/wp-content\/uploads\/2025\/02\/Logo-Boat-Rental-Mallorca.jpg","width":996,"height":1068,"caption":"Boat Rental Mallorca"},"image":{"@id":"https:\/\/boatrentalmallorca.net\/#\/schema\/logo\/image\/"},"description":"Boat Rental Mallorca est une entreprise locale proposant la location de yachts et de bateaux \u00e0 Majorque pour des croisi\u00e8res au coucher du soleil, des excursions \u00e0 la demi-journ\u00e9e ou \u00e0 la journ\u00e9e, avec ou sans capitaine. Les prix commencent \u00e0 150 \u20ac de l&#039;heure. Les bateaux sont disponibles pour tous types d&#039;\u00e9v\u00e9nements priv\u00e9s et professionnels.","email":"boatrentalsmallorca@gmail.com","telephone":"+34622937315","numberOfEmployees":{"@type":"QuantitativeValue","minValue":"1","maxValue":"10"}}]}},"_links":{"self":[{"href":"https:\/\/boatrentalmallorca.net\/fr\/wp-json\/wp\/v2\/pages\/3215","targetHints":{"allow":["GET"]}}],"collection":[{"href":"https:\/\/boatrentalmallorca.net\/fr\/wp-json\/wp\/v2\/pages"}],"about":[{"href":"https:\/\/boatrentalmallorca.net\/fr\/wp-json\/wp\/v2\/types\/page"}],"author":[{"embeddable":true,"href":"https:\/\/boatrentalmallorca.net\/fr\/wp-json\/wp\/v2\/users\/2"}],"replies":[{"embeddable":true,"href":"https:\/\/boatrentalmallorca.net\/fr\/wp-json\/wp\/v2\/comments?post=3215"}],"version-history":[{"count":3,"href":"https:\/\/boatrentalmallorca.net\/fr\/wp-json\/wp\/v2\/pages\/3215\/revisions"}],"predecessor-version":[{"id":3226,"href":"https:\/\/boatrentalmallorca.net\/fr\/wp-json\/wp\/v2\/pages\/3215\/revisions\/3226"}],"wp:attachment":[{"href":"https:\/\/boatrentalmallorca.net\/fr\/wp-json\/wp\/v2\/media?parent=3215"}],"curies":[{"name":"wp","href":"https:\/\/api.w.org\/{rel}","templated":true}]}}