{"id":3200,"date":"2025-01-28T16:23:31","date_gmt":"2025-01-28T16:23:31","guid":{"rendered":"https:\/\/boatrentalmallorca.net\/?page_id=3200"},"modified":"2025-01-28T16:33:38","modified_gmt":"2025-01-28T16:33:38","slug":"general-terms-of-contract","status":"publish","type":"page","link":"https:\/\/boatrentalmallorca.net\/fr\/general-terms-of-contract\/","title":{"rendered":"Conditions g\u00e9n\u00e9rales du contrat"},"content":{"rendered":"<p>Les pr\u00e9sentes conditions g\u00e9n\u00e9rales r\u00e9gissent les relations entre boatrentalmallorca.net et les utilisateurs concluant un contrat de prestation de services ou d&#039;achat de biens propos\u00e9s sur ce site web.<\/p>\n\n\n\n<p>Les pr\u00e9sentes conditions g\u00e9n\u00e9rales sont r\u00e9dig\u00e9es conform\u00e9ment aux dispositions de la loi 34\/2002 relative aux services de la soci\u00e9t\u00e9 de l&#039;information et au commerce \u00e9lectronique, de la loi 7\/1998 relative aux conditions g\u00e9n\u00e9rales des contrats, du d\u00e9cret royal 1906\/1999 qui r\u00e9glemente les contrats t\u00e9l\u00e9phoniques et \u00e9lectroniques et \u00e9tablit les conditions g\u00e9n\u00e9rales conform\u00e9ment \u00e0 l&#039;article 5.3 de la loi 7\/1998, du d\u00e9cret royal l\u00e9gislatif 1\/2007 du 16 novembre qui approuve le texte consolid\u00e9 de la loi g\u00e9n\u00e9rale pour la protection des consommateurs et des utilisateurs, ainsi que d&#039;autres r\u00e9glementations pertinentes, notamment la loi 7\/1996 relative au commerce de d\u00e9tail et le d\u00e9cret-loi royal 14\/1999 relatif aux signatures \u00e9lectroniques.<\/p>\n\n\n\n<h2 class=\"wp-block-heading\" id=\"h-1-general-characteristics-of-services\">1. Caract\u00e9ristiques g\u00e9n\u00e9rales des services<\/h2>\n\n\n\n<p>1.1. Boatrentalmallorca.net est une agence de location de bateaux qui agit comme interm\u00e9diaire entre les soci\u00e9t\u00e9s de location et les locataires ou clients.<br><br>1.2. Ce site web a pour but d&#039;informer les utilisateurs sur les produits et services propos\u00e9s par boatrentalmallorca.net. Toutes les d\u00e9marches ult\u00e9rieures et la finalisation des contrats se font par courriel, t\u00e9l\u00e9phone ou messagerie instantan\u00e9e.<\/p>\n\n\n\n<h2 class=\"wp-block-heading\" id=\"h-2-prices\">2. Prix<\/h2>\n\n\n\n<p>Les prix et les taxes applicables \u00e0 chaque service seront indiqu\u00e9s sur le site web et resteront valables tant qu&#039;ils seront disponibles pour l&#039;utilisateur.<\/p>\n\n\n\n<h2 class=\"wp-block-heading\" id=\"h-3-payment-methods\">3. Modes de paiement<\/h2>\n\n\n\n<p>L&#039;utilisateur peut effectuer des paiements par virement bancaire sur le compte fourni au moment du paiement, ainsi que par les moyens de paiement disponibles indiqu\u00e9s sur le site web ou par carte de cr\u00e9dit\/d\u00e9bit.<\/p>\n\n\n\n<h2 class=\"wp-block-heading\" id=\"h-4-deposit-security-deposit\">4. D\u00e9p\u00f4t (D\u00e9p\u00f4t de garantie)<\/h2>\n\n\n\n<p>4.1. Au moment de la signature des documents et de la r\u00e9ception du bateau, le client doit verser un d\u00e9p\u00f4t de garantie, qui couvre les \u00e9ventuelles casses, dommages, fissures, d\u00e9chirures ou autres d\u00e9fauts, et assure \u00e9galement la propret\u00e9 du navire et le respect du d\u00e9lai de retour convenu.<br><br>4.2. La caution peut \u00eatre pay\u00e9e par carte de cr\u00e9dit\/d\u00e9bit ou en esp\u00e8ces au port de d\u00e9part.<br><br>4.3. La caution sera rembours\u00e9e apr\u00e8s l&#039;inspection du bateau, \u00e0 condition qu&#039;il soit rendu dans un \u00e9tat acceptable.<\/p>\n\n\n\n<h2 class=\"wp-block-heading\" id=\"h-5-handover-of-the-boat-to-the-client\">5. Remise du bateau au client<\/h2>\n\n\n\n<p>5.1. Avant de prendre possession du navire, le client a le droit de l&#039;inspecter en compagnie d&#039;un repr\u00e9sentant de la base afin de s&#039;assurer du bon \u00e9tat de fonctionnement du bateau et de ses \u00e9quipements. D\u00e8s l&#039;acceptation du bateau et le d\u00e9but de la location, le client reconna\u00eet que le navire est en bon \u00e9tat.<br><br>5.2. Un bateau sans \u00e9quipage sera remis au client avec les r\u00e9servoirs d&#039;eau et de carburant pleins, une batterie charg\u00e9e et le niveau d&#039;huile moteur correct. Le bateau devra \u00eatre restitu\u00e9 dans le m\u00eame \u00e9tat. Les bateaux avec capitaine (ou \u00e9quipage) sont g\u00e9r\u00e9s directement par l&#039;\u00e9quipage, et les niveaux de carburant et d&#039;eau peuvent varier selon le bateau choisi.<br><br>5.3. Le bateau sera remis au locataire au port sp\u00e9cifi\u00e9 dans les conditions contractuelles individuelles.<br><br>5.4. Tout retard dans la r\u00e9ception du bateau d\u00fb \u00e0 la faute du client ne donne pas droit \u00e0 une prolongation de la p\u00e9riode de location.<br><br>5.5. En cas de retard d\u00fb aux conditions m\u00e9t\u00e9orologiques, aucun remboursement ni prolongation de location ne sera accord\u00e9.<\/p>\n\n\n\n<h2 class=\"wp-block-heading\" id=\"h-6-equivalent-vessel\">6. R\u00e9cipient \u00e9quivalent<\/h2>\n\n\n\n<p>La location de bateaux est effectu\u00e9e par cat\u00e9gorie. Si le bateau mentionn\u00e9 dans le contrat est indisponible en raison d&#039;un dommage ant\u00e9rieur ou d&#039;un accident, le propri\u00e9taire se r\u00e9serve le droit de fournir au client un bateau similaire.<\/p>\n\n\n\n<h2 class=\"wp-block-heading\" id=\"h-7-boat-return\">7. Retour en bateau<\/h2>\n\n\n\n<p>7.1. En cas de retour tardif, une p\u00e9nalit\u00e9 \u00e9quivalente au double du tarif de location journalier sera appliqu\u00e9e pour chaque jour de retard, ainsi que toutes les p\u00e9nalit\u00e9s suppl\u00e9mentaires que boatrentalmallorca.net pourrait encourir du fait de la remise tardive du bateau au locataire suivant. Les conditions m\u00e9t\u00e9orologiques ne constituent pas un motif de retour tardif.<br><br>7.2. Le navire doit \u00eatre retourn\u00e9 au m\u00eame port o\u00f9 il a \u00e9t\u00e9 remis au client et dans le d\u00e9lai sp\u00e9cifi\u00e9 dans le contrat, sauf accord contraire dans les conditions de location individuelles.<br><br>7.3. \u00c0 son retour, le bateau sera inspect\u00e9 afin de v\u00e9rifier son \u00e9quipement, de s&#039;assurer de l&#039;absence de dommages, de bris, de fissures ou de d\u00e9chirures, et de contr\u00f4ler sa propret\u00e9. Les niveaux de carburant et d&#039;eau devront \u00eatre enti\u00e8rement remplis. Tous les frais n\u00e9cessaires \u00e0 la remise en \u00e9tat du bateau seront d\u00e9duits de la caution.<\/p>\n\n\n\n<h2 class=\"wp-block-heading\" id=\"h-8-right-to-cancel-the-rental\">8. Droit d&#039;annuler la location<\/h2>\n\n\n\n<p>8.1. Les questions relatives \u00e0 l\u2019annulation de la location, y compris les d\u00e9lais, les p\u00e9nalit\u00e9s et les politiques de remboursement, sont r\u00e9gies par le contrat de location du propri\u00e9taire du bateau.<br><br>8.2. Si la clause 8.1 ne peut \u00eatre appliqu\u00e9e pour quelque raison que ce soit, les p\u00e9nalit\u00e9s d\u2019annulation sont les suivantes\u00a0:<br>a. Annulation 90 jours ou plus avant la date de d\u00e9but de la location \u2013 80% du co\u00fbt de la location sont retenus.<br>b. Annulation moins de 90 jours avant la date de d\u00e9but de la location \u2013 100% du co\u00fbt de la location sont retenus.<br><br>8.3. Si les clauses 8.1 et 8.2 ne peuvent \u00eatre appliqu\u00e9es, boatrentalmallorca.net fixe une p\u00e9nalit\u00e9 d&#039;annulation de 20% du co\u00fbt de la location du bateau, \u00e0 l&#039;exclusion des services suppl\u00e9mentaires et des obligations contractuelles restantes.<br><br>8.4. Les annulations de r\u00e9servation doivent \u00eatre effectu\u00e9es par \u00e9crit aupr\u00e8s du service client \u00e0 l&#039;adresse suivante : <a href=\"mailto:boatrentalsmallorca@gmail.com\">boatrentalsmallorca@gmail.com<\/a>.<\/p>\n\n\n\n<h2 class=\"wp-block-heading\" id=\"h-9-right-to-terminate-the-contract\">9. Droit de r\u00e9silier le contrat<\/h2>\n\n\n\n<p>9.1. Le non-respect des d\u00e9lais de paiement entra\u00eenera la r\u00e9siliation du contrat. Boatrentalmallorca.net informera le client de cette r\u00e9siliation par \u00e9crit ou verbalement, et aucun remboursement ne sera effectu\u00e9.<\/p>\n\n\n\n<p>9.2. L\u2019utilisation irresponsable du navire, la violation des conditions de location ou le non-respect des lois et r\u00e8glements applicables peuvent entra\u00eener la r\u00e9siliation automatique du contrat.<\/p>\n\n\n\n<h2 class=\"wp-block-heading\" id=\"h-10-rules-of-use\">10. R\u00e8gles d&#039;utilisation<\/h2>\n\n\n\n<p>10.1. Le client est tenu d\u2019utiliser le navire conform\u00e9ment aux lois applicables et est enti\u00e8rement responsable de toute violation qui pourrait survenir lors de l\u2019utilisation du bateau.<br><br>10.2. Le client doit fournir tous les documents et permis n\u00e9cessaires au propri\u00e9taire du bateau pour la prestation de service. Si le propri\u00e9taire du bateau estime que le client ne poss\u00e8de pas les comp\u00e9tences requises pour man\u0153uvrer le bateau, il peut d\u00e9signer un skipper professionnel. Les frais suppl\u00e9mentaires li\u00e9s \u00e0 ce service sont \u00e0 la charge du client, conform\u00e9ment aux tarifs en vigueur.<br><br>10.3. La zone de navigation autoris\u00e9e est pr\u00e9cis\u00e9e dans les conditions contractuelles et d\u00e9pend du permis du client. L\u2019utilisateur ne peut franchir les zones d\u00e9sign\u00e9es sans l\u2019autorisation \u00e9crite du propri\u00e9taire du bateau. Seule la personne nomm\u00e9e dans le contrat est autoris\u00e9e \u00e0 man\u0153uvrer le bateau.<br><br>10.4. Le client ne peut utiliser le navire qu&#039;\u00e0 des fins r\u00e9cr\u00e9atives personnelles avec les personnes mentionn\u00e9es dans le contrat. Le navire ne peut \u00eatre utilis\u00e9 \u00e0 des fins commerciales, pour des comp\u00e9titions ou en sous-location.<br><br>10.5. Il est strictement interdit de d\u00e9passer la capacit\u00e9 maximale de passagers du navire.<br><br>10.6. Les d\u00e9penses suppl\u00e9mentaires, telles que la nourriture, le carburant, l&#039;approvisionnement en eau, l&#039;amarrage en dehors du port d&#039;attache et tous les services non inclus dans le contrat de location (par exemple, skipper, chef cuisinier, assistant, pilote automatique, voiles Spinnaker ou Blister) ne sont pas incluses dans le prix de la location.<\/p>\n\n\n\n<ul class=\"wp-block-list\">\n<li>Les tarifs des services nautiques sont fix\u00e9s par le propri\u00e9taire du bateau, et boatrentalmallorca.net n&#039;est pas responsable de ces co\u00fbts.<\/li>\n\n\n\n<li>Il est fortement conseill\u00e9 au client de demander une liste de prix avant le voyage et de se familiariser avec les frais d&#039;amarrage, les taxes portuaires et locales, ainsi que les droits d&#039;entr\u00e9e dans les parcs nationaux.<\/li>\n\n\n\n<li>Boatrentalmallorca.net d\u00e9cline toute responsabilit\u00e9 en cas d&#039;incidents li\u00e9s \u00e0 ces d\u00e9penses.<\/li>\n<\/ul>\n\n\n\n<p>10.7. Le client est tenu d&#039;informer imm\u00e9diatement boatrentalmallorca.net de tout accident, dommage ou perte subi par le navire ou susceptible de se produire.<br><br>10.8. Le propri\u00e9taire du bateau n&#039;est pas responsable des dommages caus\u00e9s par le client \u00e0 des tiers ou \u00e0 des biens r\u00e9sultant de l&#039;utilisation du bateau.<br><br>10.9. L&#039;itin\u00e9raire de navigation est d\u00e9termin\u00e9 par le client en coop\u00e9ration avec le skipper ou le repr\u00e9sentant du propri\u00e9taire du bateau.<\/p>\n\n\n\n<ul class=\"wp-block-list\">\n<li>L&#039;itin\u00e9raire peut \u00eatre modifi\u00e9 en fonction des conditions m\u00e9t\u00e9orologiques.<\/li>\n\n\n\n<li>Dans de tels cas, le client ne peut pr\u00e9tendre \u00e0 aucune indemnisation ni d\u00e9poser de plainte.<\/li>\n<\/ul>\n\n\n\n<p>10.10. En payant la location, le client accepte sans r\u00e9serve toutes les pr\u00e9sentes conditions d&#039;utilisation et reconna\u00eet que le non-respect de ces conditions peut entra\u00eener l&#039;obligation d&#039;indemniser les pertes subies, ainsi que la r\u00e9siliation du contrat sans remboursement.<\/p>\n\n\n\n<h2 class=\"wp-block-heading\" id=\"h-11-complaints\">11. R\u00e9clamations<\/h2>\n\n\n\n<p>11.1. Les r\u00e9clamations doivent \u00eatre formul\u00e9es par \u00e9crit pendant la p\u00e9riode de location du bateau ou au moment de sa restitution, au moyen du formulaire de r\u00e9clamation pr\u00e9vu \u00e0 cet effet et fourni directement par le propri\u00e9taire du bateau. La r\u00e9clamation doit \u00eatre sign\u00e9e par le client et par un repr\u00e9sentant du propri\u00e9taire du bateau.<\/p>\n\n\n\n<ul class=\"wp-block-list\">\n<li>Une copie de la plainte doit \u00eatre envoy\u00e9e \u00e0 boatrentalmallorca.net par courriel \u00e0 <a href=\"mailto:boatrentalsmallorca@gmail.com\">boatrentalsmallorca@gmail.com<\/a> au plus tard 2 jours apr\u00e8s la fin de la p\u00e9riode de location.<\/li>\n<\/ul>\n\n\n\n<h2 class=\"wp-block-heading\" id=\"h-12-jurisdiction-and-applicable-law\">12. Juridiction et droit applicable<\/h2>\n\n\n\n<p>Tout litige relatif \u00e0 l&#039;interpr\u00e9tation ou \u00e0 l&#039;ex\u00e9cution du pr\u00e9sent contrat rel\u00e8ve de la comp\u00e9tence des autorit\u00e9s maritimes et, le cas \u00e9ch\u00e9ant, des tribunaux espagnols.<br>Le pr\u00e9sent contrat est r\u00e9gi par le droit espagnol.<\/p>","protected":false},"excerpt":{"rendered":"<p>These General Terms and Conditions regulate the relationship between boatrentalmallorca.net and users entering into a contract for the provision of services or the purchase of goods offered on this website. These General Terms and Conditions are drafted in accordance with the provisions of Law 34\/2002 on Information Society Services and Electronic Commerce, Law 7\/1998 on [&hellip;]<\/p>","protected":false},"author":2,"featured_media":0,"parent":0,"menu_order":0,"comment_status":"closed","ping_status":"closed","template":"","meta":{"_acf_changed":false,"footnotes":""},"class_list":["post-3200","page","type-page","status-publish","hentry"],"acf":[],"yoast_head":"<!-- This site is optimized with the Yoast SEO Premium plugin v24.3 (Yoast SEO v24.3) - https:\/\/yoast.com\/wordpress\/plugins\/seo\/ -->\n<title>General Terms of Contract - Boat Rental Mallorca<\/title>\n<meta name=\"description\" content=\"General Terms of Contract for boatrentalmallorca.net: Rules, pricing, payments, security deposits, cancellations, and boat rental conditions.\" \/>\n<meta name=\"robots\" content=\"index, follow, max-snippet:-1, max-image-preview:large, max-video-preview:-1\" \/>\n<link rel=\"canonical\" href=\"https:\/\/boatrentalmallorca.net\/fr\/general-terms-of-contract\/\" \/>\n<meta property=\"og:locale\" content=\"fr_FR\" \/>\n<meta property=\"og:type\" content=\"article\" \/>\n<meta property=\"og:title\" content=\"General Terms of Contract\" \/>\n<meta property=\"og:description\" content=\"General Terms of Contract for boatrentalmallorca.net: Rules, pricing, payments, security deposits, cancellations, and boat rental conditions.\" \/>\n<meta property=\"og:url\" content=\"https:\/\/boatrentalmallorca.net\/fr\/general-terms-of-contract\/\" \/>\n<meta property=\"og:site_name\" content=\"Boat Rental Mallorca\" \/>\n<meta property=\"article:modified_time\" content=\"2025-01-28T16:33:38+00:00\" \/>\n<meta name=\"twitter:card\" content=\"summary_large_image\" \/>\n<meta name=\"twitter:label1\" content=\"Dur\u00e9e de lecture estim\u00e9e\" \/>\n\t<meta name=\"twitter:data1\" content=\"7 minutes\" \/>\n<script type=\"application\/ld+json\" class=\"yoast-schema-graph\">{\"@context\":\"https:\/\/schema.org\",\"@graph\":[{\"@type\":\"WebPage\",\"@id\":\"https:\/\/boatrentalmallorca.net\/general-terms-of-contract\/\",\"url\":\"https:\/\/boatrentalmallorca.net\/general-terms-of-contract\/\",\"name\":\"General Terms of Contract - Boat Rental Mallorca\",\"isPartOf\":{\"@id\":\"https:\/\/boatrentalmallorca.net\/#website\"},\"datePublished\":\"2025-01-28T16:23:31+00:00\",\"dateModified\":\"2025-01-28T16:33:38+00:00\",\"description\":\"General Terms of Contract for boatrentalmallorca.net: Rules, pricing, payments, security deposits, cancellations, and boat rental conditions.\",\"breadcrumb\":{\"@id\":\"https:\/\/boatrentalmallorca.net\/general-terms-of-contract\/#breadcrumb\"},\"inLanguage\":\"fr-FR\",\"potentialAction\":[{\"@type\":\"ReadAction\",\"target\":[\"https:\/\/boatrentalmallorca.net\/general-terms-of-contract\/\"]}]},{\"@type\":\"BreadcrumbList\",\"@id\":\"https:\/\/boatrentalmallorca.net\/general-terms-of-contract\/#breadcrumb\",\"itemListElement\":[{\"@type\":\"ListItem\",\"position\":1,\"name\":\"Home\",\"item\":\"https:\/\/boatrentalmallorca.net\/\"},{\"@type\":\"ListItem\",\"position\":2,\"name\":\"General Terms of Contract\"}]},{\"@type\":\"WebSite\",\"@id\":\"https:\/\/boatrentalmallorca.net\/#website\",\"url\":\"https:\/\/boatrentalmallorca.net\/\",\"name\":\"Boat Rental Mallorca\",\"description\":\"\",\"publisher\":{\"@id\":\"https:\/\/boatrentalmallorca.net\/#organization\"},\"potentialAction\":[{\"@type\":\"SearchAction\",\"target\":{\"@type\":\"EntryPoint\",\"urlTemplate\":\"https:\/\/boatrentalmallorca.net\/?s={search_term_string}\"},\"query-input\":{\"@type\":\"PropertyValueSpecification\",\"valueRequired\":true,\"valueName\":\"search_term_string\"}}],\"inLanguage\":\"fr-FR\"},{\"@type\":\"Organization\",\"@id\":\"https:\/\/boatrentalmallorca.net\/#organization\",\"name\":\"Boat Rental Mallorca\",\"url\":\"https:\/\/boatrentalmallorca.net\/\",\"logo\":{\"@type\":\"ImageObject\",\"inLanguage\":\"fr-FR\",\"@id\":\"https:\/\/boatrentalmallorca.net\/#\/schema\/logo\/image\/\",\"url\":\"https:\/\/boatrentalmallorca.net\/wp-content\/uploads\/2025\/02\/Logo-Boat-Rental-Mallorca.jpg\",\"contentUrl\":\"https:\/\/boatrentalmallorca.net\/wp-content\/uploads\/2025\/02\/Logo-Boat-Rental-Mallorca.jpg\",\"width\":996,\"height\":1068,\"caption\":\"Boat Rental Mallorca\"},\"image\":{\"@id\":\"https:\/\/boatrentalmallorca.net\/#\/schema\/logo\/image\/\"},\"description\":\"Boat Rental Mallorca is a local company offering yacht and boat rentals in Mallorca for sunset cruises, half-day, or full-day trips, with or without a captain. Prices start from \u20ac150 per hour. Boats are available for all types of private and corporate events.\",\"email\":\"boatrentalsmallorca@gmail.com\",\"telephone\":\"+34622937315\",\"numberOfEmployees\":{\"@type\":\"QuantitativeValue\",\"minValue\":\"1\",\"maxValue\":\"10\"}}]}<\/script>\n<!-- \/ Yoast SEO Premium plugin. -->","yoast_head_json":{"title":"General Terms of Contract - Boat Rental Mallorca","description":"General Terms of Contract for boatrentalmallorca.net: Rules, pricing, payments, security deposits, cancellations, and boat rental conditions.","robots":{"index":"index","follow":"follow","max-snippet":"max-snippet:-1","max-image-preview":"max-image-preview:large","max-video-preview":"max-video-preview:-1"},"canonical":"https:\/\/boatrentalmallorca.net\/fr\/general-terms-of-contract\/","og_locale":"fr_FR","og_type":"article","og_title":"General Terms of Contract","og_description":"General Terms of Contract for boatrentalmallorca.net: Rules, pricing, payments, security deposits, cancellations, and boat rental conditions.","og_url":"https:\/\/boatrentalmallorca.net\/fr\/general-terms-of-contract\/","og_site_name":"Boat Rental Mallorca","article_modified_time":"2025-01-28T16:33:38+00:00","twitter_card":"summary_large_image","twitter_misc":{"Dur\u00e9e de lecture estim\u00e9e":"7 minutes"},"schema":{"@context":"https:\/\/schema.org","@graph":[{"@type":"WebPage","@id":"https:\/\/boatrentalmallorca.net\/general-terms-of-contract\/","url":"https:\/\/boatrentalmallorca.net\/general-terms-of-contract\/","name":"General Terms of Contract - Boat Rental Mallorca","isPartOf":{"@id":"https:\/\/boatrentalmallorca.net\/#website"},"datePublished":"2025-01-28T16:23:31+00:00","dateModified":"2025-01-28T16:33:38+00:00","description":"General Terms of Contract for boatrentalmallorca.net: Rules, pricing, payments, security deposits, cancellations, and boat rental conditions.","breadcrumb":{"@id":"https:\/\/boatrentalmallorca.net\/general-terms-of-contract\/#breadcrumb"},"inLanguage":"fr-FR","potentialAction":[{"@type":"ReadAction","target":["https:\/\/boatrentalmallorca.net\/general-terms-of-contract\/"]}]},{"@type":"BreadcrumbList","@id":"https:\/\/boatrentalmallorca.net\/general-terms-of-contract\/#breadcrumb","itemListElement":[{"@type":"ListItem","position":1,"name":"Home","item":"https:\/\/boatrentalmallorca.net\/"},{"@type":"ListItem","position":2,"name":"General Terms of Contract"}]},{"@type":"WebSite","@id":"https:\/\/boatrentalmallorca.net\/#website","url":"https:\/\/boatrentalmallorca.net\/","name":"Boat Rental Mallorca","description":"","publisher":{"@id":"https:\/\/boatrentalmallorca.net\/#organization"},"potentialAction":[{"@type":"SearchAction","target":{"@type":"EntryPoint","urlTemplate":"https:\/\/boatrentalmallorca.net\/?s={search_term_string}"},"query-input":{"@type":"PropertyValueSpecification","valueRequired":true,"valueName":"search_term_string"}}],"inLanguage":"fr-FR"},{"@type":"Organization","@id":"https:\/\/boatrentalmallorca.net\/#organization","name":"Boat Rental Mallorca","url":"https:\/\/boatrentalmallorca.net\/","logo":{"@type":"ImageObject","inLanguage":"fr-FR","@id":"https:\/\/boatrentalmallorca.net\/#\/schema\/logo\/image\/","url":"https:\/\/boatrentalmallorca.net\/wp-content\/uploads\/2025\/02\/Logo-Boat-Rental-Mallorca.jpg","contentUrl":"https:\/\/boatrentalmallorca.net\/wp-content\/uploads\/2025\/02\/Logo-Boat-Rental-Mallorca.jpg","width":996,"height":1068,"caption":"Boat Rental Mallorca"},"image":{"@id":"https:\/\/boatrentalmallorca.net\/#\/schema\/logo\/image\/"},"description":"Boat Rental Mallorca is a local company offering yacht and boat rentals in Mallorca for sunset cruises, half-day, or full-day trips, with or without a captain. Prices start from \u20ac150 per hour. Boats are available for all types of private and corporate events.","email":"boatrentalsmallorca@gmail.com","telephone":"+34622937315","numberOfEmployees":{"@type":"QuantitativeValue","minValue":"1","maxValue":"10"}}]}},"_links":{"self":[{"href":"https:\/\/boatrentalmallorca.net\/fr\/wp-json\/wp\/v2\/pages\/3200","targetHints":{"allow":["GET"]}}],"collection":[{"href":"https:\/\/boatrentalmallorca.net\/fr\/wp-json\/wp\/v2\/pages"}],"about":[{"href":"https:\/\/boatrentalmallorca.net\/fr\/wp-json\/wp\/v2\/types\/page"}],"author":[{"embeddable":true,"href":"https:\/\/boatrentalmallorca.net\/fr\/wp-json\/wp\/v2\/users\/2"}],"replies":[{"embeddable":true,"href":"https:\/\/boatrentalmallorca.net\/fr\/wp-json\/wp\/v2\/comments?post=3200"}],"version-history":[{"count":3,"href":"https:\/\/boatrentalmallorca.net\/fr\/wp-json\/wp\/v2\/pages\/3200\/revisions"}],"predecessor-version":[{"id":3213,"href":"https:\/\/boatrentalmallorca.net\/fr\/wp-json\/wp\/v2\/pages\/3200\/revisions\/3213"}],"wp:attachment":[{"href":"https:\/\/boatrentalmallorca.net\/fr\/wp-json\/wp\/v2\/media?parent=3200"}],"curies":[{"name":"wp","href":"https:\/\/api.w.org\/{rel}","templated":true}]}}