{"id":3191,"date":"2025-01-28T13:28:41","date_gmt":"2025-01-28T13:28:41","guid":{"rendered":"https:\/\/boatrentalmallorca.net\/?page_id=3191"},"modified":"2025-01-28T13:31:33","modified_gmt":"2025-01-28T13:31:33","slug":"terms-and-conditions","status":"publish","type":"page","link":"https:\/\/boatrentalmallorca.net\/fr\/terms-and-conditions\/","title":{"rendered":"Termes et conditions"},"content":{"rendered":"<h2 class=\"wp-block-heading\" id=\"h-general-benefits-of-boatrentalmallorca-net\">Avantages g\u00e9n\u00e9raux de boatrentalmallorca.net<\/h2>\n\n\n\n<p>boatrentalmallorca.net est une plateforme en ligne permettant de louer des bateaux \u00e0 Majorque. Les propri\u00e9taires peuvent y proposer leurs embarcations \u00e0 la location, tandis que les clients peuvent rechercher le bateau id\u00e9al et envoyer une demande de location. Il n&#039;est pas n\u00e9cessaire de cr\u00e9er de compte sur boatrentalmallorca.net pour effectuer une demande\u00a0; vous pouvez le faire via le formulaire de contact, par e-mail, par messagerie instantan\u00e9e (WhatsApp, Viber, Telegram) ou tout simplement par t\u00e9l\u00e9phone.<\/p>\n\n\n\n<p>Vous pouvez utiliser ce site web pour obtenir des informations et d\u00e9couvrir la s\u00e9lection de bateaux disponibles \u00e0 la location \u00e0 Majorque.<\/p>\n\n\n\n<p>Le fournisseur du bateau sera d\u00e9sign\u00e9 ci-apr\u00e8s comme le \u00ab Propri\u00e9taire \u00bb, et la personne recherchant un bateau sera d\u00e9sign\u00e9e comme le \u00ab Client \u00bb. Le terme \u00ab Utilisateur \u00bb s&#039;applique aussi bien aux Propri\u00e9taires qu&#039;aux Clients.<\/p>\n\n\n\n<p>Il est clairement indiqu\u00e9 que boatrentalmallorca.net ne poss\u00e8de aucun bateau. L&#039;entreprise propose des services d&#039;information et de conseil et fonctionne comme une plateforme en ligne o\u00f9 les propri\u00e9taires de bateaux publient leurs annonces.<\/p>\n\n\n\n<p>Boatrentalmallorca.net s&#039;engage \u00e0 fournir des services de gestion de bateaux pratiques et efficaces. Les informations pr\u00e9sent\u00e9es sur la plateforme proviennent des donn\u00e9es fournies par les propri\u00e9taires. Bien que le service s&#039;efforce d&#039;assurer une pr\u00e9cision maximale, nous ne pouvons ni v\u00e9rifier ni garantir l&#039;exactitude, l&#039;exhaustivit\u00e9 ou la v\u00e9racit\u00e9 de toutes les informations. Par cons\u00e9quent, boatrentalmallorca.net d\u00e9cline toute responsabilit\u00e9 quant \u00e0 l&#039;\u00e9tat r\u00e9el des bateaux r\u00e9serv\u00e9s par les clients.<\/p>\n\n\n\n<p>Boatrentalmallorca.net offre \u00e0 tous les utilisateurs la possibilit\u00e9 d&#039;utiliser la plateforme en ligne en tant que propri\u00e9taires ou locataires. Cependant, la publication d&#039;une annonce pour un ou plusieurs bateaux n\u00e9cessite un num\u00e9ro de TVA intracommunautaire.<\/p>\n\n\n\n<p>Boatrentalmallorca.net permet aux propri\u00e9taires de bateaux de publier leur propre contenu, y compris des photos et du texte (comme des descriptions de bateaux, des images, des avis, etc.), mais pas directement ; cela se fait avec l&#039;aide de notre \u00e9quipe de plateforme.<\/p>\n\n\n\n<p>Par le biais de sa plateforme en ligne, boatrentalmallorca.net transmet les demandes de location des clients aux propri\u00e9taires de bateaux.<\/p>\n\n\n\n<p>Boatrentalmallorca.net ne met pas \u00e0 la disposition des utilisateurs un syst\u00e8me de messagerie interne au sein de la plateforme et ne permet pas aux clients et aux propri\u00e9taires de communiquer directement entre eux.<\/p>\n\n\n\n<p>Boatrentalmallorca.net offre aux propri\u00e9taires la possibilit\u00e9 de faire la publicit\u00e9 de leurs bateaux sur la plateforme avec des descriptions, des sp\u00e9cifications, des images et des d\u00e9tails sur les prix.<\/p>\n\n\n\n<p>Boatrentalmallorca.net offre aux clients une plateforme en ligne pour rechercher des bateaux de location.<\/p>\n\n\n\n<h2 class=\"wp-block-heading\" id=\"h-registration\">Inscription<\/h2>\n\n\n\n<p>L&#039;inscription sur boatrentalmallorca.net est gratuite. boatrentalmallorca.net ne demande aucun paiement pour publier des offres de location de bateaux.<\/p>\n\n\n\n<p>En vous inscrivant ou en utilisant nos services, vous acceptez les conditions d&#039;utilisation actuelles.<\/p>\n\n\n\n<p>Lors de l&#039;immatriculation, les propri\u00e9taires de bateaux sont tenus de fournir des informations exactes, \u00e0 jour et compl\u00e8tes concernant leurs embarcations. Ces donn\u00e9es doivent rester en permanence exactes et \u00e0 jour.<\/p>\n\n\n\n<p>Pour cr\u00e9er une annonce, il n&#039;est pas n\u00e9cessaire de cr\u00e9er de compte. Toutes les informations sont envoy\u00e9es par courriel \u00e0 notre responsable, qui se charge ensuite de publier l&#039;annonce sur notre plateforme en ligne.<\/p>\n\n\n\n<p>Les propri\u00e9taires de bateaux s&#039;engagent \u00e0 fournir des informations exactes, \u00e0 jour et compl\u00e8tes concernant leurs embarcations et \u00e0 les mettre \u00e0 jour si n\u00e9cessaire en envoyant les informations actualis\u00e9es par courriel afin d&#039;en garantir l&#039;exactitude. boatrentalmallorca.net se r\u00e9serve le droit de suspendre ou de mettre fin \u00e0 sa collaboration avec un propri\u00e9taire de bateau si les informations fournies s&#039;av\u00e8rent inexactes, obsol\u00e8tes ou incompl\u00e8tes.<\/p>\n\n\n\n<p>Pour figurer sur le site web, chaque bateau doit avoir une adresse physique valide. Les annonces sont ensuite publi\u00e9es et les clients peuvent r\u00e9server un bateau de location directement sur la page web en fonction des informations fournies.<\/p>\n\n\n\n<p>Vous confirmez et acceptez qu&#039;une fois qu&#039;un client soumet une demande de location pour votre bateau, le prix de cette demande ne peut \u00eatre modifi\u00e9.<\/p>\n\n\n\n<h2 class=\"wp-block-heading\" id=\"h-user-responsibilities-and-liability\">Responsabilit\u00e9s et obligations de l&#039;utilisateur<\/h2>\n\n\n\n<p>En tant que propri\u00e9taire de bateau, vous reconnaissez et acceptez que vous \u00eates responsable de vos propres actions et omissions, ainsi que des actions et omissions de toute personne utilisant votre bateau \u00e0 votre demande ou sur votre invitation, y compris vos clients.<\/p>\n\n\n\n<p>Chaque utilisateur est responsable de son propre contenu et assume donc tous les risques li\u00e9s \u00e0 sa publication.<\/p>\n\n\n\n<h2 class=\"wp-block-heading\" id=\"h-booking-process\">Processus de r\u00e9servation<\/h2>\n\n\n\n<ul class=\"wp-block-list\">\n<li>Notre conseiller vous fournira des informations d\u00e9taill\u00e9es sur la disponibilit\u00e9 des bateaux en fonction de vos pr\u00e9f\u00e9rences.<\/li>\n\n\n\n<li>Dites-nous quel bateau vous int\u00e9resse.<\/li>\n\n\n\n<li>Nous contacterons le propri\u00e9taire du bateau pour lui proposer une pr\u00e9-r\u00e9servation. Selon la saison, le bateau pourra vous \u00eatre r\u00e9serv\u00e9 pendant 24 heures ou jusqu&#039;\u00e0 une semaine. Veuillez noter que la disponibilit\u00e9 n&#039;est garantie qu&#039;apr\u00e8s confirmation de la r\u00e9servation.<\/li>\n\n\n\n<li>Une fois que le propri\u00e9taire aura v\u00e9rifi\u00e9 la disponibilit\u00e9, nous vous enverrons un formulaire de r\u00e9servation contenant toutes les informations n\u00e9cessaires.<\/li>\n\n\n\n<li>Pour garantir votre r\u00e9servation, un paiement initial est requis, g\u00e9n\u00e9ralement compris entre 20% et 50% du co\u00fbt total de la r\u00e9servation, en fonction du bateau.<\/li>\n\n\n\n<li>Vous devrez fournir une preuve de paiement, remplir la section \u00ab\u00a0renseignements personnels\u00a0\u00bb du formulaire et nous le renvoyer pour recevoir un re\u00e7u ou une facture.<\/li>\n\n\n\n<li>Nous \u00e9mettrons le re\u00e7u ou la facture et informerons le propri\u00e9taire du bateau de la confirmation de la r\u00e9servation.<\/li>\n\n\n\n<li>Un document de confirmation contenant tous les d\u00e9tails de la location vous sera envoy\u00e9.<\/li>\n\n\n\n<li>Le solde restant doit \u00eatre r\u00e9gl\u00e9 au moins trois jours avant le d\u00e9part ou, si convenu au pr\u00e9alable, directement aupr\u00e8s du propri\u00e9taire du bateau \u00e0 l&#039;arriv\u00e9e. \u00c0 d\u00e9faut de paiement dans les d\u00e9lais impartis, la r\u00e9servation pourra \u00eatre annul\u00e9e sans remboursement de l&#039;acompte.<\/li>\n\n\n\n<li>Vous recevrez un bon contenant toutes les informations concernant la marina, la personne \u00e0 contacter et son num\u00e9ro de t\u00e9l\u00e9phone. Ce document doit \u00eatre imprim\u00e9 et apport\u00e9 avec vous. Une facture vous sera \u00e9galement fournie.<\/li>\n\n\n\n<li>Si boatrentalmallorca.net ne re\u00e7oit pas les informations n\u00e9cessaires au moins trois jours avant la date de d\u00e9but de la location, nous ne pouvons pas garantir que la r\u00e9servation sera trait\u00e9e correctement.<\/li>\n\n\n\n<li>Les conditions de r\u00e9servation peuvent varier selon le bateau. Votre gestionnaire personnel vous informera des conditions sp\u00e9cifiques relatives au bateau que vous avez choisi.<\/li>\n<\/ul>\n\n\n\n<h2 class=\"wp-block-heading\" id=\"h-ratings-and-reviews\">\u00c9valuations et avis<\/h2>\n\n\n\n<p>Boatrentalmallorca.net propose aux utilisateurs un syst\u00e8me de notation qui leur permet d&#039;\u00e9valuer, de laisser des commentaires et de t\u00e9l\u00e9charger des photos des bateaux qu&#039;ils ont utilis\u00e9s.<\/p>\n\n\n\n<p>Les utilisateurs s&#039;engagent \u00e0 ne fournir que des informations v\u00e9ridiques dans leurs avis et \u00e0 respecter la r\u00e9glementation en vigueur. Les \u00e9valuations doivent \u00eatre objectives et ne doivent pas contenir de propos injurieux.<\/p>\n\n\n\n<p>Toute utilisation abusive du syst\u00e8me de notation est interdite. Il est notamment interdit de\u00a0:<\/p>\n\n\n\n<ul class=\"wp-block-list\">\n<li>Publier de fausses \u00e9valuations,<\/li>\n\n\n\n<li>Laisser des commentaires sur soi-m\u00eame,<\/li>\n\n\n\n<li>Corrompre ou contraindre d&#039;autres utilisateurs \u00e0 laisser des avis,<\/li>\n\n\n\n<li>\u00c9valuations d&#039;influence pour des raisons sans rapport avec l&#039;ex\u00e9cution effective du contrat.<\/li>\n<\/ul>\n\n\n\n<p>Boatrentalmallorca.net ne proc\u00e8de pas \u00e0 un examen approfondi de toutes les \u00e9valuations et opinions des utilisateurs.<\/p>\n\n\n\n<p>En tout \u00e9tat de cause, boatrentalmallorca.net se r\u00e9serve le droit de modifier, de refuser ou de supprimer les avis et les opinions.<\/p>\n\n\n\n<h2 class=\"wp-block-heading\" id=\"h-duration-and-termination-of-agreement\">Dur\u00e9e et r\u00e9siliation du contrat<\/h2>\n\n\n\n<p>Le contrat d&#039;utilisation de la plateforme est valable ind\u00e9finiment.<\/p>\n\n\n\n<p>L\u2019utilisateur peut r\u00e9silier le contrat \u00e0 tout moment en envoyant une notification correspondante \u00e0 boatrentalmallorca.net (par e-mail ou par t\u00e9l\u00e9phone).<\/p>\n\n\n\n<p>La r\u00e9siliation du pr\u00e9sent contrat n&#039;affecte pas les contrats de location d\u00e9j\u00e0 conclus entre utilisateurs.<\/p>\n\n\n\n<h2 class=\"wp-block-heading\" id=\"h-modification-of-the-website-and-terms-of-use\">Modification du site Web et des conditions d&#039;utilisation<\/h2>\n\n\n\n<p>Boatrentalmallorca.net se r\u00e9serve le droit de modifier, mettre \u00e0 jour, suspendre ou supprimer le site web \u00e0 tout moment et sans pr\u00e9avis si cela est jug\u00e9 raisonnable pour les utilisateurs et dans l&#039;int\u00e9r\u00eat de boatrentalmallorca.net.<\/p>\n\n\n\n<p>Boatrentalmallorca.net se r\u00e9serve \u00e9galement le droit de modifier les Conditions d&#039;utilisation, lesquelles entreront en vigueur ult\u00e9rieurement. Boatrentalmallorca.net n&#039;est pas tenu d&#039;informer les utilisateurs de la nouvelle version des Conditions d&#039;utilisation\u00a0; la version la plus r\u00e9cente est toujours disponible sur notre site web.<\/p>\n\n\n\n<p>Boatrentalmallorca.net se r\u00e9serve le droit de modifier ses taux de commission \u00e0 tout moment. Les modifications \u00e9ventuelles seront communiqu\u00e9es aux utilisateurs \u00e0 l&#039;avance via le site web boatrentalmallorca.net et par courriel avant leur entr\u00e9e en vigueur.<\/p>","protected":false},"excerpt":{"rendered":"<p>General Benefits of boatrentalmallorca.net On boatrentalmallorca.net provides users with an online platform for boat rentals in Mallorca. Through this platform, boat owners can offer their vessels for rent in Mallorca, while clients can search for a suitable boat and send a rental request. There is no need to register an account on boatrentalmallorca.net to submit [&hellip;]<\/p>","protected":false},"author":2,"featured_media":0,"parent":0,"menu_order":0,"comment_status":"closed","ping_status":"closed","template":"","meta":{"_acf_changed":false,"footnotes":""},"class_list":["post-3191","page","type-page","status-publish","hentry"],"acf":[],"yoast_head":"<!-- This site is optimized with the Yoast SEO Premium plugin v24.3 (Yoast SEO v24.3) - https:\/\/yoast.com\/wordpress\/plugins\/seo\/ -->\n<title>Terms and Conditions - Boat Rental Mallorca<\/title>\n<meta name=\"description\" content=\"Terms and Conditions of boatrentalmallorca.net: Rules, responsibilities, booking policies, and service terms for boat rentals in Mallorca.\" \/>\n<meta name=\"robots\" content=\"index, follow, max-snippet:-1, max-image-preview:large, max-video-preview:-1\" \/>\n<link rel=\"canonical\" href=\"https:\/\/boatrentalmallorca.net\/fr\/terms-and-conditions\/\" \/>\n<meta property=\"og:locale\" content=\"fr_FR\" \/>\n<meta property=\"og:type\" content=\"article\" \/>\n<meta property=\"og:title\" content=\"Terms and Conditions\" \/>\n<meta property=\"og:description\" content=\"Terms and Conditions of boatrentalmallorca.net: Rules, responsibilities, booking policies, and service terms for boat rentals in Mallorca.\" \/>\n<meta property=\"og:url\" content=\"https:\/\/boatrentalmallorca.net\/fr\/terms-and-conditions\/\" \/>\n<meta property=\"og:site_name\" content=\"Boat Rental Mallorca\" \/>\n<meta property=\"article:modified_time\" content=\"2025-01-28T13:31:33+00:00\" \/>\n<meta name=\"twitter:card\" content=\"summary_large_image\" \/>\n<meta name=\"twitter:label1\" content=\"Dur\u00e9e de lecture estim\u00e9e\" \/>\n\t<meta name=\"twitter:data1\" content=\"6 minutes\" \/>\n<script type=\"application\/ld+json\" class=\"yoast-schema-graph\">{\"@context\":\"https:\/\/schema.org\",\"@graph\":[{\"@type\":\"WebPage\",\"@id\":\"https:\/\/boatrentalmallorca.net\/terms-and-conditions\/\",\"url\":\"https:\/\/boatrentalmallorca.net\/terms-and-conditions\/\",\"name\":\"Terms and Conditions - Boat Rental Mallorca\",\"isPartOf\":{\"@id\":\"https:\/\/boatrentalmallorca.net\/#website\"},\"datePublished\":\"2025-01-28T13:28:41+00:00\",\"dateModified\":\"2025-01-28T13:31:33+00:00\",\"description\":\"Terms and Conditions of boatrentalmallorca.net: Rules, responsibilities, booking policies, and service terms for boat rentals in Mallorca.\",\"breadcrumb\":{\"@id\":\"https:\/\/boatrentalmallorca.net\/terms-and-conditions\/#breadcrumb\"},\"inLanguage\":\"fr-FR\",\"potentialAction\":[{\"@type\":\"ReadAction\",\"target\":[\"https:\/\/boatrentalmallorca.net\/terms-and-conditions\/\"]}]},{\"@type\":\"BreadcrumbList\",\"@id\":\"https:\/\/boatrentalmallorca.net\/terms-and-conditions\/#breadcrumb\",\"itemListElement\":[{\"@type\":\"ListItem\",\"position\":1,\"name\":\"Home\",\"item\":\"https:\/\/boatrentalmallorca.net\/\"},{\"@type\":\"ListItem\",\"position\":2,\"name\":\"Terms and Conditions\"}]},{\"@type\":\"WebSite\",\"@id\":\"https:\/\/boatrentalmallorca.net\/#website\",\"url\":\"https:\/\/boatrentalmallorca.net\/\",\"name\":\"Boat Rental Mallorca\",\"description\":\"\",\"publisher\":{\"@id\":\"https:\/\/boatrentalmallorca.net\/#organization\"},\"potentialAction\":[{\"@type\":\"SearchAction\",\"target\":{\"@type\":\"EntryPoint\",\"urlTemplate\":\"https:\/\/boatrentalmallorca.net\/?s={search_term_string}\"},\"query-input\":{\"@type\":\"PropertyValueSpecification\",\"valueRequired\":true,\"valueName\":\"search_term_string\"}}],\"inLanguage\":\"fr-FR\"},{\"@type\":\"Organization\",\"@id\":\"https:\/\/boatrentalmallorca.net\/#organization\",\"name\":\"Boat Rental Mallorca\",\"url\":\"https:\/\/boatrentalmallorca.net\/\",\"logo\":{\"@type\":\"ImageObject\",\"inLanguage\":\"fr-FR\",\"@id\":\"https:\/\/boatrentalmallorca.net\/#\/schema\/logo\/image\/\",\"url\":\"https:\/\/boatrentalmallorca.net\/wp-content\/uploads\/2025\/02\/Logo-Boat-Rental-Mallorca.jpg\",\"contentUrl\":\"https:\/\/boatrentalmallorca.net\/wp-content\/uploads\/2025\/02\/Logo-Boat-Rental-Mallorca.jpg\",\"width\":996,\"height\":1068,\"caption\":\"Boat Rental Mallorca\"},\"image\":{\"@id\":\"https:\/\/boatrentalmallorca.net\/#\/schema\/logo\/image\/\"},\"description\":\"Boat Rental Mallorca is a local company offering yacht and boat rentals in Mallorca for sunset cruises, half-day, or full-day trips, with or without a captain. Prices start from \u20ac150 per hour. Boats are available for all types of private and corporate events.\",\"email\":\"boatrentalsmallorca@gmail.com\",\"telephone\":\"+34622937315\",\"numberOfEmployees\":{\"@type\":\"QuantitativeValue\",\"minValue\":\"1\",\"maxValue\":\"10\"}}]}<\/script>\n<!-- \/ Yoast SEO Premium plugin. -->","yoast_head_json":{"title":"Terms and Conditions - Boat Rental Mallorca","description":"Terms and Conditions of boatrentalmallorca.net: Rules, responsibilities, booking policies, and service terms for boat rentals in Mallorca.","robots":{"index":"index","follow":"follow","max-snippet":"max-snippet:-1","max-image-preview":"max-image-preview:large","max-video-preview":"max-video-preview:-1"},"canonical":"https:\/\/boatrentalmallorca.net\/fr\/terms-and-conditions\/","og_locale":"fr_FR","og_type":"article","og_title":"Terms and Conditions","og_description":"Terms and Conditions of boatrentalmallorca.net: Rules, responsibilities, booking policies, and service terms for boat rentals in Mallorca.","og_url":"https:\/\/boatrentalmallorca.net\/fr\/terms-and-conditions\/","og_site_name":"Boat Rental Mallorca","article_modified_time":"2025-01-28T13:31:33+00:00","twitter_card":"summary_large_image","twitter_misc":{"Dur\u00e9e de lecture estim\u00e9e":"6 minutes"},"schema":{"@context":"https:\/\/schema.org","@graph":[{"@type":"WebPage","@id":"https:\/\/boatrentalmallorca.net\/terms-and-conditions\/","url":"https:\/\/boatrentalmallorca.net\/terms-and-conditions\/","name":"Terms and Conditions - Boat Rental Mallorca","isPartOf":{"@id":"https:\/\/boatrentalmallorca.net\/#website"},"datePublished":"2025-01-28T13:28:41+00:00","dateModified":"2025-01-28T13:31:33+00:00","description":"Terms and Conditions of boatrentalmallorca.net: Rules, responsibilities, booking policies, and service terms for boat rentals in Mallorca.","breadcrumb":{"@id":"https:\/\/boatrentalmallorca.net\/terms-and-conditions\/#breadcrumb"},"inLanguage":"fr-FR","potentialAction":[{"@type":"ReadAction","target":["https:\/\/boatrentalmallorca.net\/terms-and-conditions\/"]}]},{"@type":"BreadcrumbList","@id":"https:\/\/boatrentalmallorca.net\/terms-and-conditions\/#breadcrumb","itemListElement":[{"@type":"ListItem","position":1,"name":"Home","item":"https:\/\/boatrentalmallorca.net\/"},{"@type":"ListItem","position":2,"name":"Terms and Conditions"}]},{"@type":"WebSite","@id":"https:\/\/boatrentalmallorca.net\/#website","url":"https:\/\/boatrentalmallorca.net\/","name":"Boat Rental Mallorca","description":"","publisher":{"@id":"https:\/\/boatrentalmallorca.net\/#organization"},"potentialAction":[{"@type":"SearchAction","target":{"@type":"EntryPoint","urlTemplate":"https:\/\/boatrentalmallorca.net\/?s={search_term_string}"},"query-input":{"@type":"PropertyValueSpecification","valueRequired":true,"valueName":"search_term_string"}}],"inLanguage":"fr-FR"},{"@type":"Organization","@id":"https:\/\/boatrentalmallorca.net\/#organization","name":"Boat Rental Mallorca","url":"https:\/\/boatrentalmallorca.net\/","logo":{"@type":"ImageObject","inLanguage":"fr-FR","@id":"https:\/\/boatrentalmallorca.net\/#\/schema\/logo\/image\/","url":"https:\/\/boatrentalmallorca.net\/wp-content\/uploads\/2025\/02\/Logo-Boat-Rental-Mallorca.jpg","contentUrl":"https:\/\/boatrentalmallorca.net\/wp-content\/uploads\/2025\/02\/Logo-Boat-Rental-Mallorca.jpg","width":996,"height":1068,"caption":"Boat Rental Mallorca"},"image":{"@id":"https:\/\/boatrentalmallorca.net\/#\/schema\/logo\/image\/"},"description":"Boat Rental Mallorca is a local company offering yacht and boat rentals in Mallorca for sunset cruises, half-day, or full-day trips, with or without a captain. Prices start from \u20ac150 per hour. Boats are available for all types of private and corporate events.","email":"boatrentalsmallorca@gmail.com","telephone":"+34622937315","numberOfEmployees":{"@type":"QuantitativeValue","minValue":"1","maxValue":"10"}}]}},"_links":{"self":[{"href":"https:\/\/boatrentalmallorca.net\/fr\/wp-json\/wp\/v2\/pages\/3191","targetHints":{"allow":["GET"]}}],"collection":[{"href":"https:\/\/boatrentalmallorca.net\/fr\/wp-json\/wp\/v2\/pages"}],"about":[{"href":"https:\/\/boatrentalmallorca.net\/fr\/wp-json\/wp\/v2\/types\/page"}],"author":[{"embeddable":true,"href":"https:\/\/boatrentalmallorca.net\/fr\/wp-json\/wp\/v2\/users\/2"}],"replies":[{"embeddable":true,"href":"https:\/\/boatrentalmallorca.net\/fr\/wp-json\/wp\/v2\/comments?post=3191"}],"version-history":[{"count":1,"href":"https:\/\/boatrentalmallorca.net\/fr\/wp-json\/wp\/v2\/pages\/3191\/revisions"}],"predecessor-version":[{"id":3198,"href":"https:\/\/boatrentalmallorca.net\/fr\/wp-json\/wp\/v2\/pages\/3191\/revisions\/3198"}],"wp:attachment":[{"href":"https:\/\/boatrentalmallorca.net\/fr\/wp-json\/wp\/v2\/media?parent=3191"}],"curies":[{"name":"wp","href":"https:\/\/api.w.org\/{rel}","templated":true}]}}