{"id":3215,"date":"2025-01-29T16:51:52","date_gmt":"2025-01-29T16:51:52","guid":{"rendered":"https:\/\/boatrentalmallorca.net\/?page_id=3215"},"modified":"2025-01-29T17:01:23","modified_gmt":"2025-01-29T17:01:23","slug":"privacy-policy","status":"publish","type":"page","link":"https:\/\/boatrentalmallorca.net\/es\/privacy-policy\/","title":{"rendered":"Pol\u00edtica de privacidad"},"content":{"rendered":"<p>Valoramos su confianza en nuestra plataforma online, boatrentalmallorca.net, para reservar excursiones en barco en Mallorca. Por eso, siempre protegemos la confidencialidad y privacidad de sus datos personales.<\/p>\n\n\n\n<h2 class=\"wp-block-heading\" id=\"h-personal-data-protection-policy\">Pol\u00edtica de Protecci\u00f3n de Datos Personales<\/h2>\n\n\n\n<p>Los estrictos procedimientos de seguridad de boatrentalmallorca.net tienen como objetivo evitar el mal uso y el acceso no autorizado a los datos personales.<\/p>\n\n\n\n<p>Boatrentalmallorca.net mantiene un fichero de datos personales que incluye la informaci\u00f3n obtenida al realizar una solicitud a trav\u00e9s del sitio web. Esta informaci\u00f3n se utiliza exclusivamente con fines estad\u00edsticos, el env\u00edo de ofertas promocionales y el mantenimiento de la relaci\u00f3n entre boatrentalmallorca.net y el usuario.<\/p>\n\n\n\n<p>Al dar su consentimiento durante el registro, el usuario acepta y garantiza que sus datos se utilicen para los fines mencionados. Adem\u00e1s, con este consentimiento, boatrentalmallorca.net podr\u00e1 publicar rese\u00f1as e im\u00e1genes de usuarios relacionadas con embarcaciones.<\/p>\n\n\n\n<p>Al solicitar el alquiler de una embarcaci\u00f3n, es necesario completar un formulario con datos personales. Esta informaci\u00f3n es necesaria para procesar la solicitud, incluido el env\u00edo de un correo electr\u00f3nico con la confirmaci\u00f3n del alquiler.<\/p>\n\n\n\n<p>Para completar la transacci\u00f3n de alquiler, boatrentalmallorca.net \u00fanicamente transfiere el nombre y los datos de contacto del usuario al propietario del barco asociado a la solicitud.<\/p>\n\n\n\n<p>Si los datos se transfieren a titulares ubicados en el extranjero (transferencia internacional de datos), el usuario consiente la transferencia de sus datos a los titulares correspondientes para los fines mencionados anteriormente. Estos titulares pueden estar ubicados en cualquier parte del mundo, incluidos pa\u00edses que no ofrecen un nivel de protecci\u00f3n de datos comparable al de la legislaci\u00f3n espa\u00f1ola.<\/p>\n\n\n\n<p>El consentimiento para el tratamiento de datos permanecer\u00e1 vigente hasta que el usuario notifique por escrito a boatrentalmallorca.net su revocaci\u00f3n.<\/p>\n\n\n\n<h2 class=\"wp-block-heading\" id=\"h-your-responsibilities\">Sus responsabilidades<\/h2>\n\n\n\n<p>El uso del sitio web Boatrentalmallorca.net supone la aceptaci\u00f3n de los t\u00e9rminos y condiciones legales publicados en el momento del registro.<\/p>\n\n\n\n<p>Toda la informaci\u00f3n proporcionada por los clientes en Boatrentalmallorca.net debe ser precisa y veraz. Por lo tanto, todos los usuarios se comprometen a garantizar la autenticidad de sus datos. Si se proporciona informaci\u00f3n incorrecta, el proceso de alquiler no podr\u00e1 completarse, ya que no se pueden procesar solicitudes con datos inexactos. Si un alquiler se realiz\u00f3 con informaci\u00f3n falsa, los clientes tienen derecho a mencionarlo en su rese\u00f1a de la embarcaci\u00f3n, lo que podr\u00eda perjudicar la reputaci\u00f3n del propietario si fuera necesario. Adem\u00e1s, los clientes pueden contactar con Boatrentalmallorca.net para aclarar sus quejas y buscar una soluci\u00f3n.<\/p>\n\n\n\n<p>Para acceder y utilizar los servicios ofrecidos en el sitio web Boatrentalmallorca.net, deber\u00e1 proporcionar sus datos personales durante el proceso de solicitud. Todos los campos marcados con un asterisco (*) son obligatorios. Si no se completan, no se podr\u00e1 procesar la solicitud y no podr\u00e1 acceder ni utilizar los servicios.<\/p>\n\n\n\n<p>Si alquila una embarcaci\u00f3n que requiere un certificado v\u00e1lido para operar y no contrata un capit\u00e1n, deber\u00e1 presentar prueba de su competencia mar\u00edtima.<\/p>\n\n\n\n<p>Si no desea recibir m\u00e1s informaci\u00f3n, deber\u00e1 solicitarlo por escrito. Tras recibir su solicitud, procederemos a la cancelaci\u00f3n de su suscripci\u00f3n.<\/p>\n\n\n\n<h2 class=\"wp-block-heading\" id=\"h-responsibilities-of-boatrentalmallorca-net\">Responsabilidades de Boatrentalmallorca.net<\/h2>\n\n\n\n<p>Boatrentalmallorca.net no se responsabiliza de la exactitud, precisi\u00f3n, suficiencia, integridad ni actualidad de la informaci\u00f3n proporcionada por el propietario de la embarcaci\u00f3n. No nos responsabilizamos de posibles errores en la informaci\u00f3n y los servicios, y no estamos obligados a verificar ni controlar el contenido ni los detalles proporcionados.<\/p>\n\n\n\n<p>Boatrentalmallorca.net ofrece \u00fanicamente un servicio informativo, tal como se presenta en su sitio web. Boatrentalmallorca.net no se responsabiliza de ning\u00fan da\u00f1o o inconveniente causado por la calidad, el precio, el contenido o la disponibilidad de los servicios que desee alquilar o haya alquilado.<\/p>\n\n\n\n<p>Boatrentalmallorca.net no controla el comportamiento de los propietarios de embarcaciones, clientes u otros usuarios del sitio web y declina cualquier responsabilidad al respecto.<\/p>\n\n\n\n<p>Boatrentalmallorca.net no se responsabiliza de ning\u00fan problema que pueda surgir durante el alquiler. En caso de problemas con la embarcaci\u00f3n, incumplimiento de las condiciones por parte del propietario o comportamiento inapropiado por parte del propietario, el cliente deber\u00e1 resolverlo directamente con el propietario, no con Boatrentalmallorca.net. El cliente firma el contrato y acepta las condiciones del propietario, no las nuestras. Aunque el cliente paga directamente a trav\u00e9s de Boatrentalmallorca.net, no nos responsabilizamos en ning\u00fan caso, ya que solo actuamos como intermediarios.<\/p>\n\n\n\n<p>Boatrentalmallorca.net puede editar, rechazar o eliminar rese\u00f1as. Boatrentalmallorca.net puede cambiar el dise\u00f1o, el contenido y los servicios del sitio web en cualquier momento sin previo aviso.<\/p>\n\n\n\n<p>El formulario de revisi\u00f3n es una encuesta y no contiene ofertas, promociones ni incentivos.<\/p>\n\n\n\n<p>Boatrentalmallorca.net permite a los usuarios eliminar su informaci\u00f3n de contacto. Para ello, deben enviar un correo electr\u00f3nico a boatrentalsmallorca@gmail.com.<\/p>\n\n\n\n<p>Esta declaraci\u00f3n de privacidad puede modificarse en cualquier momento.<\/p>\n\n\n\n<h2 class=\"wp-block-heading\" id=\"h-cookies\">Galletas<\/h2>\n\n\n\n<p>Utilizamos cookies, herramientas de seguimiento de visitantes y otras tecnolog\u00edas (como Google Analytics) para recopilar datos an\u00f3nimos no personales.<\/p>\n\n\n\n<h3 class=\"wp-block-heading\" id=\"h-what-are-cookies\">\u00bfQu\u00e9 son las cookies?<\/h3>\n\n\n\n<p>Las cookies son peque\u00f1os archivos que se descargan en tu dispositivo al visitar ciertas p\u00e1ginas web. Ayudan a los sitios web a almacenar y recuperar informaci\u00f3n sobre los h\u00e1bitos de navegaci\u00f3n del usuario. Incluso pueden ayudar a reconocer a los usuarios que regresan.<\/p>\n\n\n\n<p>Las cookies no almacenan datos personales ni da\u00f1an tu dispositivo. La mayor\u00eda de los navegadores eliminan las cookies al finalizar la sesi\u00f3n (se denominan cookies de sesi\u00f3n). Ocupan algo de espacio en la memoria, pero son m\u00ednimas y no afectan el rendimiento de tu ordenador.<\/p>\n\n\n\n<p>La mayor\u00eda de los navegadores aceptan cookies por defecto, pero usted puede cambiar su configuraci\u00f3n para permitirlas, bloquearlas o eliminarlas seg\u00fan desee.<\/p>\n\n\n\n<p>Sin su consentimiento expl\u00edcito \u2014habilitando las cookies en la configuraci\u00f3n de su navegador\u2014 Boatrentalmallorca.net no vincular\u00e1 ning\u00fan dato de cookies almacenado con la informaci\u00f3n personal que usted proporcione cuando env\u00ede una solicitud o realice una compra.<\/p>\n\n\n\n<h2 class=\"wp-block-heading\" id=\"h-types-of-cookies-we-use\">Tipos de cookies que utilizamos<\/h2>\n\n\n\n<h3 class=\"wp-block-heading\" id=\"h-essential-technical-cookies\">Cookies esenciales (t\u00e9cnicas)<\/h3>\n\n\n\n<p>Estas cookies son necesarias para que el sitio funcione:<\/p>\n\n\n\n<ul class=\"wp-block-list\">\n<li>Tr\u00e1fico e intercambio de datos<\/li>\n\n\n\n<li>Sesi\u00f3n activa<\/li>\n\n\n\n<li>\u00c1reas restringidas<\/li>\n\n\n\n<li>Carro de la compra<\/li>\n\n\n\n<li>Compra<\/li>\n\n\n\n<li>Seguridad<\/li>\n\n\n\n<li>Multimedia<\/li>\n\n\n\n<li>Compartir en redes sociales<\/li>\n<\/ul>\n\n\n\n<h3 class=\"wp-block-heading\" id=\"h-personalization-cookies\">Cookies de personalizaci\u00f3n<\/h3>\n\n\n\n<p>Estas cookies le permiten iniciar sesi\u00f3n con su configuraci\u00f3n preferida:<\/p>\n\n\n\n<ul class=\"wp-block-list\">\n<li>Idioma<\/li>\n\n\n\n<li>Navegador<\/li>\n\n\n\n<li>Regi\u00f3n<\/li>\n<\/ul>\n\n\n\n<h3 class=\"wp-block-heading\" id=\"h-analytical-cookies\">Cookies anal\u00edticas<\/h3>\n\n\n\n<p>Estas cookies nos ayudan a rastrear el tr\u00e1fico y el comportamiento para mejorar nuestros servicios. Analizando su navegaci\u00f3n, podemos ofrecerle mejores productos y servicios.<\/p>\n\n\n\n<h3 class=\"wp-block-heading\" id=\"h-third-party-cookies\">Cookies de terceros<\/h3>\n\n\n\n<p>Boatrentalmallorca.net puede utilizar servicios de terceros para recopilar estad\u00edsticas y proporcionar funcionalidad adicional.<\/p>\n\n\n\n<p>Por ejemplo, este sitio utiliza <strong>Google Analytics<\/strong>, un servicio de anal\u00edtica web prestado por Google, Inc., con sede en EE. UU. (1600 Amphitheatre Parkway, Mountain View, California 94043). Google Analytics utiliza cookies para recopilar datos an\u00f3nimos, incluida su direcci\u00f3n IP, que Google puede transferir, procesar y almacenar. Esta informaci\u00f3n tambi\u00e9n puede compartirse con terceros para cumplir con requisitos legales o cuando el procesamiento de datos se realiza en nombre de Google.<\/p>\n\n\n\n<h2 class=\"wp-block-heading\" id=\"h-managing-cookies\">Gesti\u00f3n de cookies<\/h2>\n\n\n\n<p>Al usar este sitio, acepta la recopilaci\u00f3n y el procesamiento de informaci\u00f3n como se indica anteriormente. Sin embargo, puede optar por no participar en la recopilaci\u00f3n de datos modificando la configuraci\u00f3n de su navegador para bloquear o eliminar las cookies. Tenga en cuenta que desactivar las cookies puede afectar a ciertas funciones del sitio.<\/p>\n\n\n\n<p>Puede administrar las cookies en la configuraci\u00f3n de su navegador:<\/p>\n\n\n\n<ul class=\"wp-block-list\">\n<li>Google Chrome<\/li>\n\n\n\n<li>Internet Explorer<\/li>\n\n\n\n<li>Mozilla Firefox<\/li>\n\n\n\n<li>Safari<\/li>\n<\/ul>\n\n\n\n<p>Si tiene alguna pregunta sobre nuestra pol\u00edtica de cookies, cont\u00e1ctenos en boatrentalsmallorca@gmail.com.<\/p>\n\n\n\n<h2 class=\"wp-block-heading\" id=\"h-marketing\">Marketing<\/h2>\n\n\n\n<p>Despu\u00e9s de enviar una solicitud de alquiler en Boatrentalmallorca.net, recibir\u00e1 un correo electr\u00f3nico o un mensaje a trav\u00e9s de una de las aplicaciones de mensajer\u00eda con todos los detalles de su solicitud.<\/p>\n\n\n\n<p>Adem\u00e1s, una vez finalizado su alquiler, le enviaremos un correo electr\u00f3nico para que complete un formulario de comentarios. Esto nos ayuda a mejorar la informaci\u00f3n sobre el barco y el servicio general del sitio web.<\/p>\n\n\n\n<p>Tambi\u00e9n podemos comunicarnos con usted por correo electr\u00f3nico de vez en cuando para informarle sobre nuevas oportunidades, ofertas especiales y actualizaciones.<\/p>\n\n\n\n<h2 class=\"wp-block-heading\" id=\"h-contact-information\">Informaci\u00f3n del contacto<\/h2>\n\n\n\n<p>Si tiene alguna sugerencia o comentario sobre nuestra pol\u00edtica de privacidad, env\u00ede un correo electr\u00f3nico a <a href=\"mailto:boatrentalsmallorca@gmail.com\">boatrentalsmallorca@gmail.com<\/a>.<\/p>","protected":false},"excerpt":{"rendered":"<p>We value your trust in our online platform, boatrentalmallorca.net, for booking boat trips in Mallorca. That is why we always protect the confidentiality and privacy of your personal data. Personal Data Protection Policy The strict security procedures of boatrentalmallorca.net are aimed at preventing the misuse and unauthorized access to personal data. Boatrentalmallorca.net maintains a personal [&hellip;]<\/p>","protected":false},"author":2,"featured_media":0,"parent":0,"menu_order":0,"comment_status":"closed","ping_status":"closed","template":"","meta":{"_acf_changed":false,"footnotes":""},"class_list":["post-3215","page","type-page","status-publish","hentry"],"acf":[],"yoast_head":"<!-- This site is optimized with the Yoast SEO Premium plugin v24.3 (Yoast SEO v24.3) - https:\/\/yoast.com\/wordpress\/plugins\/seo\/ -->\n<title>Privacy Policy - Boat Rental Mallorca<\/title>\n<meta name=\"description\" content=\"Privacy Policy: We collect anonymous data, use cookies, and protect your info. Users can manage data and contact us for deletion requests.\" \/>\n<meta name=\"robots\" content=\"index, follow, max-snippet:-1, max-image-preview:large, max-video-preview:-1\" \/>\n<link rel=\"canonical\" href=\"https:\/\/boatrentalmallorca.net\/es\/privacy-policy\/\" \/>\n<meta property=\"og:locale\" content=\"es_ES\" \/>\n<meta property=\"og:type\" content=\"article\" \/>\n<meta property=\"og:title\" content=\"Privacy Policy\" \/>\n<meta property=\"og:description\" content=\"Privacy Policy: We collect anonymous data, use cookies, and protect your info. Users can manage data and contact us for deletion requests.\" \/>\n<meta property=\"og:url\" content=\"https:\/\/boatrentalmallorca.net\/es\/privacy-policy\/\" \/>\n<meta property=\"og:site_name\" content=\"Boat Rental Mallorca\" \/>\n<meta property=\"article:modified_time\" content=\"2025-01-29T17:01:23+00:00\" \/>\n<meta name=\"twitter:card\" content=\"summary_large_image\" \/>\n<meta name=\"twitter:label1\" content=\"Tiempo de lectura\" \/>\n\t<meta name=\"twitter:data1\" content=\"6 minutos\" \/>\n<script type=\"application\/ld+json\" class=\"yoast-schema-graph\">{\"@context\":\"https:\/\/schema.org\",\"@graph\":[{\"@type\":\"WebPage\",\"@id\":\"https:\/\/boatrentalmallorca.net\/privacy-policy\/\",\"url\":\"https:\/\/boatrentalmallorca.net\/privacy-policy\/\",\"name\":\"Privacy Policy - Boat Rental Mallorca\",\"isPartOf\":{\"@id\":\"https:\/\/boatrentalmallorca.net\/#website\"},\"datePublished\":\"2025-01-29T16:51:52+00:00\",\"dateModified\":\"2025-01-29T17:01:23+00:00\",\"description\":\"Privacy Policy: We collect anonymous data, use cookies, and protect your info. Users can manage data and contact us for deletion requests.\",\"breadcrumb\":{\"@id\":\"https:\/\/boatrentalmallorca.net\/privacy-policy\/#breadcrumb\"},\"inLanguage\":\"es\",\"potentialAction\":[{\"@type\":\"ReadAction\",\"target\":[\"https:\/\/boatrentalmallorca.net\/privacy-policy\/\"]}]},{\"@type\":\"BreadcrumbList\",\"@id\":\"https:\/\/boatrentalmallorca.net\/privacy-policy\/#breadcrumb\",\"itemListElement\":[{\"@type\":\"ListItem\",\"position\":1,\"name\":\"Home\",\"item\":\"https:\/\/boatrentalmallorca.net\/\"},{\"@type\":\"ListItem\",\"position\":2,\"name\":\"Privacy Policy\"}]},{\"@type\":\"WebSite\",\"@id\":\"https:\/\/boatrentalmallorca.net\/#website\",\"url\":\"https:\/\/boatrentalmallorca.net\/\",\"name\":\"Boat Rental Mallorca\",\"description\":\"\",\"publisher\":{\"@id\":\"https:\/\/boatrentalmallorca.net\/#organization\"},\"potentialAction\":[{\"@type\":\"SearchAction\",\"target\":{\"@type\":\"EntryPoint\",\"urlTemplate\":\"https:\/\/boatrentalmallorca.net\/?s={search_term_string}\"},\"query-input\":{\"@type\":\"PropertyValueSpecification\",\"valueRequired\":true,\"valueName\":\"search_term_string\"}}],\"inLanguage\":\"es\"},{\"@type\":\"Organization\",\"@id\":\"https:\/\/boatrentalmallorca.net\/#organization\",\"name\":\"Boat Rental Mallorca\",\"url\":\"https:\/\/boatrentalmallorca.net\/\",\"logo\":{\"@type\":\"ImageObject\",\"inLanguage\":\"es\",\"@id\":\"https:\/\/boatrentalmallorca.net\/#\/schema\/logo\/image\/\",\"url\":\"https:\/\/boatrentalmallorca.net\/wp-content\/uploads\/2025\/02\/Logo-Boat-Rental-Mallorca.jpg\",\"contentUrl\":\"https:\/\/boatrentalmallorca.net\/wp-content\/uploads\/2025\/02\/Logo-Boat-Rental-Mallorca.jpg\",\"width\":996,\"height\":1068,\"caption\":\"Boat Rental Mallorca\"},\"image\":{\"@id\":\"https:\/\/boatrentalmallorca.net\/#\/schema\/logo\/image\/\"},\"description\":\"Boat Rental Mallorca is a local company offering yacht and boat rentals in Mallorca for sunset cruises, half-day, or full-day trips, with or without a captain. Prices start from \u20ac150 per hour. Boats are available for all types of private and corporate events.\",\"email\":\"boatrentalsmallorca@gmail.com\",\"telephone\":\"+34622937315\",\"numberOfEmployees\":{\"@type\":\"QuantitativeValue\",\"minValue\":\"1\",\"maxValue\":\"10\"}}]}<\/script>\n<!-- \/ Yoast SEO Premium plugin. -->","yoast_head_json":{"title":"Privacy Policy - Boat Rental Mallorca","description":"Privacy Policy: We collect anonymous data, use cookies, and protect your info. Users can manage data and contact us for deletion requests.","robots":{"index":"index","follow":"follow","max-snippet":"max-snippet:-1","max-image-preview":"max-image-preview:large","max-video-preview":"max-video-preview:-1"},"canonical":"https:\/\/boatrentalmallorca.net\/es\/privacy-policy\/","og_locale":"es_ES","og_type":"article","og_title":"Privacy Policy","og_description":"Privacy Policy: We collect anonymous data, use cookies, and protect your info. Users can manage data and contact us for deletion requests.","og_url":"https:\/\/boatrentalmallorca.net\/es\/privacy-policy\/","og_site_name":"Boat Rental Mallorca","article_modified_time":"2025-01-29T17:01:23+00:00","twitter_card":"summary_large_image","twitter_misc":{"Tiempo de lectura":"6 minutos"},"schema":{"@context":"https:\/\/schema.org","@graph":[{"@type":"WebPage","@id":"https:\/\/boatrentalmallorca.net\/privacy-policy\/","url":"https:\/\/boatrentalmallorca.net\/privacy-policy\/","name":"Privacy Policy - Boat Rental Mallorca","isPartOf":{"@id":"https:\/\/boatrentalmallorca.net\/#website"},"datePublished":"2025-01-29T16:51:52+00:00","dateModified":"2025-01-29T17:01:23+00:00","description":"Privacy Policy: We collect anonymous data, use cookies, and protect your info. Users can manage data and contact us for deletion requests.","breadcrumb":{"@id":"https:\/\/boatrentalmallorca.net\/privacy-policy\/#breadcrumb"},"inLanguage":"es","potentialAction":[{"@type":"ReadAction","target":["https:\/\/boatrentalmallorca.net\/privacy-policy\/"]}]},{"@type":"BreadcrumbList","@id":"https:\/\/boatrentalmallorca.net\/privacy-policy\/#breadcrumb","itemListElement":[{"@type":"ListItem","position":1,"name":"Home","item":"https:\/\/boatrentalmallorca.net\/"},{"@type":"ListItem","position":2,"name":"Privacy Policy"}]},{"@type":"WebSite","@id":"https:\/\/boatrentalmallorca.net\/#website","url":"https:\/\/boatrentalmallorca.net\/","name":"Boat Rental Mallorca","description":"","publisher":{"@id":"https:\/\/boatrentalmallorca.net\/#organization"},"potentialAction":[{"@type":"SearchAction","target":{"@type":"EntryPoint","urlTemplate":"https:\/\/boatrentalmallorca.net\/?s={search_term_string}"},"query-input":{"@type":"PropertyValueSpecification","valueRequired":true,"valueName":"search_term_string"}}],"inLanguage":"es"},{"@type":"Organization","@id":"https:\/\/boatrentalmallorca.net\/#organization","name":"Boat Rental Mallorca","url":"https:\/\/boatrentalmallorca.net\/","logo":{"@type":"ImageObject","inLanguage":"es","@id":"https:\/\/boatrentalmallorca.net\/#\/schema\/logo\/image\/","url":"https:\/\/boatrentalmallorca.net\/wp-content\/uploads\/2025\/02\/Logo-Boat-Rental-Mallorca.jpg","contentUrl":"https:\/\/boatrentalmallorca.net\/wp-content\/uploads\/2025\/02\/Logo-Boat-Rental-Mallorca.jpg","width":996,"height":1068,"caption":"Boat Rental Mallorca"},"image":{"@id":"https:\/\/boatrentalmallorca.net\/#\/schema\/logo\/image\/"},"description":"Boat Rental Mallorca is a local company offering yacht and boat rentals in Mallorca for sunset cruises, half-day, or full-day trips, with or without a captain. Prices start from \u20ac150 per hour. Boats are available for all types of private and corporate events.","email":"boatrentalsmallorca@gmail.com","telephone":"+34622937315","numberOfEmployees":{"@type":"QuantitativeValue","minValue":"1","maxValue":"10"}}]}},"_links":{"self":[{"href":"https:\/\/boatrentalmallorca.net\/es\/wp-json\/wp\/v2\/pages\/3215","targetHints":{"allow":["GET"]}}],"collection":[{"href":"https:\/\/boatrentalmallorca.net\/es\/wp-json\/wp\/v2\/pages"}],"about":[{"href":"https:\/\/boatrentalmallorca.net\/es\/wp-json\/wp\/v2\/types\/page"}],"author":[{"embeddable":true,"href":"https:\/\/boatrentalmallorca.net\/es\/wp-json\/wp\/v2\/users\/2"}],"replies":[{"embeddable":true,"href":"https:\/\/boatrentalmallorca.net\/es\/wp-json\/wp\/v2\/comments?post=3215"}],"version-history":[{"count":3,"href":"https:\/\/boatrentalmallorca.net\/es\/wp-json\/wp\/v2\/pages\/3215\/revisions"}],"predecessor-version":[{"id":3226,"href":"https:\/\/boatrentalmallorca.net\/es\/wp-json\/wp\/v2\/pages\/3215\/revisions\/3226"}],"wp:attachment":[{"href":"https:\/\/boatrentalmallorca.net\/es\/wp-json\/wp\/v2\/media?parent=3215"}],"curies":[{"name":"wp","href":"https:\/\/api.w.org\/{rel}","templated":true}]}}