{"id":3200,"date":"2025-01-28T16:23:31","date_gmt":"2025-01-28T16:23:31","guid":{"rendered":"https:\/\/boatrentalmallorca.net\/?page_id=3200"},"modified":"2025-01-28T16:33:38","modified_gmt":"2025-01-28T16:33:38","slug":"general-terms-of-contract","status":"publish","type":"page","link":"https:\/\/boatrentalmallorca.net\/es\/general-terms-of-contract\/","title":{"rendered":"Condiciones Generales del Contrato"},"content":{"rendered":"<p>Las presentes Condiciones Generales regulan la relaci\u00f3n entre boatrentalmallorca.net y el usuario que celebre un contrato de prestaci\u00f3n de servicios o compra de bienes ofertados en este sitio web.<\/p>\n\n\n\n<p>Las presentes Condiciones Generales se redactan de conformidad con lo dispuesto en la Ley 34\/2002 de Servicios de la Sociedad de la Informaci\u00f3n y de Comercio Electr\u00f3nico, la Ley 7\/1998 sobre Condiciones Generales de la Contrataci\u00f3n, el Real Decreto 1906\/1999 por el que se regula la contrataci\u00f3n telef\u00f3nica y electr\u00f3nica y se establecen las condiciones generales de conformidad con el art\u00edculo 5.3 de la Ley 7\/1998, el Real Decreto Legislativo 1\/2007, de 16 de noviembre, por el que se aprueba el Texto Refundido de la Ley General para la Defensa de los Consumidores y Usuarios, as\u00ed como dem\u00e1s normativa aplicable, incluida la Ley 7\/1996 de Ordenaci\u00f3n del Comercio Minorista y el Real Decreto-ley 14\/1999 de Firma Electr\u00f3nica.<\/p>\n\n\n\n<h2 class=\"wp-block-heading\" id=\"h-1-general-characteristics-of-services\">1. Caracter\u00edsticas generales de los servicios<\/h2>\n\n\n\n<p>1.1. Boatrentalmallorca.net es una agencia de alquiler de barcos que act\u00faa como intermediaria entre las empresas de charter y los arrendatarios o clientes.<br><br>1.2. El prop\u00f3sito de este sitio web es informar a los usuarios sobre los productos y servicios que ofrece boatrentalmallorca.net. Todos los tr\u00e1mites posteriores y la formalizaci\u00f3n de contratos se realizan por correo electr\u00f3nico, tel\u00e9fono o mensajer\u00eda.<\/p>\n\n\n\n<h2 class=\"wp-block-heading\" id=\"h-2-prices\">2. Precios<\/h2>\n\n\n\n<p>Los precios e impuestos aplicables a cada servicio ser\u00e1n los indicados en el sitio web y permanecer\u00e1n vigentes mientras est\u00e9n a disposici\u00f3n del usuario.<\/p>\n\n\n\n<h2 class=\"wp-block-heading\" id=\"h-3-payment-methods\">3. M\u00e9todos de pago<\/h2>\n\n\n\n<p>El usuario podr\u00e1 realizar los pagos mediante transferencia bancaria a la cuenta facilitada en el momento del pago, as\u00ed como a trav\u00e9s de los m\u00e9todos de pago disponibles que aparecen en el sitio web o mediante tarjeta de cr\u00e9dito\/d\u00e9bito.<\/p>\n\n\n\n<h2 class=\"wp-block-heading\" id=\"h-4-deposit-security-deposit\">4. Dep\u00f3sito (Dep\u00f3sito de seguridad)<\/h2>\n\n\n\n<p>4.1. Al firmar los documentos y recibir la embarcaci\u00f3n, el cliente deber\u00e1 abonar un dep\u00f3sito de garant\u00eda que cubre posibles roturas, da\u00f1os, grietas, desgarros u otros defectos, as\u00ed como la limpieza de la embarcaci\u00f3n y el cumplimiento del plazo de devoluci\u00f3n acordado.<br><br>4.2. El dep\u00f3sito podr\u00e1 abonarse con tarjeta de cr\u00e9dito\/d\u00e9bito o en efectivo en el puerto de salida.<br><br>4.3. El dep\u00f3sito se reembolsar\u00e1 tras la inspecci\u00f3n de la embarcaci\u00f3n, siempre que se devuelva en condiciones aceptables.<\/p>\n\n\n\n<h2 class=\"wp-block-heading\" id=\"h-5-handover-of-the-boat-to-the-client\">5. Entrega de la embarcaci\u00f3n al cliente<\/h2>\n\n\n\n<p>5.1. Antes de tomar posesi\u00f3n de la embarcaci\u00f3n, el cliente tiene derecho a inspeccionarla junto con un representante de la base para garantizar que la embarcaci\u00f3n y su equipo est\u00e9n en buen estado de funcionamiento. Al aceptar la embarcaci\u00f3n y comenzar el alquiler, el cliente confirma que la embarcaci\u00f3n se encuentra en buen estado.<br><br>5.2. La embarcaci\u00f3n aut\u00f3noma se entregar\u00e1 al cliente con el dep\u00f3sito de agua y combustible llenos, la bater\u00eda completamente cargada y el nivel de aceite de motor necesario. La embarcaci\u00f3n deber\u00e1 devolverse en las mismas condiciones. Las embarcaciones con capit\u00e1n (tripulaci\u00f3n) son gestionadas directamente por el personal de la embarcaci\u00f3n, y las condiciones del combustible y el agua pueden variar seg\u00fan la embarcaci\u00f3n seleccionada.<br><br>5.3. La embarcaci\u00f3n ser\u00e1 entregada al arrendatario en el puerto especificado en las condiciones individuales del contrato.<br><br>5.4. Cualquier retraso en la recepci\u00f3n de la embarcaci\u00f3n por culpa del cliente no da derecho a una pr\u00f3rroga del alquiler.<br><br>5.5. En caso de retrasos debido a condiciones clim\u00e1ticas, no se otorgar\u00e1 reembolso ni pr\u00f3rroga del alquiler.<\/p>\n\n\n\n<h2 class=\"wp-block-heading\" id=\"h-6-equivalent-vessel\">6. Buque equivalente<\/h2>\n\n\n\n<p>El alquiler de embarcaciones se realiza por categor\u00eda. Si la embarcaci\u00f3n especificada en el contrato no puede utilizarse debido a da\u00f1os previos o un accidente, el propietario de la embarcaci\u00f3n tiene derecho a proporcionar al cliente una embarcaci\u00f3n similar.<\/p>\n\n\n\n<h2 class=\"wp-block-heading\" id=\"h-7-boat-return\">7. Regreso en barco<\/h2>\n\n\n\n<p>7.1. En caso de retraso en la devoluci\u00f3n, se aplicar\u00e1 una penalizaci\u00f3n equivalente al doble de la tarifa diaria de alquiler por cada d\u00eda de retraso, adem\u00e1s de cualquier penalizaci\u00f3n adicional que boatrentalmallorca.net pueda incurrir debido al retraso en la entrega de la embarcaci\u00f3n al siguiente arrendatario. Las condiciones meteorol\u00f3gicas no justifican un retraso en la devoluci\u00f3n.<br><br>7.2. La embarcaci\u00f3n deber\u00e1 ser devuelta al mismo puerto donde fue entregada al cliente y dentro del plazo especificado en el contrato, salvo acuerdo en contrario en las condiciones particulares del alquiler.<br><br>7.3. A la devoluci\u00f3n, se inspeccionar\u00e1 la embarcaci\u00f3n para verificar su equipamiento, comprobar la ausencia de da\u00f1os, roturas, grietas o desgarros y comprobar su limpieza. Los niveles de combustible y agua deber\u00e1n estar completamente llenos. Cualquier gasto necesario para restaurar la embarcaci\u00f3n a su estado original se deducir\u00e1 del dep\u00f3sito de seguridad.<\/p>\n\n\n\n<h2 class=\"wp-block-heading\" id=\"h-8-right-to-cancel-the-rental\">8. Derecho a cancelar el alquiler<\/h2>\n\n\n\n<p>8.1. Los asuntos relacionados con la cancelaci\u00f3n del alquiler, incluyendo plazos, penalizaciones y pol\u00edticas de reembolso, se rigen por el contrato de alquiler del propietario de la embarcaci\u00f3n.<br><br>8.2. Si la Cl\u00e1usula 8.1 no puede aplicarse por cualquier motivo, las penalizaciones por cancelaci\u00f3n ser\u00e1n las siguientes:<br>a. Cancelaci\u00f3n 90 d\u00edas o m\u00e1s antes de la fecha de inicio del alquiler: se retiene el 80% del costo del alquiler.<br>b. Cancelaci\u00f3n con menos de 90 d\u00edas de antelaci\u00f3n a la fecha de inicio del alquiler: se retiene el 100% del coste del alquiler.<br><br>8.3. Si no se pueden aplicar las cl\u00e1usulas 8.1 y 8.2, boatrentalmallorca.net aplicar\u00e1 una penalizaci\u00f3n por cancelaci\u00f3n de 20% del coste del alquiler de la embarcaci\u00f3n, excluyendo los servicios adicionales y dem\u00e1s obligaciones contractuales.<br><br>8.4. Las cancelaciones de reservas deben realizarse por escrito a trav\u00e9s del servicio de atenci\u00f3n al cliente en <a href=\"mailto:boatrentalsmallorca@gmail.com\">boatrentalsmallorca@gmail.com<\/a>.<\/p>\n\n\n\n<h2 class=\"wp-block-heading\" id=\"h-9-right-to-terminate-the-contract\">9. Derecho a rescindir el contrato<\/h2>\n\n\n\n<p>9.1. El incumplimiento de los plazos de pago supondr\u00e1 la rescisi\u00f3n del contrato. Boatrentalmallorca.net notificar\u00e1 al cliente la rescisi\u00f3n por escrito o verbalmente, y no se reembolsar\u00e1n los pagos ya realizados.<\/p>\n\n\n\n<p>9.2. El uso irresponsable de la embarcaci\u00f3n, el incumplimiento de las condiciones de alquiler o el incumplimiento de las leyes y normativas aplicables podr\u00e1n dar lugar a la rescisi\u00f3n autom\u00e1tica del contrato.<\/p>\n\n\n\n<h2 class=\"wp-block-heading\" id=\"h-10-rules-of-use\">10. Reglas de uso<\/h2>\n\n\n\n<p>10.1. El cliente est\u00e1 obligado a utilizar la embarcaci\u00f3n conforme a la legislaci\u00f3n aplicable y es totalmente responsable de cualquier infracci\u00f3n que pueda producirse durante su uso.<br><br>10.2. El cliente deber\u00e1 proporcionar todos los documentos y licencias necesarios para que el armador preste el servicio. Si el armador determina que el cliente carece de las habilidades necesarias para operar la embarcaci\u00f3n, podr\u00e1 asignar un patr\u00f3n profesional. Cualquier costo adicional por este servicio deber\u00e1 ser cubierto por el cliente seg\u00fan las tarifas establecidas.<br><br>10.3. La zona de navegaci\u00f3n permitida se especifica en las condiciones individuales del contrato y depende de la licencia del cliente. El usuario no podr\u00e1 exceder las zonas designadas sin la autorizaci\u00f3n escrita del propietario de la embarcaci\u00f3n. Solo la persona designada en el contrato podr\u00e1 operar la embarcaci\u00f3n.<br><br>10.4. El cliente solo podr\u00e1 utilizar la embarcaci\u00f3n para fines recreativos personales con las personas indicadas en el contrato. La embarcaci\u00f3n no podr\u00e1 utilizarse para fines comerciales, competiciones ni subarrendamiento.<br><br>10.5. Queda estrictamente prohibido exceder la capacidad m\u00e1xima de pasajeros del buque.<br><br>10.6. Los gastos adicionales, como comida, combustible, suministro de agua, atraque fuera del puerto base y cualquier servicio no incluido en el contrato de alquiler (p. ej., patr\u00f3n, cocinero, asistente, piloto autom\u00e1tico, velas Spinnaker o Blister) no est\u00e1n incluidos en el precio del alquiler.<\/p>\n\n\n\n<ul class=\"wp-block-list\">\n<li>Los precios del servicio de barco los establece el propietario del barco y boatrentalmallorca.net no es responsable de estos costes.<\/li>\n\n\n\n<li>Se recomienda encarecidamente al cliente solicitar una lista de precios antes del viaje y familiarizarse con las tarifas de amarre, los impuestos portuarios y locales y las tarifas de entrada a los parques nacionales.<\/li>\n\n\n\n<li>Boatrentalmallorca.net no se hace responsable de ninguna incidencia relacionada con estos gastos.<\/li>\n<\/ul>\n\n\n\n<p>10.7. El cliente est\u00e1 obligado a notificar inmediatamente a boatrentalmallorca.net cualquier accidente, da\u00f1o o p\u00e9rdida que sufra la embarcaci\u00f3n o que pueda ocurrir.<br><br>10.8. El propietario de la embarcaci\u00f3n no se responsabiliza de ning\u00fan da\u00f1o que el cliente cause a terceros o a sus bienes como consecuencia del uso de la misma.<br><br>10.9. La ruta de navegaci\u00f3n la determinar\u00e1 el cliente en colaboraci\u00f3n con el patr\u00f3n o el representante del armador.<\/p>\n\n\n\n<ul class=\"wp-block-list\">\n<li>La ruta puede cambiar debido a las condiciones clim\u00e1ticas.<\/li>\n\n\n\n<li>En tales casos, el cliente no podr\u00e1 reclamar indemnizaci\u00f3n ni presentar reclamaciones.<\/li>\n<\/ul>\n\n\n\n<p>10.10. Al pagar el alquiler, el cliente acepta incondicionalmente todos estos t\u00e9rminos de uso y reconoce que el incumplimiento de estas condiciones puede resultar en la obligaci\u00f3n de compensar cualquier p\u00e9rdida sufrida, as\u00ed como en la cancelaci\u00f3n del contrato sin reembolso.<\/p>\n\n\n\n<h2 class=\"wp-block-heading\" id=\"h-11-complaints\">11. Quejas<\/h2>\n\n\n\n<p>11.1. Las reclamaciones deber\u00e1n presentarse durante el per\u00edodo de alquiler de la embarcaci\u00f3n o al momento de su devoluci\u00f3n, por escrito, utilizando un formulario especial de reclamaciones proporcionado directamente por el propietario de la embarcaci\u00f3n. La reclamaci\u00f3n deber\u00e1 estar firmada tanto por el cliente como por el representante del propietario de la embarcaci\u00f3n.<\/p>\n\n\n\n<ul class=\"wp-block-list\">\n<li>Se deber\u00e1 enviar una copia de la queja a boatrentalmallorca.net por correo electr\u00f3nico a <a href=\"mailto:boatrentalsmallorca@gmail.com\">boatrentalsmallorca@gmail.com<\/a> a m\u00e1s tardar 2 d\u00edas despu\u00e9s de la finalizaci\u00f3n del per\u00edodo de alquiler.<\/li>\n<\/ul>\n\n\n\n<h2 class=\"wp-block-heading\" id=\"h-12-jurisdiction-and-applicable-law\">12. Jurisdicci\u00f3n y ley aplicable<\/h2>\n\n\n\n<p>Todas las controversias relacionadas con la interpretaci\u00f3n o ejecuci\u00f3n de este contrato ser\u00e1n de competencia de las autoridades mar\u00edtimas y, en su caso, de los tribunales de Espa\u00f1a.<br>El presente contrato se rige por la legislaci\u00f3n espa\u00f1ola.<\/p>","protected":false},"excerpt":{"rendered":"<p>These General Terms and Conditions regulate the relationship between boatrentalmallorca.net and users entering into a contract for the provision of services or the purchase of goods offered on this website. These General Terms and Conditions are drafted in accordance with the provisions of Law 34\/2002 on Information Society Services and Electronic Commerce, Law 7\/1998 on [&hellip;]<\/p>","protected":false},"author":2,"featured_media":0,"parent":0,"menu_order":0,"comment_status":"closed","ping_status":"closed","template":"","meta":{"_acf_changed":false,"footnotes":""},"class_list":["post-3200","page","type-page","status-publish","hentry"],"acf":[],"yoast_head":"<!-- This site is optimized with the Yoast SEO Premium plugin v24.3 (Yoast SEO v24.3) - https:\/\/yoast.com\/wordpress\/plugins\/seo\/ -->\n<title>General Terms of Contract - Boat Rental Mallorca<\/title>\n<meta name=\"description\" content=\"General Terms of Contract for boatrentalmallorca.net: Rules, pricing, payments, security deposits, cancellations, and boat rental conditions.\" \/>\n<meta name=\"robots\" content=\"index, follow, max-snippet:-1, max-image-preview:large, max-video-preview:-1\" \/>\n<link rel=\"canonical\" href=\"https:\/\/boatrentalmallorca.net\/es\/general-terms-of-contract\/\" \/>\n<meta property=\"og:locale\" content=\"es_ES\" \/>\n<meta property=\"og:type\" content=\"article\" \/>\n<meta property=\"og:title\" content=\"General Terms of Contract\" \/>\n<meta property=\"og:description\" content=\"General Terms of Contract for boatrentalmallorca.net: Rules, pricing, payments, security deposits, cancellations, and boat rental conditions.\" \/>\n<meta property=\"og:url\" content=\"https:\/\/boatrentalmallorca.net\/es\/general-terms-of-contract\/\" \/>\n<meta property=\"og:site_name\" content=\"Boat Rental Mallorca\" \/>\n<meta property=\"article:modified_time\" content=\"2025-01-28T16:33:38+00:00\" \/>\n<meta name=\"twitter:card\" content=\"summary_large_image\" \/>\n<meta name=\"twitter:label1\" content=\"Tiempo de lectura\" \/>\n\t<meta name=\"twitter:data1\" content=\"7 minutos\" \/>\n<script type=\"application\/ld+json\" class=\"yoast-schema-graph\">{\"@context\":\"https:\/\/schema.org\",\"@graph\":[{\"@type\":\"WebPage\",\"@id\":\"https:\/\/boatrentalmallorca.net\/general-terms-of-contract\/\",\"url\":\"https:\/\/boatrentalmallorca.net\/general-terms-of-contract\/\",\"name\":\"General Terms of Contract - Boat Rental Mallorca\",\"isPartOf\":{\"@id\":\"https:\/\/boatrentalmallorca.net\/#website\"},\"datePublished\":\"2025-01-28T16:23:31+00:00\",\"dateModified\":\"2025-01-28T16:33:38+00:00\",\"description\":\"General Terms of Contract for boatrentalmallorca.net: Rules, pricing, payments, security deposits, cancellations, and boat rental conditions.\",\"breadcrumb\":{\"@id\":\"https:\/\/boatrentalmallorca.net\/general-terms-of-contract\/#breadcrumb\"},\"inLanguage\":\"es\",\"potentialAction\":[{\"@type\":\"ReadAction\",\"target\":[\"https:\/\/boatrentalmallorca.net\/general-terms-of-contract\/\"]}]},{\"@type\":\"BreadcrumbList\",\"@id\":\"https:\/\/boatrentalmallorca.net\/general-terms-of-contract\/#breadcrumb\",\"itemListElement\":[{\"@type\":\"ListItem\",\"position\":1,\"name\":\"Home\",\"item\":\"https:\/\/boatrentalmallorca.net\/\"},{\"@type\":\"ListItem\",\"position\":2,\"name\":\"General Terms of Contract\"}]},{\"@type\":\"WebSite\",\"@id\":\"https:\/\/boatrentalmallorca.net\/#website\",\"url\":\"https:\/\/boatrentalmallorca.net\/\",\"name\":\"Boat Rental Mallorca\",\"description\":\"\",\"publisher\":{\"@id\":\"https:\/\/boatrentalmallorca.net\/#organization\"},\"potentialAction\":[{\"@type\":\"SearchAction\",\"target\":{\"@type\":\"EntryPoint\",\"urlTemplate\":\"https:\/\/boatrentalmallorca.net\/?s={search_term_string}\"},\"query-input\":{\"@type\":\"PropertyValueSpecification\",\"valueRequired\":true,\"valueName\":\"search_term_string\"}}],\"inLanguage\":\"es\"},{\"@type\":\"Organization\",\"@id\":\"https:\/\/boatrentalmallorca.net\/#organization\",\"name\":\"Boat Rental Mallorca\",\"url\":\"https:\/\/boatrentalmallorca.net\/\",\"logo\":{\"@type\":\"ImageObject\",\"inLanguage\":\"es\",\"@id\":\"https:\/\/boatrentalmallorca.net\/#\/schema\/logo\/image\/\",\"url\":\"https:\/\/boatrentalmallorca.net\/wp-content\/uploads\/2025\/02\/Logo-Boat-Rental-Mallorca.jpg\",\"contentUrl\":\"https:\/\/boatrentalmallorca.net\/wp-content\/uploads\/2025\/02\/Logo-Boat-Rental-Mallorca.jpg\",\"width\":996,\"height\":1068,\"caption\":\"Boat Rental Mallorca\"},\"image\":{\"@id\":\"https:\/\/boatrentalmallorca.net\/#\/schema\/logo\/image\/\"},\"description\":\"Boat Rental Mallorca is a local company offering yacht and boat rentals in Mallorca for sunset cruises, half-day, or full-day trips, with or without a captain. Prices start from \u20ac150 per hour. Boats are available for all types of private and corporate events.\",\"email\":\"boatrentalsmallorca@gmail.com\",\"telephone\":\"+34622937315\",\"numberOfEmployees\":{\"@type\":\"QuantitativeValue\",\"minValue\":\"1\",\"maxValue\":\"10\"}}]}<\/script>\n<!-- \/ Yoast SEO Premium plugin. -->","yoast_head_json":{"title":"General Terms of Contract - Boat Rental Mallorca","description":"General Terms of Contract for boatrentalmallorca.net: Rules, pricing, payments, security deposits, cancellations, and boat rental conditions.","robots":{"index":"index","follow":"follow","max-snippet":"max-snippet:-1","max-image-preview":"max-image-preview:large","max-video-preview":"max-video-preview:-1"},"canonical":"https:\/\/boatrentalmallorca.net\/es\/general-terms-of-contract\/","og_locale":"es_ES","og_type":"article","og_title":"General Terms of Contract","og_description":"General Terms of Contract for boatrentalmallorca.net: Rules, pricing, payments, security deposits, cancellations, and boat rental conditions.","og_url":"https:\/\/boatrentalmallorca.net\/es\/general-terms-of-contract\/","og_site_name":"Boat Rental Mallorca","article_modified_time":"2025-01-28T16:33:38+00:00","twitter_card":"summary_large_image","twitter_misc":{"Tiempo de lectura":"7 minutos"},"schema":{"@context":"https:\/\/schema.org","@graph":[{"@type":"WebPage","@id":"https:\/\/boatrentalmallorca.net\/general-terms-of-contract\/","url":"https:\/\/boatrentalmallorca.net\/general-terms-of-contract\/","name":"General Terms of Contract - Boat Rental Mallorca","isPartOf":{"@id":"https:\/\/boatrentalmallorca.net\/#website"},"datePublished":"2025-01-28T16:23:31+00:00","dateModified":"2025-01-28T16:33:38+00:00","description":"General Terms of Contract for boatrentalmallorca.net: Rules, pricing, payments, security deposits, cancellations, and boat rental conditions.","breadcrumb":{"@id":"https:\/\/boatrentalmallorca.net\/general-terms-of-contract\/#breadcrumb"},"inLanguage":"es","potentialAction":[{"@type":"ReadAction","target":["https:\/\/boatrentalmallorca.net\/general-terms-of-contract\/"]}]},{"@type":"BreadcrumbList","@id":"https:\/\/boatrentalmallorca.net\/general-terms-of-contract\/#breadcrumb","itemListElement":[{"@type":"ListItem","position":1,"name":"Home","item":"https:\/\/boatrentalmallorca.net\/"},{"@type":"ListItem","position":2,"name":"General Terms of Contract"}]},{"@type":"WebSite","@id":"https:\/\/boatrentalmallorca.net\/#website","url":"https:\/\/boatrentalmallorca.net\/","name":"Boat Rental Mallorca","description":"","publisher":{"@id":"https:\/\/boatrentalmallorca.net\/#organization"},"potentialAction":[{"@type":"SearchAction","target":{"@type":"EntryPoint","urlTemplate":"https:\/\/boatrentalmallorca.net\/?s={search_term_string}"},"query-input":{"@type":"PropertyValueSpecification","valueRequired":true,"valueName":"search_term_string"}}],"inLanguage":"es"},{"@type":"Organization","@id":"https:\/\/boatrentalmallorca.net\/#organization","name":"Boat Rental Mallorca","url":"https:\/\/boatrentalmallorca.net\/","logo":{"@type":"ImageObject","inLanguage":"es","@id":"https:\/\/boatrentalmallorca.net\/#\/schema\/logo\/image\/","url":"https:\/\/boatrentalmallorca.net\/wp-content\/uploads\/2025\/02\/Logo-Boat-Rental-Mallorca.jpg","contentUrl":"https:\/\/boatrentalmallorca.net\/wp-content\/uploads\/2025\/02\/Logo-Boat-Rental-Mallorca.jpg","width":996,"height":1068,"caption":"Boat Rental Mallorca"},"image":{"@id":"https:\/\/boatrentalmallorca.net\/#\/schema\/logo\/image\/"},"description":"Boat Rental Mallorca is a local company offering yacht and boat rentals in Mallorca for sunset cruises, half-day, or full-day trips, with or without a captain. Prices start from \u20ac150 per hour. Boats are available for all types of private and corporate events.","email":"boatrentalsmallorca@gmail.com","telephone":"+34622937315","numberOfEmployees":{"@type":"QuantitativeValue","minValue":"1","maxValue":"10"}}]}},"_links":{"self":[{"href":"https:\/\/boatrentalmallorca.net\/es\/wp-json\/wp\/v2\/pages\/3200","targetHints":{"allow":["GET"]}}],"collection":[{"href":"https:\/\/boatrentalmallorca.net\/es\/wp-json\/wp\/v2\/pages"}],"about":[{"href":"https:\/\/boatrentalmallorca.net\/es\/wp-json\/wp\/v2\/types\/page"}],"author":[{"embeddable":true,"href":"https:\/\/boatrentalmallorca.net\/es\/wp-json\/wp\/v2\/users\/2"}],"replies":[{"embeddable":true,"href":"https:\/\/boatrentalmallorca.net\/es\/wp-json\/wp\/v2\/comments?post=3200"}],"version-history":[{"count":3,"href":"https:\/\/boatrentalmallorca.net\/es\/wp-json\/wp\/v2\/pages\/3200\/revisions"}],"predecessor-version":[{"id":3213,"href":"https:\/\/boatrentalmallorca.net\/es\/wp-json\/wp\/v2\/pages\/3200\/revisions\/3213"}],"wp:attachment":[{"href":"https:\/\/boatrentalmallorca.net\/es\/wp-json\/wp\/v2\/media?parent=3200"}],"curies":[{"name":"wp","href":"https:\/\/api.w.org\/{rel}","templated":true}]}}