{"id":3191,"date":"2025-01-28T13:28:41","date_gmt":"2025-01-28T13:28:41","guid":{"rendered":"https:\/\/boatrentalmallorca.net\/?page_id=3191"},"modified":"2025-01-28T13:31:33","modified_gmt":"2025-01-28T13:31:33","slug":"terms-and-conditions","status":"publish","type":"page","link":"https:\/\/boatrentalmallorca.net\/es\/terms-and-conditions\/","title":{"rendered":"T\u00e9rminos y condiciones"},"content":{"rendered":"<h2 class=\"wp-block-heading\" id=\"h-general-benefits-of-boatrentalmallorca-net\">Beneficios generales de boatrentalmallorca.net<\/h2>\n\n\n\n<p>En boatrentalmallorca.net, los usuarios pueden disfrutar de una plataforma online para el alquiler de barcos en Mallorca. A trav\u00e9s de esta plataforma, los propietarios de barcos pueden ofrecer sus embarcaciones en alquiler en Mallorca, mientras que los clientes pueden buscar la embarcaci\u00f3n adecuada y enviar una solicitud de alquiler. No es necesario registrarse en boatrentalmallorca.net para enviar una solicitud de alquiler; puede hacerlo a trav\u00e9s del formulario de contacto, correo electr\u00f3nico, cualquier aplicaci\u00f3n de mensajer\u00eda (WhatsApp, Viber, Telegram) o simplemente por tel\u00e9fono.<\/p>\n\n\n\n<p>Puede utilizar este sitio web para obtener informaci\u00f3n y explorar la selecci\u00f3n de barcos disponibles para alquilar en Mallorca.<\/p>\n\n\n\n<p>En adelante, el proveedor de la embarcaci\u00f3n se denominar\u00e1 el \u00abPropietario\u00bb y la persona que busca una embarcaci\u00f3n se denominar\u00e1 el \u00abCliente\u00bb. El t\u00e9rmino \u00abUsuario\u00bb se aplica tanto a Propietarios como a Clientes.<\/p>\n\n\n\n<p>Se indica expl\u00edcitamente que boatrentalmallorca.net no posee ninguna embarcaci\u00f3n. La empresa ofrece servicios de informaci\u00f3n y consultor\u00eda y funciona como una plataforma en l\u00ednea donde los propietarios de embarcaciones publican sus anuncios.<\/p>\n\n\n\n<p>Boatrentalmallorca.net se compromete a ofrecer servicios de gesti\u00f3n de forma c\u00f3moda y eficiente. La informaci\u00f3n presentada en la plataforma se basa en datos proporcionados por los propietarios de embarcaciones. Si bien el servicio se esfuerza por lograr la m\u00e1xima precisi\u00f3n, no podemos verificar ni garantizar que toda la informaci\u00f3n sea precisa, completa o correcta. Por este motivo, boatrentalmallorca.net no se responsabiliza del estado real de las embarcaciones reservadas por los clientes.<\/p>\n\n\n\n<p>Boatrentalmallorca.net ofrece a todos los usuarios la posibilidad de utilizar la plataforma online tanto como propietarios como clientes. Sin embargo, para publicar una o varias embarcaciones se requiere un n\u00famero de IVA (Impuesto sobre el Valor A\u00f1adido).<\/p>\n\n\n\n<p>Boatrentalmallorca.net permite a los propietarios de barcos publicar su propio contenido, incluyendo fotos y textos (como descripciones de barcos, im\u00e1genes, rese\u00f1as, etc.), pero no directamente; esto se hace con la ayuda del personal de nuestra plataforma.<\/p>\n\n\n\n<p>A trav\u00e9s de la plataforma online, boatrentalmallorca.net remite las solicitudes de alquiler de los Clientes a los Propietarios de embarcaciones.<\/p>\n\n\n\n<p>Boatrentalmallorca.net no proporciona a los Usuarios un sistema de mensajer\u00eda interna dentro de la plataforma y no permite a Clientes y Propietarios comunicarse entre s\u00ed directamente.<\/p>\n\n\n\n<p>Boatrentalmallorca.net ofrece a los propietarios la oportunidad de anunciar sus barcos en la plataforma con descripciones, especificaciones, im\u00e1genes y detalles de precios.<\/p>\n\n\n\n<p>Boatrentalmallorca.net pone a disposici\u00f3n de sus Clientes una plataforma online para buscar barcos de alquiler.<\/p>\n\n\n\n<h2 class=\"wp-block-heading\" id=\"h-registration\">Registro<\/h2>\n\n\n\n<p>El registro de usuario en boatrentalmallorca.net es gratuito. boatrentalmallorca.net no exige ning\u00fan pago por publicar ofertas de alquiler de barcos.<\/p>\n\n\n\n<p>Al registrarse o utilizar nuestros servicios, usted acepta los T\u00e9rminos de servicio actuales.<\/p>\n\n\n\n<p>Al registrarse, los propietarios de embarcaciones deben proporcionar informaci\u00f3n veraz, actualizada y completa sobre sus embarcaciones. Los datos deben mantenerse siempre precisos y actualizados.<\/p>\n\n\n\n<p>Para crear un anuncio, no es necesario crear una cuenta. Toda la informaci\u00f3n se env\u00eda por correo electr\u00f3nico a nuestro gerente, quien posteriormente publica el anuncio en nuestra plataforma en l\u00ednea.<\/p>\n\n\n\n<p>Los propietarios de embarcaciones se comprometen a proporcionar informaci\u00f3n precisa, actualizada y completa sobre sus embarcaciones y a actualizarla seg\u00fan sea necesario enviando los detalles actualizados por correo electr\u00f3nico para garantizar su precisi\u00f3n. boatrentalmallorca.net se reserva el derecho de suspender o finalizar la cooperaci\u00f3n con un propietario de embarcaci\u00f3n si la informaci\u00f3n proporcionada se considera inexacta, desactualizada o incompleta.<\/p>\n\n\n\n<p>Para aparecer en el sitio web, todas las embarcaciones deben tener una ubicaci\u00f3n f\u00edsica v\u00e1lida. Los anuncios se publican en el sitio web y los clientes pueden reservar embarcaciones de alquiler a trav\u00e9s de la p\u00e1gina web seg\u00fan la informaci\u00f3n del anuncio.<\/p>\n\n\n\n<p>Usted confirma y acepta que una vez que un cliente env\u00eda una solicitud de alquiler para su embarcaci\u00f3n, el precio de esa solicitud no se puede cambiar.<\/p>\n\n\n\n<h2 class=\"wp-block-heading\" id=\"h-user-responsibilities-and-liability\">Responsabilidades y obligaciones del usuario<\/h2>\n\n\n\n<p>Como propietario de una embarcaci\u00f3n, usted reconoce y acepta que es responsable de sus propias acciones y omisiones, as\u00ed como de las acciones y omisiones de cualquier persona que utilice su embarcaci\u00f3n a petici\u00f3n suya o por invitaci\u00f3n, incluidos los clientes.<\/p>\n\n\n\n<p>Todos los usuarios son responsables de su propio contenido y, por lo tanto, asumen todos los riesgos asociados a su publicaci\u00f3n.<\/p>\n\n\n\n<h2 class=\"wp-block-heading\" id=\"h-booking-process\">Proceso de reserva<\/h2>\n\n\n\n<ul class=\"wp-block-list\">\n<li>Nuestro asesor le proporcionar\u00e1 detalles sobre la disponibilidad del barco seg\u00fan sus preferencias.<\/li>\n\n\n\n<li>Haznos saber en qu\u00e9 barco est\u00e1s interesado.<\/li>\n\n\n\n<li>Nos pondremos en contacto con el propietario del barco para solicitar una reserva anticipada. Seg\u00fan la temporada, el barco podr\u00eda estar reservado para usted durante 24 horas o hasta una semana. Tenga en cuenta que la disponibilidad no est\u00e1 garantizada hasta que se confirme la reserva.<\/li>\n\n\n\n<li>Una vez que el propietario verifique la disponibilidad, le enviaremos un formulario de reserva con todos los detalles necesarios.<\/li>\n\n\n\n<li>Para asegurar su reserva, se requiere un pago inicial, que normalmente oscila entre 20% y 50% del costo total de la reserva, dependiendo del barco.<\/li>\n\n\n\n<li>Deber\u00e1 proporcionar un comprobante de pago, completar la secci\u00f3n de datos personales del formulario y devolv\u00e9rnoslo para recibir un recibo o factura.<\/li>\n\n\n\n<li>Emitiremos el recibo o factura e informaremos al propietario del barco sobre la reserva confirmada.<\/li>\n\n\n\n<li>Se le enviar\u00e1 un documento de confirmaci\u00f3n con todos los detalles del ch\u00e1rter.<\/li>\n\n\n\n<li>El saldo restante debe abonarse al menos tres d\u00edas antes de la salida o, si se ha acordado previamente, directamente con el propietario del barco a la llegada. De no completarse el pago dentro del plazo especificado, la reserva podr\u00eda cancelarse sin reembolso del dep\u00f3sito.<\/li>\n\n\n\n<li>Recibir\u00e1 un cup\u00f3n con todos los datos del puerto deportivo, la persona de contacto designada y su n\u00famero de tel\u00e9fono. Debe imprimir este documento y traerlo consigo. Tambi\u00e9n se le proporcionar\u00e1 una factura.<\/li>\n\n\n\n<li>Si boatrentalmallorca.net no recibe la informaci\u00f3n necesaria al menos tres d\u00edas antes de la fecha de inicio del charter, no podemos garantizar que la reserva se procese correctamente.<\/li>\n\n\n\n<li>Las condiciones de reserva pueden variar seg\u00fan la embarcaci\u00f3n. Su gestor personal le informar\u00e1 sobre las condiciones espec\u00edficas de la embarcaci\u00f3n seleccionada.<\/li>\n<\/ul>\n\n\n\n<h2 class=\"wp-block-heading\" id=\"h-ratings-and-reviews\">Calificaciones y rese\u00f1as<\/h2>\n\n\n\n<p>Boatrentalmallorca.net ofrece a los usuarios un sistema de valoraci\u00f3n que les permite valorar, dejar rese\u00f1as y subir fotos de los barcos que han utilizado.<\/p>\n\n\n\n<p>Los usuarios se comprometen a proporcionar \u00fanicamente informaci\u00f3n veraz en sus rese\u00f1as y a cumplir con la normativa legal. Las valoraciones deben ser objetivas y no contener lenguaje ofensivo.<\/p>\n\n\n\n<p>Se proh\u00edbe el uso indebido del sistema de calificaci\u00f3n. En particular, se proh\u00edbe:<\/p>\n\n\n\n<ul class=\"wp-block-list\">\n<li>Publicar calificaciones falsas,<\/li>\n\n\n\n<li>Dejar comentarios sobre uno mismo,<\/li>\n\n\n\n<li>Sobornar o coaccionar a otros usuarios para que dejen rese\u00f1as,<\/li>\n\n\n\n<li>Calificaciones de influencia por razones no relacionadas con la ejecuci\u00f3n real del contrato.<\/li>\n<\/ul>\n\n\n\n<p>Boatrentalmallorca.net no realiza una revisi\u00f3n exhaustiva de todas las valoraciones y opiniones de los usuarios.<\/p>\n\n\n\n<p>En cualquier caso, boatrentalmallorca.net se reserva el derecho de modificar, rechazar o eliminar rese\u00f1as y opiniones.<\/p>\n\n\n\n<h2 class=\"wp-block-heading\" id=\"h-duration-and-termination-of-agreement\">Duraci\u00f3n y terminaci\u00f3n del acuerdo<\/h2>\n\n\n\n<p>El acuerdo de uso de la plataforma tiene una validez indefinida.<\/p>\n\n\n\n<p>El usuario podr\u00e1 rescindir el contrato en cualquier momento enviando la notificaci\u00f3n correspondiente a boatrentalmallorca.net (v\u00eda correo electr\u00f3nico o tel\u00e9fono).<\/p>\n\n\n\n<p>La rescisi\u00f3n del contrato no afectar\u00e1 a los contratos de alquiler ya celebrados entre usuarios.<\/p>\n\n\n\n<h2 class=\"wp-block-heading\" id=\"h-modification-of-the-website-and-terms-of-use\">Modificaci\u00f3n del Sitio Web y Condiciones de Uso<\/h2>\n\n\n\n<p>Boatrentalmallorca.net se reserva el derecho de modificar, actualizar, suspender o eliminar el sitio web en cualquier momento sin previo aviso si lo considera razonable para los usuarios y en inter\u00e9s de boatrentalmallorca.net.<\/p>\n\n\n\n<p>Boatrentalmallorca.net tambi\u00e9n se reserva el derecho de modificar los T\u00e9rminos de Servicio con una fecha de vigencia futura. boatrentalmallorca.net no est\u00e1 obligado a notificar a los usuarios la nueva versi\u00f3n de los T\u00e9rminos de Servicio; la versi\u00f3n m\u00e1s actualizada siempre se puede encontrar en nuestro sitio web.<\/p>\n\n\n\n<p>Boatrentalmallorca.net puede modificar las comisiones en cualquier momento. Los cambios pertinentes se comunicar\u00e1n a los usuarios con antelaci\u00f3n a trav\u00e9s del sitio web de boatrentalmallorca.net y por correo electr\u00f3nico antes de su entrada en vigor.<\/p>","protected":false},"excerpt":{"rendered":"<p>General Benefits of boatrentalmallorca.net On boatrentalmallorca.net provides users with an online platform for boat rentals in Mallorca. Through this platform, boat owners can offer their vessels for rent in Mallorca, while clients can search for a suitable boat and send a rental request. There is no need to register an account on boatrentalmallorca.net to submit [&hellip;]<\/p>\n","protected":false},"author":2,"featured_media":0,"parent":0,"menu_order":0,"comment_status":"closed","ping_status":"closed","template":"","meta":{"_acf_changed":false,"footnotes":""},"class_list":["post-3191","page","type-page","status-publish","hentry"],"acf":[],"yoast_head":"<!-- This site is optimized with the Yoast SEO Premium plugin v24.3 (Yoast SEO v24.3) - https:\/\/yoast.com\/wordpress\/plugins\/seo\/ -->\n<title>Terms and Conditions - Boat Rental Mallorca<\/title>\n<meta name=\"description\" content=\"Terms and Conditions of boatrentalmallorca.net: Rules, responsibilities, booking policies, and service terms for boat rentals in Mallorca.\" \/>\n<meta name=\"robots\" content=\"index, follow, max-snippet:-1, max-image-preview:large, max-video-preview:-1\" \/>\n<link rel=\"canonical\" href=\"https:\/\/boatrentalmallorca.net\/es\/terms-and-conditions\/\" \/>\n<meta property=\"og:locale\" content=\"es_ES\" \/>\n<meta property=\"og:type\" content=\"article\" \/>\n<meta property=\"og:title\" content=\"Terms and Conditions\" \/>\n<meta property=\"og:description\" content=\"Terms and Conditions of boatrentalmallorca.net: Rules, responsibilities, booking policies, and service terms for boat rentals in Mallorca.\" \/>\n<meta property=\"og:url\" content=\"https:\/\/boatrentalmallorca.net\/es\/terms-and-conditions\/\" \/>\n<meta property=\"og:site_name\" content=\"Boat Rental Mallorca\" \/>\n<meta property=\"article:modified_time\" content=\"2025-01-28T13:31:33+00:00\" \/>\n<meta name=\"twitter:card\" content=\"summary_large_image\" \/>\n<meta name=\"twitter:label1\" content=\"Tiempo de lectura\" \/>\n\t<meta name=\"twitter:data1\" content=\"6 minutos\" \/>\n<script type=\"application\/ld+json\" class=\"yoast-schema-graph\">{\"@context\":\"https:\/\/schema.org\",\"@graph\":[{\"@type\":\"WebPage\",\"@id\":\"https:\/\/boatrentalmallorca.net\/terms-and-conditions\/\",\"url\":\"https:\/\/boatrentalmallorca.net\/terms-and-conditions\/\",\"name\":\"Terms and Conditions - Boat Rental Mallorca\",\"isPartOf\":{\"@id\":\"https:\/\/boatrentalmallorca.net\/#website\"},\"datePublished\":\"2025-01-28T13:28:41+00:00\",\"dateModified\":\"2025-01-28T13:31:33+00:00\",\"description\":\"Terms and Conditions of boatrentalmallorca.net: Rules, responsibilities, booking policies, and service terms for boat rentals in Mallorca.\",\"breadcrumb\":{\"@id\":\"https:\/\/boatrentalmallorca.net\/terms-and-conditions\/#breadcrumb\"},\"inLanguage\":\"es\",\"potentialAction\":[{\"@type\":\"ReadAction\",\"target\":[\"https:\/\/boatrentalmallorca.net\/terms-and-conditions\/\"]}]},{\"@type\":\"BreadcrumbList\",\"@id\":\"https:\/\/boatrentalmallorca.net\/terms-and-conditions\/#breadcrumb\",\"itemListElement\":[{\"@type\":\"ListItem\",\"position\":1,\"name\":\"Home\",\"item\":\"https:\/\/boatrentalmallorca.net\/\"},{\"@type\":\"ListItem\",\"position\":2,\"name\":\"Terms and Conditions\"}]},{\"@type\":\"WebSite\",\"@id\":\"https:\/\/boatrentalmallorca.net\/#website\",\"url\":\"https:\/\/boatrentalmallorca.net\/\",\"name\":\"Boat Rental Mallorca\",\"description\":\"\",\"publisher\":{\"@id\":\"https:\/\/boatrentalmallorca.net\/#organization\"},\"potentialAction\":[{\"@type\":\"SearchAction\",\"target\":{\"@type\":\"EntryPoint\",\"urlTemplate\":\"https:\/\/boatrentalmallorca.net\/?s={search_term_string}\"},\"query-input\":{\"@type\":\"PropertyValueSpecification\",\"valueRequired\":true,\"valueName\":\"search_term_string\"}}],\"inLanguage\":\"es\"},{\"@type\":\"Organization\",\"@id\":\"https:\/\/boatrentalmallorca.net\/#organization\",\"name\":\"Boat Rental Mallorca\",\"url\":\"https:\/\/boatrentalmallorca.net\/\",\"logo\":{\"@type\":\"ImageObject\",\"inLanguage\":\"es\",\"@id\":\"https:\/\/boatrentalmallorca.net\/#\/schema\/logo\/image\/\",\"url\":\"https:\/\/boatrentalmallorca.net\/wp-content\/uploads\/2025\/02\/Logo-Boat-Rental-Mallorca.jpg\",\"contentUrl\":\"https:\/\/boatrentalmallorca.net\/wp-content\/uploads\/2025\/02\/Logo-Boat-Rental-Mallorca.jpg\",\"width\":996,\"height\":1068,\"caption\":\"Boat Rental Mallorca\"},\"image\":{\"@id\":\"https:\/\/boatrentalmallorca.net\/#\/schema\/logo\/image\/\"},\"description\":\"Boat Rental Mallorca is a local company offering yacht and boat rentals in Mallorca for sunset cruises, half-day, or full-day trips, with or without a captain. Prices start from \u20ac150 per hour. Boats are available for all types of private and corporate events.\",\"email\":\"boatrentalsmallorca@gmail.com\",\"telephone\":\"+34622937315\",\"numberOfEmployees\":{\"@type\":\"QuantitativeValue\",\"minValue\":\"1\",\"maxValue\":\"10\"}}]}<\/script>\n<!-- \/ Yoast SEO Premium plugin. -->","yoast_head_json":{"title":"T\u00e9rminos y Condiciones - Alquiler de Barcos Mallorca","description":"T\u00e9rminos y Condiciones de boatrentalmallorca.net: Normas, responsabilidades, pol\u00edticas de reserva y t\u00e9rminos de servicio para el alquiler de barcos en Mallorca.","robots":{"index":"index","follow":"follow","max-snippet":"max-snippet:-1","max-image-preview":"max-image-preview:large","max-video-preview":"max-video-preview:-1"},"canonical":"https:\/\/boatrentalmallorca.net\/es\/terms-and-conditions\/","og_locale":"es_ES","og_type":"article","og_title":"Terms and Conditions","og_description":"Terms and Conditions of boatrentalmallorca.net: Rules, responsibilities, booking policies, and service terms for boat rentals in Mallorca.","og_url":"https:\/\/boatrentalmallorca.net\/es\/terms-and-conditions\/","og_site_name":"Boat Rental Mallorca","article_modified_time":"2025-01-28T13:31:33+00:00","twitter_card":"summary_large_image","twitter_misc":{"Tiempo de lectura":"6 minutos"},"schema":{"@context":"https:\/\/schema.org","@graph":[{"@type":"WebPage","@id":"https:\/\/boatrentalmallorca.net\/terms-and-conditions\/","url":"https:\/\/boatrentalmallorca.net\/terms-and-conditions\/","name":"T\u00e9rminos y Condiciones - Alquiler de Barcos Mallorca","isPartOf":{"@id":"https:\/\/boatrentalmallorca.net\/#website"},"datePublished":"2025-01-28T13:28:41+00:00","dateModified":"2025-01-28T13:31:33+00:00","description":"T\u00e9rminos y Condiciones de boatrentalmallorca.net: Normas, responsabilidades, pol\u00edticas de reserva y t\u00e9rminos de servicio para el alquiler de barcos en Mallorca.","breadcrumb":{"@id":"https:\/\/boatrentalmallorca.net\/terms-and-conditions\/#breadcrumb"},"inLanguage":"es","potentialAction":[{"@type":"ReadAction","target":["https:\/\/boatrentalmallorca.net\/terms-and-conditions\/"]}]},{"@type":"BreadcrumbList","@id":"https:\/\/boatrentalmallorca.net\/terms-and-conditions\/#breadcrumb","itemListElement":[{"@type":"ListItem","position":1,"name":"Home","item":"https:\/\/boatrentalmallorca.net\/"},{"@type":"ListItem","position":2,"name":"Terms and Conditions"}]},{"@type":"WebSite","@id":"https:\/\/boatrentalmallorca.net\/#website","url":"https:\/\/boatrentalmallorca.net\/","name":"Alquiler de barcos en Mallorca","description":"","publisher":{"@id":"https:\/\/boatrentalmallorca.net\/#organization"},"potentialAction":[{"@type":"SearchAction","target":{"@type":"EntryPoint","urlTemplate":"https:\/\/boatrentalmallorca.net\/?s={search_term_string}"},"query-input":{"@type":"PropertyValueSpecification","valueRequired":true,"valueName":"search_term_string"}}],"inLanguage":"es"},{"@type":"Organization","@id":"https:\/\/boatrentalmallorca.net\/#organization","name":"Alquiler de barcos en Mallorca","url":"https:\/\/boatrentalmallorca.net\/","logo":{"@type":"ImageObject","inLanguage":"es","@id":"https:\/\/boatrentalmallorca.net\/#\/schema\/logo\/image\/","url":"https:\/\/boatrentalmallorca.net\/wp-content\/uploads\/2025\/02\/Logo-Boat-Rental-Mallorca.jpg","contentUrl":"https:\/\/boatrentalmallorca.net\/wp-content\/uploads\/2025\/02\/Logo-Boat-Rental-Mallorca.jpg","width":996,"height":1068,"caption":"Boat Rental Mallorca"},"image":{"@id":"https:\/\/boatrentalmallorca.net\/#\/schema\/logo\/image\/"},"description":"Boat Rental Mallorca es una empresa local que ofrece alquiler de yates y barcos en Mallorca para cruceros al atardecer, excursiones de medio d\u00eda o de d\u00eda completo, con o sin capit\u00e1n. Los precios parten de 150 \u20ac por hora. Disponemos de barcos para todo tipo de eventos privados y corporativos.","email":"boatrentalsmallorca@gmail.com","telephone":"+34622937315","numberOfEmployees":{"@type":"QuantitativeValue","minValue":"1","maxValue":"10"}}]}},"_links":{"self":[{"href":"https:\/\/boatrentalmallorca.net\/es\/wp-json\/wp\/v2\/pages\/3191","targetHints":{"allow":["GET"]}}],"collection":[{"href":"https:\/\/boatrentalmallorca.net\/es\/wp-json\/wp\/v2\/pages"}],"about":[{"href":"https:\/\/boatrentalmallorca.net\/es\/wp-json\/wp\/v2\/types\/page"}],"author":[{"embeddable":true,"href":"https:\/\/boatrentalmallorca.net\/es\/wp-json\/wp\/v2\/users\/2"}],"replies":[{"embeddable":true,"href":"https:\/\/boatrentalmallorca.net\/es\/wp-json\/wp\/v2\/comments?post=3191"}],"version-history":[{"count":1,"href":"https:\/\/boatrentalmallorca.net\/es\/wp-json\/wp\/v2\/pages\/3191\/revisions"}],"predecessor-version":[{"id":3198,"href":"https:\/\/boatrentalmallorca.net\/es\/wp-json\/wp\/v2\/pages\/3191\/revisions\/3198"}],"wp:attachment":[{"href":"https:\/\/boatrentalmallorca.net\/es\/wp-json\/wp\/v2\/media?parent=3191"}],"curies":[{"name":"wp","href":"https:\/\/api.w.org\/{rel}","templated":true}]}}