{"id":3215,"date":"2025-01-29T16:51:52","date_gmt":"2025-01-29T16:51:52","guid":{"rendered":"https:\/\/boatrentalmallorca.net\/?page_id=3215"},"modified":"2025-01-29T17:01:23","modified_gmt":"2025-01-29T17:01:23","slug":"privacy-policy","status":"publish","type":"page","link":"https:\/\/boatrentalmallorca.net\/de\/privacy-policy\/","title":{"rendered":"Datenschutzrichtlinie"},"content":{"rendered":"<p>Wir sch\u00e4tzen Ihr Vertrauen in unsere Online-Plattform boatrentalmallorca.net zur Buchung von Bootsausfl\u00fcgen auf Mallorca. Deshalb sch\u00fctzen wir stets die Vertraulichkeit und den Datenschutz Ihrer pers\u00f6nlichen Daten.<\/p>\n\n\n\n<h2 class=\"wp-block-heading\" id=\"h-personal-data-protection-policy\">Datenschutzrichtlinie<\/h2>\n\n\n\n<p>Die strengen Sicherheitsvorkehrungen von boatrentalmallorca.net zielen darauf ab, Missbrauch und unbefugten Zugriff auf personenbezogene Daten zu verhindern.<\/p>\n\n\n\n<p>Boatrentalmallorca.net speichert personenbezogene Daten, die Informationen enthalten, die bei Anfragen \u00fcber die Website erfasst werden. Diese Daten werden ausschlie\u00dflich f\u00fcr statistische Zwecke, zum Versand von Werbeangeboten und zur Pflege der Kundenbeziehung zwischen boatrentalmallorca.net und dem Nutzer verwendet.<\/p>\n\n\n\n<p>Mit der Einwilligung bei der Registrierung erkl\u00e4rt sich der Nutzer damit einverstanden und garantiert, dass seine Daten f\u00fcr die oben genannten Zwecke verwendet werden d\u00fcrfen. Dar\u00fcber hinaus kann boatrentalmallorca.net mit dieser Einwilligung Nutzerbewertungen und Bilder von Booten ver\u00f6ffentlichen.<\/p>\n\n\n\n<p>Bei der Anfrage zur Bootsmiete ist das Ausf\u00fcllen eines Formulars mit pers\u00f6nlichen Daten erforderlich. Diese Angaben werden zur Bearbeitung der Mietanfrage ben\u00f6tigt, einschlie\u00dflich des Versands einer Best\u00e4tigungs-E-Mail.<\/p>\n\n\n\n<p>Zur Abwicklung der Miettransaktion \u00fcbermittelt boatrentalmallorca.net lediglich den Namen und die Kontaktdaten des Nutzers an den Bootsbesitzer, der der Anfrage zugeordnet ist.<\/p>\n\n\n\n<p>Werden Daten an im Ausland ans\u00e4ssige Verantwortliche \u00fcbermittelt (internationale Daten\u00fcbermittlung), stimmt der Nutzer der \u00dcbermittlung seiner Daten an die jeweiligen Verantwortlichen zu den oben genannten Zwecken zu. Diese Verantwortlichen k\u00f6nnen sich \u00fcberall auf der Welt befinden, auch in L\u00e4ndern, die kein mit der spanischen Gesetzgebung vergleichbares Datenschutzniveau bieten.<\/p>\n\n\n\n<p>Die Einwilligung zur Datenverarbeitung bleibt so lange g\u00fcltig, bis der Nutzer boatrentalmallorca.net schriftlich \u00fcber seinen Widerruf informiert.<\/p>\n\n\n\n<h2 class=\"wp-block-heading\" id=\"h-your-responsibilities\">Ihre Verantwortlichkeiten<\/h2>\n\n\n\n<p>Mit der Nutzung der Website Boatrentalmallorca.net erkl\u00e4ren Sie sich mit den zum Zeitpunkt der Registrierung ver\u00f6ffentlichten rechtlichen Bedingungen einverstanden.<\/p>\n\n\n\n<p>Alle von Kunden auf Boatrentalmallorca.net gemachten Angaben m\u00fcssen korrekt und wahrheitsgem\u00e4\u00df sein. Daher verpflichten sich alle Nutzer, die Richtigkeit ihrer Daten zu gew\u00e4hrleisten. Werden falsche Angaben gemacht, kann der Mietvorgang nicht abgeschlossen werden, da Anfragen mit fehlerhaften Details nicht bearbeitet werden k\u00f6nnen. Wurde eine Anmietung aufgrund falscher Angaben arrangiert, haben Kunden das Recht, dies in ihrer Bewertung des Bootes zu erw\u00e4hnen, was gegebenenfalls den Ruf des Eigent\u00fcmers beeintr\u00e4chtigen kann. Dar\u00fcber hinaus k\u00f6nnen Kunden Boatrentalmallorca.net kontaktieren, um ihre Beschwerden zu kl\u00e4ren und eine L\u00f6sung zu finden.<\/p>\n\n\n\n<p>Um die auf der Website Boatrentalmallorca.net angebotenen Dienste nutzen zu k\u00f6nnen, m\u00fcssen Sie im Rahmen des Anfrageprozesses Ihre pers\u00f6nlichen Daten angeben. Alle mit einem Sternchen (*) gekennzeichneten Felder sind Pflichtfelder. Werden diese Felder nicht ausgef\u00fcllt, kann die Anfrage nicht bearbeitet werden und Sie k\u00f6nnen die Dienste nicht nutzen.<\/p>\n\n\n\n<p>Wenn Sie ein Boot mieten, f\u00fcr dessen Betrieb ein g\u00fcltiges Zertifikat erforderlich ist, und keinen Kapit\u00e4n anheuern, m\u00fcssen Sie einen Nachweis \u00fcber Ihre seem\u00e4nnischen F\u00e4higkeiten erbringen.<\/p>\n\n\n\n<p>Wenn Sie keine weiteren Informationen erhalten m\u00f6chten, m\u00fcssen Sie uns dies schriftlich mitteilen. Nach Eingang Ihrer Anfrage werden wir Ihre Abmeldung vornehmen.<\/p>\n\n\n\n<h2 class=\"wp-block-heading\" id=\"h-responsibilities-of-boatrentalmallorca-net\">Verantwortlichkeiten von Boatrentalmallorca.net<\/h2>\n\n\n\n<p>Boatrentalmallorca.net \u00fcbernimmt keine Verantwortung f\u00fcr die Richtigkeit, Genauigkeit, Vollst\u00e4ndigkeit oder Aktualit\u00e4t der vom Bootsbesitzer bereitgestellten Informationen. Wir haften nicht f\u00fcr etwaige Fehler in den Informationen und Dienstleistungen und sind nicht verpflichtet, die bereitgestellten Inhalte und Details zu \u00fcberpr\u00fcfen oder zu kontrollieren.<\/p>\n\n\n\n<p>Boatrentalmallorca.net bietet ausschlie\u00dflich einen Informationsdienst gem\u00e4\u00df den Angaben auf der Website an. Boatrentalmallorca.net \u00fcbernimmt keine Haftung f\u00fcr Sch\u00e4den oder Unannehmlichkeiten, die durch die Qualit\u00e4t, den Preis, den Inhalt oder die Verf\u00fcgbarkeit der von Ihnen angemieteten oder bereits angemieteten Dienstleistungen entstehen.<\/p>\n\n\n\n<p>Boatrentalmallorca.net hat keine Kontrolle \u00fcber das Verhalten von Bootsbesitzern, Kunden oder anderen Website-Nutzern und lehnt diesbez\u00fcglich jegliche Verantwortung ab.<\/p>\n\n\n\n<p>Boatrentalmallorca.net haftet nicht f\u00fcr Probleme, die dem Kunden w\u00e4hrend der Mietzeit entstehen. Bei Problemen mit dem Boot, Nichterf\u00fcllung der Mietbedingungen durch den Eigent\u00fcmer oder unangemessenem Verhalten des Eigent\u00fcmers muss der Kunde die Angelegenheit direkt mit dem Eigent\u00fcmer kl\u00e4ren, nicht mit Boatrentalmallorca.net. Der Kunde unterzeichnet den Vertrag und akzeptiert die Bedingungen des Bootseigent\u00fcmers, nicht unsere. Obwohl die Zahlung direkt \u00fcber Boatrentalmallorca.net erfolgt, haften wir als Vermittler in keiner Weise.<\/p>\n\n\n\n<p>Boatrentalmallorca.net beh\u00e4lt sich das Recht vor, Bewertungen zu bearbeiten, abzulehnen oder zu entfernen. Boatrentalmallorca.net kann das Design, die Inhalte und die angebotenen Dienstleistungen der Website jederzeit und ohne Vorank\u00fcndigung \u00e4ndern.<\/p>\n\n\n\n<p>Das Bewertungsformular ist eine Umfrage und enth\u00e4lt keine Angebote, Werbeaktionen oder Anreize.<\/p>\n\n\n\n<p>Auf Boatrentalmallorca.net k\u00f6nnen Nutzer ihre Kontaktdaten l\u00f6schen. Dazu m\u00fcssen sie eine E-Mail an boatrentalsmallorca@gmail.com senden.<\/p>\n\n\n\n<p>Diese Datenschutzerkl\u00e4rung kann jederzeit ge\u00e4ndert werden.<\/p>\n\n\n\n<h2 class=\"wp-block-heading\" id=\"h-cookies\">Cookies<\/h2>\n\n\n\n<p>Wir verwenden Cookies, Besucher-Tracking-Tools und andere Technologien (wie Google Analytics), um anonyme, nicht personenbezogene Daten zu sammeln.<\/p>\n\n\n\n<h3 class=\"wp-block-heading\" id=\"h-what-are-cookies\">Was sind Cookies?<\/h3>\n\n\n\n<p>Cookies sind kleine Dateien, die beim Besuch bestimmter Webseiten auf Ihr Ger\u00e4t heruntergeladen werden. Sie helfen Webseiten, Informationen \u00fcber das Surfverhalten der Nutzer zu speichern und abzurufen. Cookies k\u00f6nnen sogar dazu beitragen, wiederkehrende Nutzer zu erkennen.<\/p>\n\n\n\n<p>Cookies speichern keine pers\u00f6nlichen Daten und schaden Ihrem Ger\u00e4t nicht. Die meisten Browser l\u00f6schen Cookies am Ende der Sitzung (diese werden als Sitzungs-Cookies bezeichnet). Cookies belegen zwar etwas Speicherplatz, jedoch nur minimal, und beeintr\u00e4chtigen die Leistung Ihres Computers nicht.<\/p>\n\n\n\n<p>Die meisten Browser akzeptieren Cookies standardm\u00e4\u00dfig, aber Sie k\u00f6nnen Ihre Einstellungen \u00e4ndern, um Cookies nach Ihren W\u00fcnschen zuzulassen, zu blockieren oder zu l\u00f6schen.<\/p>\n\n\n\n<p>Ohne Ihre ausdr\u00fcckliche Zustimmung \u2013 also die Aktivierung von Cookies in Ihren Browsereinstellungen \u2013 verkn\u00fcpft Boatrentalmallorca.net keine gespeicherten Cookie-Daten mit den pers\u00f6nlichen Daten, die Sie bei der Einreichung einer Anfrage oder beim Kauf angeben.<\/p>\n\n\n\n<h2 class=\"wp-block-heading\" id=\"h-types-of-cookies-we-use\">Arten von Cookies, die wir verwenden<\/h2>\n\n\n\n<h3 class=\"wp-block-heading\" id=\"h-essential-technical-cookies\">Essenzielle (technische) Cookies<\/h3>\n\n\n\n<p>Diese Cookies sind f\u00fcr das Funktionieren der Website erforderlich:<\/p>\n\n\n\n<ul class=\"wp-block-list\">\n<li>Datenverkehr und Datenaustausch<\/li>\n\n\n\n<li>Aktive Sitzung<\/li>\n\n\n\n<li>Sperrgebiete<\/li>\n\n\n\n<li>Warenkorb<\/li>\n\n\n\n<li>Kaufen<\/li>\n\n\n\n<li>Sicherheit<\/li>\n\n\n\n<li>Multimedia<\/li>\n\n\n\n<li>Teilen in sozialen Medien<\/li>\n<\/ul>\n\n\n\n<h3 class=\"wp-block-heading\" id=\"h-personalization-cookies\">Personalisierungs-Cookies<\/h3>\n\n\n\n<p>Mithilfe dieser Cookies k\u00f6nnen Sie sich mit Ihren bevorzugten Einstellungen anmelden:<\/p>\n\n\n\n<ul class=\"wp-block-list\">\n<li>Sprache<\/li>\n\n\n\n<li>Browser<\/li>\n\n\n\n<li>Region<\/li>\n<\/ul>\n\n\n\n<h3 class=\"wp-block-heading\" id=\"h-analytical-cookies\">Analyse-Cookies<\/h3>\n\n\n\n<p>Diese Cookies helfen uns, den Datenverkehr und das Nutzerverhalten zu analysieren, um unsere Dienste zu verbessern. Durch die Analyse Ihres Surfverhaltens k\u00f6nnen wir Ihnen bessere Produkte und Dienstleistungen anbieten.<\/p>\n\n\n\n<h3 class=\"wp-block-heading\" id=\"h-third-party-cookies\">Cookies von Drittanbietern<\/h3>\n\n\n\n<p>Boatrentalmallorca.net kann Dienste von Drittanbietern nutzen, um Statistiken zu erfassen und zus\u00e4tzliche Funktionen bereitzustellen.<\/p>\n\n\n\n<p>Diese Website verwendet beispielsweise <strong>Google Analytics<\/strong>Google Analytics ist ein Webanalysedienst der Google Inc. mit Sitz in den USA (1600 Amphitheatre Parkway, Mountain View, Kalifornien 94043). Google Analytics verwendet Cookies, um anonyme Daten, einschlie\u00dflich Ihrer IP-Adresse, zu erfassen. Diese Daten k\u00f6nnen an Google \u00fcbertragen, verarbeitet und gespeichert werden. Die Weitergabe dieser Informationen an Dritte ist unter Umst\u00e4nden erforderlich, um gesetzliche Verpflichtungen zu erf\u00fcllen oder wenn die Datenverarbeitung im Auftrag von Google erfolgt.<\/p>\n\n\n\n<h2 class=\"wp-block-heading\" id=\"h-managing-cookies\">Cookies verwalten<\/h2>\n\n\n\n<p>Durch die Nutzung dieser Website erkl\u00e4ren Sie sich mit der oben beschriebenen Erfassung und Verarbeitung Ihrer Daten einverstanden. Sie k\u00f6nnen die Datenerfassung jedoch deaktivieren, indem Sie Ihre Browsereinstellungen so \u00e4ndern, dass Cookies blockiert oder gel\u00f6scht werden. Bitte beachten Sie, dass die Deaktivierung von Cookies die Funktionalit\u00e4t bestimmter Website-Funktionen beeintr\u00e4chtigen kann.<\/p>\n\n\n\n<p>Sie k\u00f6nnen Cookies in Ihren Browsereinstellungen verwalten:<\/p>\n\n\n\n<ul class=\"wp-block-list\">\n<li>Google Chrome<\/li>\n\n\n\n<li>Internet Explorer<\/li>\n\n\n\n<li>Mozilla Firefox<\/li>\n\n\n\n<li>Safari<\/li>\n<\/ul>\n\n\n\n<p>Sollten Sie Fragen zu unserer Cookie-Richtlinie haben, kontaktieren Sie uns bitte unter boatrentalsmallorca@gmail.com.<\/p>\n\n\n\n<h2 class=\"wp-block-heading\" id=\"h-marketing\">Marketing<\/h2>\n\n\n\n<p>Nach dem Absenden einer Mietanfrage auf Boatrentalmallorca.net erhalten Sie eine E-Mail oder eine Nachricht \u00fcber eine der Messaging-Apps mit allen Details Ihrer Anfrage.<\/p>\n\n\n\n<p>Nach Beendigung Ihrer Mietzeit senden wir Ihnen eine E-Mail mit einem Feedback-Formular. Dies hilft uns, die Informationen zum Boot und unseren Webservice insgesamt zu verbessern.<\/p>\n\n\n\n<p>Wir werden Sie m\u00f6glicherweise auch von Zeit zu Zeit per E-Mail kontaktieren, um Sie \u00fcber neue M\u00f6glichkeiten, Sonderangebote und Aktualisierungen zu informieren.<\/p>\n\n\n\n<h2 class=\"wp-block-heading\" id=\"h-contact-information\">Kontaktinformationen<\/h2>\n\n\n\n<p>Wenn Sie Anregungen oder Kommentare zu unserer Datenschutzrichtlinie haben, senden Sie bitte eine E-Mail an <a href=\"mailto:boatrentalsmallorca@gmail.com\">boatrentalsmallorca@gmail.com<\/a>.<\/p>","protected":false},"excerpt":{"rendered":"<p>We value your trust in our online platform, boatrentalmallorca.net, for booking boat trips in Mallorca. That is why we always protect the confidentiality and privacy of your personal data. Personal Data Protection Policy The strict security procedures of boatrentalmallorca.net are aimed at preventing the misuse and unauthorized access to personal data. Boatrentalmallorca.net maintains a personal [&hellip;]<\/p>\n","protected":false},"author":2,"featured_media":0,"parent":0,"menu_order":0,"comment_status":"closed","ping_status":"closed","template":"","meta":{"_acf_changed":false,"footnotes":""},"class_list":["post-3215","page","type-page","status-publish","hentry"],"acf":[],"yoast_head":"<!-- This site is optimized with the Yoast SEO Premium plugin v24.3 (Yoast SEO v24.3) - https:\/\/yoast.com\/wordpress\/plugins\/seo\/ -->\n<title>Privacy Policy - Boat Rental Mallorca<\/title>\n<meta name=\"description\" content=\"Privacy Policy: We collect anonymous data, use cookies, and protect your info. Users can manage data and contact us for deletion requests.\" \/>\n<meta name=\"robots\" content=\"index, follow, max-snippet:-1, max-image-preview:large, max-video-preview:-1\" \/>\n<link rel=\"canonical\" href=\"https:\/\/boatrentalmallorca.net\/de\/privacy-policy\/\" \/>\n<meta property=\"og:locale\" content=\"de_DE\" \/>\n<meta property=\"og:type\" content=\"article\" \/>\n<meta property=\"og:title\" content=\"Privacy Policy\" \/>\n<meta property=\"og:description\" content=\"Privacy Policy: We collect anonymous data, use cookies, and protect your info. Users can manage data and contact us for deletion requests.\" \/>\n<meta property=\"og:url\" content=\"https:\/\/boatrentalmallorca.net\/de\/privacy-policy\/\" \/>\n<meta property=\"og:site_name\" content=\"Boat Rental Mallorca\" \/>\n<meta property=\"article:modified_time\" content=\"2025-01-29T17:01:23+00:00\" \/>\n<meta name=\"twitter:card\" content=\"summary_large_image\" \/>\n<meta name=\"twitter:label1\" content=\"Gesch\u00e4tzte Lesezeit\" \/>\n\t<meta name=\"twitter:data1\" content=\"6\u00a0Minuten\" \/>\n<script type=\"application\/ld+json\" class=\"yoast-schema-graph\">{\"@context\":\"https:\/\/schema.org\",\"@graph\":[{\"@type\":\"WebPage\",\"@id\":\"https:\/\/boatrentalmallorca.net\/privacy-policy\/\",\"url\":\"https:\/\/boatrentalmallorca.net\/privacy-policy\/\",\"name\":\"Privacy Policy - Boat Rental Mallorca\",\"isPartOf\":{\"@id\":\"https:\/\/boatrentalmallorca.net\/#website\"},\"datePublished\":\"2025-01-29T16:51:52+00:00\",\"dateModified\":\"2025-01-29T17:01:23+00:00\",\"description\":\"Privacy Policy: We collect anonymous data, use cookies, and protect your info. Users can manage data and contact us for deletion requests.\",\"breadcrumb\":{\"@id\":\"https:\/\/boatrentalmallorca.net\/privacy-policy\/#breadcrumb\"},\"inLanguage\":\"de\",\"potentialAction\":[{\"@type\":\"ReadAction\",\"target\":[\"https:\/\/boatrentalmallorca.net\/privacy-policy\/\"]}]},{\"@type\":\"BreadcrumbList\",\"@id\":\"https:\/\/boatrentalmallorca.net\/privacy-policy\/#breadcrumb\",\"itemListElement\":[{\"@type\":\"ListItem\",\"position\":1,\"name\":\"Home\",\"item\":\"https:\/\/boatrentalmallorca.net\/\"},{\"@type\":\"ListItem\",\"position\":2,\"name\":\"Privacy Policy\"}]},{\"@type\":\"WebSite\",\"@id\":\"https:\/\/boatrentalmallorca.net\/#website\",\"url\":\"https:\/\/boatrentalmallorca.net\/\",\"name\":\"Boat Rental Mallorca\",\"description\":\"\",\"publisher\":{\"@id\":\"https:\/\/boatrentalmallorca.net\/#organization\"},\"potentialAction\":[{\"@type\":\"SearchAction\",\"target\":{\"@type\":\"EntryPoint\",\"urlTemplate\":\"https:\/\/boatrentalmallorca.net\/?s={search_term_string}\"},\"query-input\":{\"@type\":\"PropertyValueSpecification\",\"valueRequired\":true,\"valueName\":\"search_term_string\"}}],\"inLanguage\":\"de\"},{\"@type\":\"Organization\",\"@id\":\"https:\/\/boatrentalmallorca.net\/#organization\",\"name\":\"Boat Rental Mallorca\",\"url\":\"https:\/\/boatrentalmallorca.net\/\",\"logo\":{\"@type\":\"ImageObject\",\"inLanguage\":\"de\",\"@id\":\"https:\/\/boatrentalmallorca.net\/#\/schema\/logo\/image\/\",\"url\":\"https:\/\/boatrentalmallorca.net\/wp-content\/uploads\/2025\/02\/Logo-Boat-Rental-Mallorca.jpg\",\"contentUrl\":\"https:\/\/boatrentalmallorca.net\/wp-content\/uploads\/2025\/02\/Logo-Boat-Rental-Mallorca.jpg\",\"width\":996,\"height\":1068,\"caption\":\"Boat Rental Mallorca\"},\"image\":{\"@id\":\"https:\/\/boatrentalmallorca.net\/#\/schema\/logo\/image\/\"},\"description\":\"Boat Rental Mallorca is a local company offering yacht and boat rentals in Mallorca for sunset cruises, half-day, or full-day trips, with or without a captain. Prices start from \u20ac150 per hour. Boats are available for all types of private and corporate events.\",\"email\":\"boatrentalsmallorca@gmail.com\",\"telephone\":\"+34622937315\",\"numberOfEmployees\":{\"@type\":\"QuantitativeValue\",\"minValue\":\"1\",\"maxValue\":\"10\"}}]}<\/script>\n<!-- \/ Yoast SEO Premium plugin. -->","yoast_head_json":{"title":"Datenschutzrichtlinie \u2013 Bootsverleih Mallorca","description":"Datenschutzrichtlinie: Wir erfassen anonyme Daten, verwenden Cookies und sch\u00fctzen Ihre Daten. Nutzer k\u00f6nnen ihre Daten verwalten und uns kontaktieren, um L\u00f6schungsanfragen zu stellen.","robots":{"index":"index","follow":"follow","max-snippet":"max-snippet:-1","max-image-preview":"max-image-preview:large","max-video-preview":"max-video-preview:-1"},"canonical":"https:\/\/boatrentalmallorca.net\/de\/privacy-policy\/","og_locale":"de_DE","og_type":"article","og_title":"Privacy Policy","og_description":"Privacy Policy: We collect anonymous data, use cookies, and protect your info. Users can manage data and contact us for deletion requests.","og_url":"https:\/\/boatrentalmallorca.net\/de\/privacy-policy\/","og_site_name":"Boat Rental Mallorca","article_modified_time":"2025-01-29T17:01:23+00:00","twitter_card":"summary_large_image","twitter_misc":{"Gesch\u00e4tzte Lesezeit":"6\u00a0Minuten"},"schema":{"@context":"https:\/\/schema.org","@graph":[{"@type":"WebPage","@id":"https:\/\/boatrentalmallorca.net\/privacy-policy\/","url":"https:\/\/boatrentalmallorca.net\/privacy-policy\/","name":"Datenschutzrichtlinie \u2013 Bootsverleih Mallorca","isPartOf":{"@id":"https:\/\/boatrentalmallorca.net\/#website"},"datePublished":"2025-01-29T16:51:52+00:00","dateModified":"2025-01-29T17:01:23+00:00","description":"Datenschutzrichtlinie: Wir erfassen anonyme Daten, verwenden Cookies und sch\u00fctzen Ihre Daten. Nutzer k\u00f6nnen ihre Daten verwalten und uns kontaktieren, um L\u00f6schungsanfragen zu stellen.","breadcrumb":{"@id":"https:\/\/boatrentalmallorca.net\/privacy-policy\/#breadcrumb"},"inLanguage":"de","potentialAction":[{"@type":"ReadAction","target":["https:\/\/boatrentalmallorca.net\/privacy-policy\/"]}]},{"@type":"BreadcrumbList","@id":"https:\/\/boatrentalmallorca.net\/privacy-policy\/#breadcrumb","itemListElement":[{"@type":"ListItem","position":1,"name":"Home","item":"https:\/\/boatrentalmallorca.net\/"},{"@type":"ListItem","position":2,"name":"Privacy Policy"}]},{"@type":"WebSite","@id":"https:\/\/boatrentalmallorca.net\/#website","url":"https:\/\/boatrentalmallorca.net\/","name":"Bootsverleih Mallorca","description":"","publisher":{"@id":"https:\/\/boatrentalmallorca.net\/#organization"},"potentialAction":[{"@type":"SearchAction","target":{"@type":"EntryPoint","urlTemplate":"https:\/\/boatrentalmallorca.net\/?s={search_term_string}"},"query-input":{"@type":"PropertyValueSpecification","valueRequired":true,"valueName":"search_term_string"}}],"inLanguage":"de"},{"@type":"Organization","@id":"https:\/\/boatrentalmallorca.net\/#organization","name":"Bootsverleih Mallorca","url":"https:\/\/boatrentalmallorca.net\/","logo":{"@type":"ImageObject","inLanguage":"de","@id":"https:\/\/boatrentalmallorca.net\/#\/schema\/logo\/image\/","url":"https:\/\/boatrentalmallorca.net\/wp-content\/uploads\/2025\/02\/Logo-Boat-Rental-Mallorca.jpg","contentUrl":"https:\/\/boatrentalmallorca.net\/wp-content\/uploads\/2025\/02\/Logo-Boat-Rental-Mallorca.jpg","width":996,"height":1068,"caption":"Boat Rental Mallorca"},"image":{"@id":"https:\/\/boatrentalmallorca.net\/#\/schema\/logo\/image\/"},"description":"Boat Rental Mallorca ist ein lokales Unternehmen, das Yacht- und Bootsverleih auf Mallorca f\u00fcr Sonnenuntergangsfahrten, Halbtages- oder Ganztagesausfl\u00fcge mit oder ohne Kapit\u00e4n anbietet. Die Preise beginnen bei 150 \u20ac pro Stunde. Boote stehen f\u00fcr alle Arten von privaten und gesch\u00e4ftlichen Veranstaltungen zur Verf\u00fcgung.","email":"boatrentalsmallorca@gmail.com","telephone":"+34622937315","numberOfEmployees":{"@type":"QuantitativeValue","minValue":"1","maxValue":"10"}}]}},"_links":{"self":[{"href":"https:\/\/boatrentalmallorca.net\/de\/wp-json\/wp\/v2\/pages\/3215","targetHints":{"allow":["GET"]}}],"collection":[{"href":"https:\/\/boatrentalmallorca.net\/de\/wp-json\/wp\/v2\/pages"}],"about":[{"href":"https:\/\/boatrentalmallorca.net\/de\/wp-json\/wp\/v2\/types\/page"}],"author":[{"embeddable":true,"href":"https:\/\/boatrentalmallorca.net\/de\/wp-json\/wp\/v2\/users\/2"}],"replies":[{"embeddable":true,"href":"https:\/\/boatrentalmallorca.net\/de\/wp-json\/wp\/v2\/comments?post=3215"}],"version-history":[{"count":3,"href":"https:\/\/boatrentalmallorca.net\/de\/wp-json\/wp\/v2\/pages\/3215\/revisions"}],"predecessor-version":[{"id":3226,"href":"https:\/\/boatrentalmallorca.net\/de\/wp-json\/wp\/v2\/pages\/3215\/revisions\/3226"}],"wp:attachment":[{"href":"https:\/\/boatrentalmallorca.net\/de\/wp-json\/wp\/v2\/media?parent=3215"}],"curies":[{"name":"wp","href":"https:\/\/api.w.org\/{rel}","templated":true}]}}