{"id":3191,"date":"2025-01-28T13:28:41","date_gmt":"2025-01-28T13:28:41","guid":{"rendered":"https:\/\/boatrentalmallorca.net\/?page_id=3191"},"modified":"2025-01-28T13:31:33","modified_gmt":"2025-01-28T13:31:33","slug":"terms-and-conditions","status":"publish","type":"page","link":"https:\/\/boatrentalmallorca.net\/de\/terms-and-conditions\/","title":{"rendered":"Gesch\u00e4ftsbedingungen"},"content":{"rendered":"<h2 class=\"wp-block-heading\" id=\"h-general-benefits-of-boatrentalmallorca-net\">Allgemeine Vorteile von boatrentalmallorca.net<\/h2>\n\n\n\n<p>boatrentalmallorca.net bietet Nutzern eine Online-Plattform f\u00fcr Bootsvermietung auf Mallorca. Bootsbesitzer k\u00f6nnen hier ihre Boote zur Miete anbieten, w\u00e4hrend Kunden nach einem passenden Boot suchen und eine Mietanfrage senden k\u00f6nnen. F\u00fcr die Anfrage ist keine Registrierung auf boatrentalmallorca.net erforderlich; sie kann \u00fcber das Kontaktformular, per E-Mail, \u00fcber Messenger-Apps wie WhatsApp, Viber oder Telegram oder einfach telefonisch erfolgen.<\/p>\n\n\n\n<p>Auf dieser Website k\u00f6nnen Sie sich \u00fcber die verf\u00fcgbaren Mietboote auf Mallorca informieren und die Auswahl erkunden.<\/p>\n\n\n\n<p>Der Bootsanbieter wird im Folgenden als \u201eEigent\u00fcmer\u201c und die Person, die ein Boot sucht, als \u201eKunde\u201c bezeichnet. Der Begriff \u201eNutzer\u201c gilt sowohl f\u00fcr Eigent\u00fcmer als auch f\u00fcr Kunden.<\/p>\n\n\n\n<p>Es wird ausdr\u00fccklich darauf hingewiesen, dass boatrentalmallorca.net keine Boote besitzt. Das Unternehmen bietet Informations- und Beratungsdienstleistungen an und fungiert als Online-Plattform, auf der Bootsbesitzer ihre Boote anbieten.<\/p>\n\n\n\n<p>Boatrentalmallorca.net ist bestrebt, Ihnen einen komfortablen und effizienten Service zu bieten. Die auf der Plattform pr\u00e4sentierten Informationen basieren auf Daten, die von Bootsbesitzern bereitgestellt werden. Obwohl wir uns um gr\u00f6\u00dftm\u00f6gliche Genauigkeit bem\u00fchen, k\u00f6nnen wir die Richtigkeit, Vollst\u00e4ndigkeit und Genauigkeit aller Angaben nicht garantieren. Aus diesem Grund \u00fcbernimmt boatrentalmallorca.net keine Haftung f\u00fcr den tats\u00e4chlichen Zustand der von Kunden gebuchten Boote.<\/p>\n\n\n\n<p>Boatrentalmallorca.net bietet allen Nutzern die M\u00f6glichkeit, die Online-Plattform sowohl als Eigent\u00fcmer als auch als Mieter zu nutzen. F\u00fcr die Ver\u00f6ffentlichung eines oder mehrerer Boote ist jedoch eine Umsatzsteuer-Identifikationsnummer erforderlich.<\/p>\n\n\n\n<p>Boatrentalmallorca.net erm\u00f6glicht es Bootsbesitzern, ihre eigenen Inhalte, einschlie\u00dflich Fotos und Texte (wie Bootsbeschreibungen, Bilder, Bewertungen usw.), zu ver\u00f6ffentlichen, jedoch nicht direkt; dies geschieht mit Unterst\u00fctzung unserer Plattformmitarbeiter.<\/p>\n\n\n\n<p>\u00dcber die Online-Plattform boatrentalmallorca.net werden Mietanfragen von Kunden an Bootsbesitzer weitergeleitet.<\/p>\n\n\n\n<p>Boatrentalmallorca.net bietet den Nutzern kein internes Nachrichtensystem innerhalb der Plattform und erlaubt es Kunden und Eigent\u00fcmern nicht, direkt miteinander zu kommunizieren.<\/p>\n\n\n\n<p>Boatrentalmallorca.net bietet Bootsbesitzern die M\u00f6glichkeit, ihre Boote auf der Plattform mit Beschreibungen, Spezifikationen, Bildern und Preisangaben zu inserieren.<\/p>\n\n\n\n<p>Boatrentalmallorca.net bietet Kunden eine Online-Plattform zur Suche nach Mietbooten.<\/p>\n\n\n\n<h2 class=\"wp-block-heading\" id=\"h-registration\">Anmeldung<\/h2>\n\n\n\n<p>Die Registrierung auf boatrentalmallorca.net ist kostenlos. F\u00fcr die Ver\u00f6ffentlichung von Bootsvermietungsangeboten auf boatrentalmallorca.net wird keine Geb\u00fchr erhoben.<\/p>\n\n\n\n<p>Mit Ihrer Registrierung oder Nutzung unserer Dienste stimmen Sie den aktuellen Nutzungsbedingungen zu.<\/p>\n\n\n\n<p>Bei der Registrierung sind Bootsbesitzer verpflichtet, wahrheitsgem\u00e4\u00dfe, aktuelle und vollst\u00e4ndige Angaben zu ihren Booten zu machen. Die Daten m\u00fcssen stets korrekt und aktuell sein.<\/p>\n\n\n\n<p>F\u00fcr die Erstellung eines Eintrags ist keine Registrierung erforderlich. Alle Informationen werden per E-Mail an unseren Firmenmanager gesendet, der den Eintrag anschlie\u00dfend auf unserer Online-Plattform ver\u00f6ffentlicht.<\/p>\n\n\n\n<p>Bootsbesitzer verpflichten sich, korrekte, aktuelle und vollst\u00e4ndige Informationen \u00fcber ihre Boote bereitzustellen und diese bei Bedarf per E-Mail zu aktualisieren, um die Richtigkeit zu gew\u00e4hrleisten. boatrentalmallorca.net beh\u00e4lt sich das Recht vor, die Zusammenarbeit mit einem Bootsbesitzer auszusetzen oder zu beenden, falls die bereitgestellten Informationen ungenau, veraltet oder unvollst\u00e4ndig sind.<\/p>\n\n\n\n<p>Um auf der Website gelistet zu werden, muss f\u00fcr alle Boote ein g\u00fcltiger physischer Standort angegeben werden. Die Eintr\u00e4ge sind \u00f6ffentlich auf der Website einsehbar, und Kunden k\u00f6nnen \u00fcber die Webseite anhand der Angaben im Eintrag Mietboote buchen.<\/p>\n\n\n\n<p>Sie best\u00e4tigen und erkl\u00e4ren sich damit einverstanden, dass der Preis f\u00fcr die Mietanfrage eines Kunden f\u00fcr Ihr Boot nicht mehr ge\u00e4ndert werden kann.<\/p>\n\n\n\n<h2 class=\"wp-block-heading\" id=\"h-user-responsibilities-and-liability\">Nutzerverantwortung und Haftung<\/h2>\n\n\n\n<p>Als Bootsbesitzer erkennen Sie an und akzeptieren, dass Sie f\u00fcr Ihr eigenes Handeln und Unterlassen sowie f\u00fcr das Handeln und Unterlassen aller Personen, die Ihr Boot auf Ihre Bitte oder Einladung hin benutzen, einschlie\u00dflich Ihrer Kunden, verantwortlich sind.<\/p>\n\n\n\n<p>Alle Nutzer sind f\u00fcr ihre eigenen Inhalte verantwortlich und \u00fcbernehmen daher alle Risiken, die mit deren Ver\u00f6ffentlichung verbunden sind.<\/p>\n\n\n\n<h2 class=\"wp-block-heading\" id=\"h-booking-process\">Buchungsprozess<\/h2>\n\n\n\n<ul class=\"wp-block-list\">\n<li>Unser Berater informiert Sie \u00fcber die Verf\u00fcgbarkeit von Booten entsprechend Ihren Pr\u00e4ferenzen.<\/li>\n\n\n\n<li>Teilen Sie uns mit, f\u00fcr welches Boot Sie sich interessieren.<\/li>\n\n\n\n<li>Wir kontaktieren den Bootsbesitzer, um eine Vorreservierung zu vereinbaren. Je nach Saison kann das Boot f\u00fcr Sie 24 Stunden bis zu einer Woche reserviert werden. Bitte beachten Sie, dass die Verf\u00fcgbarkeit erst nach Best\u00e4tigung der Reservierung garantiert ist.<\/li>\n\n\n\n<li>Sobald der Eigent\u00fcmer die Verf\u00fcgbarkeit best\u00e4tigt hat, senden wir Ihnen ein Buchungsformular mit allen notwendigen Angaben zu.<\/li>\n\n\n\n<li>Um Ihre Reservierung zu sichern, ist eine Anzahlung erforderlich, die je nach Boot in der Regel zwischen 20% und 50% des gesamten Buchungspreises liegt.<\/li>\n\n\n\n<li>Sie m\u00fcssen einen Zahlungsnachweis erbringen, den Abschnitt mit den pers\u00f6nlichen Daten des Formulars ausf\u00fcllen und es an uns zur\u00fccksenden, um eine Quittung oder Rechnung zu erhalten.<\/li>\n\n\n\n<li>Wir stellen Ihnen die Quittung bzw. Rechnung aus und informieren den Bootsbesitzer \u00fcber die best\u00e4tigte Reservierung.<\/li>\n\n\n\n<li>Sie erhalten ein Best\u00e4tigungsdokument mit allen Charterdetails.<\/li>\n\n\n\n<li>Der Restbetrag ist sp\u00e4testens drei Tage vor Abreise oder, falls zuvor vereinbart, direkt beim Bootsbesitzer bei Ankunft zu begleichen. Erfolgt die Zahlung nicht innerhalb der angegebenen Frist, kann die Buchung storniert werden, ohne dass die Anzahlung erstattet wird.<\/li>\n\n\n\n<li>Sie erhalten einen Gutschein mit allen Details zum Yachthafen, dem zust\u00e4ndigen Ansprechpartner und dessen Telefonnummer. Bitte drucken Sie dieses Dokument aus und bringen Sie es mit. Sie erhalten au\u00dferdem eine Rechnung.<\/li>\n\n\n\n<li>Wenn boatrentalmallorca.net die erforderlichen Informationen nicht mindestens drei Tage vor Charterbeginn erh\u00e4lt, k\u00f6nnen wir nicht garantieren, dass die Buchung korrekt bearbeitet wird.<\/li>\n\n\n\n<li>Die Buchungsbedingungen k\u00f6nnen je nach Boot variieren. Ihr pers\u00f6nlicher Ansprechpartner informiert Sie \u00fcber alle spezifischen Bedingungen f\u00fcr das von Ihnen gew\u00e4hlte Boot.<\/li>\n<\/ul>\n\n\n\n<h2 class=\"wp-block-heading\" id=\"h-ratings-and-reviews\">Bewertungen und Rezensionen<\/h2>\n\n\n\n<p>Boatrentalmallorca.net bietet Nutzern ein Bewertungssystem, mit dem sie Boote bewerten, Rezensionen hinterlassen und Fotos der von ihnen genutzten Boote hochladen k\u00f6nnen.<\/p>\n\n\n\n<p>Nutzer verpflichten sich, in ihren Bewertungen ausschlie\u00dflich wahrheitsgem\u00e4\u00dfe Angaben zu machen und die gesetzlichen Bestimmungen einzuhalten. Bewertungen m\u00fcssen objektiv sein und d\u00fcrfen keine beleidigenden Ausdr\u00fccke enthalten.<\/p>\n\n\n\n<p>Missbrauch des Bewertungssystems ist verboten. Insbesondere ist Folgendes untersagt:<\/p>\n\n\n\n<ul class=\"wp-block-list\">\n<li>Falsche Bewertungen ver\u00f6ffentlichen<\/li>\n\n\n\n<li>Hinterlassen Sie Bewertungen \u00fcber sich selbst.<\/li>\n\n\n\n<li>Andere Nutzer bestechen oder n\u00f6tigen, um Bewertungen abzugeben<\/li>\n\n\n\n<li>Einflussbewertungen aus Gr\u00fcnden, die nicht mit der tats\u00e4chlichen Ausf\u00fchrung des Vertrags zusammenh\u00e4ngen.<\/li>\n<\/ul>\n\n\n\n<p>Boatrentalmallorca.net f\u00fchrt keine gr\u00fcndliche \u00dcberpr\u00fcfung aller Nutzerbewertungen und -meinungen durch.<\/p>\n\n\n\n<p>boatrentalmallorca.net beh\u00e4lt sich in jedem Fall das Recht vor, Bewertungen und Meinungen zu \u00e4ndern, abzulehnen oder zu l\u00f6schen.<\/p>\n\n\n\n<h2 class=\"wp-block-heading\" id=\"h-duration-and-termination-of-agreement\">Dauer und Beendigung der Vereinbarung<\/h2>\n\n\n\n<p>Die Vereinbarung zur Nutzung der Plattform ist unbefristet g\u00fcltig.<\/p>\n\n\n\n<p>Der Nutzer kann den Vertrag jederzeit durch eine entsprechende Mitteilung an boatrentalmallorca.net (per E-Mail oder Telefon) k\u00fcndigen.<\/p>\n\n\n\n<p>Die Beendigung dieser Vereinbarung hat keine Auswirkungen auf bereits zwischen Nutzern abgeschlossene Mietvertr\u00e4ge.<\/p>\n\n\n\n<h2 class=\"wp-block-heading\" id=\"h-modification-of-the-website-and-terms-of-use\">\u00c4nderung der Website und der Nutzungsbedingungen<\/h2>\n\n\n\n<p>Boatrentalmallorca.net beh\u00e4lt sich das Recht vor, die Website jederzeit ohne vorherige Ank\u00fcndigung zu \u00e4ndern, zu aktualisieren, auszusetzen oder zu entfernen, wenn dies f\u00fcr die Nutzer und im Interesse von boatrentalmallorca.net als angemessen erachtet wird.<\/p>\n\n\n\n<p>Boatrentalmallorca.net beh\u00e4lt sich das Recht vor, die Nutzungsbedingungen mit zuk\u00fcnftigem Inkrafttreten zu \u00e4ndern. boatrentalmallorca.net ist nicht verpflichtet, Nutzer \u00fcber die neue Version der Nutzungsbedingungen zu informieren; die jeweils aktuellste Version finden Sie stets auf unserer Website.<\/p>\n\n\n\n<p>Boatrentalmallorca.net beh\u00e4lt sich das Recht vor, die Provisionss\u00e4tze jederzeit zu \u00e4ndern. Entsprechende \u00c4nderungen werden den Nutzern vor ihrem Inkrafttreten \u00fcber die Website boatrentalmallorca.net und per E-Mail mitgeteilt.<\/p>","protected":false},"excerpt":{"rendered":"<p>General Benefits of boatrentalmallorca.net On boatrentalmallorca.net provides users with an online platform for boat rentals in Mallorca. Through this platform, boat owners can offer their vessels for rent in Mallorca, while clients can search for a suitable boat and send a rental request. There is no need to register an account on boatrentalmallorca.net to submit [&hellip;]<\/p>","protected":false},"author":2,"featured_media":0,"parent":0,"menu_order":0,"comment_status":"closed","ping_status":"closed","template":"","meta":{"_acf_changed":false,"footnotes":""},"class_list":["post-3191","page","type-page","status-publish","hentry"],"acf":[],"yoast_head":"<!-- This site is optimized with the Yoast SEO Premium plugin v24.3 (Yoast SEO v24.3) - https:\/\/yoast.com\/wordpress\/plugins\/seo\/ -->\n<title>Terms and Conditions - Boat Rental Mallorca<\/title>\n<meta name=\"description\" content=\"Terms and Conditions of boatrentalmallorca.net: Rules, responsibilities, booking policies, and service terms for boat rentals in Mallorca.\" \/>\n<meta name=\"robots\" content=\"index, follow, max-snippet:-1, max-image-preview:large, max-video-preview:-1\" \/>\n<link rel=\"canonical\" href=\"https:\/\/boatrentalmallorca.net\/de\/terms-and-conditions\/\" \/>\n<meta property=\"og:locale\" content=\"de_DE\" \/>\n<meta property=\"og:type\" content=\"article\" \/>\n<meta property=\"og:title\" content=\"Terms and Conditions\" \/>\n<meta property=\"og:description\" content=\"Terms and Conditions of boatrentalmallorca.net: Rules, responsibilities, booking policies, and service terms for boat rentals in Mallorca.\" \/>\n<meta property=\"og:url\" content=\"https:\/\/boatrentalmallorca.net\/de\/terms-and-conditions\/\" \/>\n<meta property=\"og:site_name\" content=\"Boat Rental Mallorca\" \/>\n<meta property=\"article:modified_time\" content=\"2025-01-28T13:31:33+00:00\" \/>\n<meta name=\"twitter:card\" content=\"summary_large_image\" \/>\n<meta name=\"twitter:label1\" content=\"Gesch\u00e4tzte Lesezeit\" \/>\n\t<meta name=\"twitter:data1\" content=\"6\u00a0Minuten\" \/>\n<script type=\"application\/ld+json\" class=\"yoast-schema-graph\">{\"@context\":\"https:\/\/schema.org\",\"@graph\":[{\"@type\":\"WebPage\",\"@id\":\"https:\/\/boatrentalmallorca.net\/terms-and-conditions\/\",\"url\":\"https:\/\/boatrentalmallorca.net\/terms-and-conditions\/\",\"name\":\"Terms and Conditions - Boat Rental Mallorca\",\"isPartOf\":{\"@id\":\"https:\/\/boatrentalmallorca.net\/#website\"},\"datePublished\":\"2025-01-28T13:28:41+00:00\",\"dateModified\":\"2025-01-28T13:31:33+00:00\",\"description\":\"Terms and Conditions of boatrentalmallorca.net: Rules, responsibilities, booking policies, and service terms for boat rentals in Mallorca.\",\"breadcrumb\":{\"@id\":\"https:\/\/boatrentalmallorca.net\/terms-and-conditions\/#breadcrumb\"},\"inLanguage\":\"de\",\"potentialAction\":[{\"@type\":\"ReadAction\",\"target\":[\"https:\/\/boatrentalmallorca.net\/terms-and-conditions\/\"]}]},{\"@type\":\"BreadcrumbList\",\"@id\":\"https:\/\/boatrentalmallorca.net\/terms-and-conditions\/#breadcrumb\",\"itemListElement\":[{\"@type\":\"ListItem\",\"position\":1,\"name\":\"Home\",\"item\":\"https:\/\/boatrentalmallorca.net\/\"},{\"@type\":\"ListItem\",\"position\":2,\"name\":\"Terms and Conditions\"}]},{\"@type\":\"WebSite\",\"@id\":\"https:\/\/boatrentalmallorca.net\/#website\",\"url\":\"https:\/\/boatrentalmallorca.net\/\",\"name\":\"Boat Rental Mallorca\",\"description\":\"\",\"publisher\":{\"@id\":\"https:\/\/boatrentalmallorca.net\/#organization\"},\"potentialAction\":[{\"@type\":\"SearchAction\",\"target\":{\"@type\":\"EntryPoint\",\"urlTemplate\":\"https:\/\/boatrentalmallorca.net\/?s={search_term_string}\"},\"query-input\":{\"@type\":\"PropertyValueSpecification\",\"valueRequired\":true,\"valueName\":\"search_term_string\"}}],\"inLanguage\":\"de\"},{\"@type\":\"Organization\",\"@id\":\"https:\/\/boatrentalmallorca.net\/#organization\",\"name\":\"Boat Rental Mallorca\",\"url\":\"https:\/\/boatrentalmallorca.net\/\",\"logo\":{\"@type\":\"ImageObject\",\"inLanguage\":\"de\",\"@id\":\"https:\/\/boatrentalmallorca.net\/#\/schema\/logo\/image\/\",\"url\":\"https:\/\/boatrentalmallorca.net\/wp-content\/uploads\/2025\/02\/Logo-Boat-Rental-Mallorca.jpg\",\"contentUrl\":\"https:\/\/boatrentalmallorca.net\/wp-content\/uploads\/2025\/02\/Logo-Boat-Rental-Mallorca.jpg\",\"width\":996,\"height\":1068,\"caption\":\"Boat Rental Mallorca\"},\"image\":{\"@id\":\"https:\/\/boatrentalmallorca.net\/#\/schema\/logo\/image\/\"},\"description\":\"Boat Rental Mallorca is a local company offering yacht and boat rentals in Mallorca for sunset cruises, half-day, or full-day trips, with or without a captain. Prices start from \u20ac150 per hour. Boats are available for all types of private and corporate events.\",\"email\":\"boatrentalsmallorca@gmail.com\",\"telephone\":\"+34622937315\",\"numberOfEmployees\":{\"@type\":\"QuantitativeValue\",\"minValue\":\"1\",\"maxValue\":\"10\"}}]}<\/script>\n<!-- \/ Yoast SEO Premium plugin. -->","yoast_head_json":{"title":"Terms and Conditions - Boat Rental Mallorca","description":"Terms and Conditions of boatrentalmallorca.net: Rules, responsibilities, booking policies, and service terms for boat rentals in Mallorca.","robots":{"index":"index","follow":"follow","max-snippet":"max-snippet:-1","max-image-preview":"max-image-preview:large","max-video-preview":"max-video-preview:-1"},"canonical":"https:\/\/boatrentalmallorca.net\/de\/terms-and-conditions\/","og_locale":"de_DE","og_type":"article","og_title":"Terms and Conditions","og_description":"Terms and Conditions of boatrentalmallorca.net: Rules, responsibilities, booking policies, and service terms for boat rentals in Mallorca.","og_url":"https:\/\/boatrentalmallorca.net\/de\/terms-and-conditions\/","og_site_name":"Boat Rental Mallorca","article_modified_time":"2025-01-28T13:31:33+00:00","twitter_card":"summary_large_image","twitter_misc":{"Gesch\u00e4tzte Lesezeit":"6\u00a0Minuten"},"schema":{"@context":"https:\/\/schema.org","@graph":[{"@type":"WebPage","@id":"https:\/\/boatrentalmallorca.net\/terms-and-conditions\/","url":"https:\/\/boatrentalmallorca.net\/terms-and-conditions\/","name":"Terms and Conditions - Boat Rental Mallorca","isPartOf":{"@id":"https:\/\/boatrentalmallorca.net\/#website"},"datePublished":"2025-01-28T13:28:41+00:00","dateModified":"2025-01-28T13:31:33+00:00","description":"Terms and Conditions of boatrentalmallorca.net: Rules, responsibilities, booking policies, and service terms for boat rentals in Mallorca.","breadcrumb":{"@id":"https:\/\/boatrentalmallorca.net\/terms-and-conditions\/#breadcrumb"},"inLanguage":"de","potentialAction":[{"@type":"ReadAction","target":["https:\/\/boatrentalmallorca.net\/terms-and-conditions\/"]}]},{"@type":"BreadcrumbList","@id":"https:\/\/boatrentalmallorca.net\/terms-and-conditions\/#breadcrumb","itemListElement":[{"@type":"ListItem","position":1,"name":"Home","item":"https:\/\/boatrentalmallorca.net\/"},{"@type":"ListItem","position":2,"name":"Terms and Conditions"}]},{"@type":"WebSite","@id":"https:\/\/boatrentalmallorca.net\/#website","url":"https:\/\/boatrentalmallorca.net\/","name":"Boat Rental Mallorca","description":"","publisher":{"@id":"https:\/\/boatrentalmallorca.net\/#organization"},"potentialAction":[{"@type":"SearchAction","target":{"@type":"EntryPoint","urlTemplate":"https:\/\/boatrentalmallorca.net\/?s={search_term_string}"},"query-input":{"@type":"PropertyValueSpecification","valueRequired":true,"valueName":"search_term_string"}}],"inLanguage":"de"},{"@type":"Organization","@id":"https:\/\/boatrentalmallorca.net\/#organization","name":"Boat Rental Mallorca","url":"https:\/\/boatrentalmallorca.net\/","logo":{"@type":"ImageObject","inLanguage":"de","@id":"https:\/\/boatrentalmallorca.net\/#\/schema\/logo\/image\/","url":"https:\/\/boatrentalmallorca.net\/wp-content\/uploads\/2025\/02\/Logo-Boat-Rental-Mallorca.jpg","contentUrl":"https:\/\/boatrentalmallorca.net\/wp-content\/uploads\/2025\/02\/Logo-Boat-Rental-Mallorca.jpg","width":996,"height":1068,"caption":"Boat Rental Mallorca"},"image":{"@id":"https:\/\/boatrentalmallorca.net\/#\/schema\/logo\/image\/"},"description":"Boat Rental Mallorca is a local company offering yacht and boat rentals in Mallorca for sunset cruises, half-day, or full-day trips, with or without a captain. Prices start from \u20ac150 per hour. Boats are available for all types of private and corporate events.","email":"boatrentalsmallorca@gmail.com","telephone":"+34622937315","numberOfEmployees":{"@type":"QuantitativeValue","minValue":"1","maxValue":"10"}}]}},"_links":{"self":[{"href":"https:\/\/boatrentalmallorca.net\/de\/wp-json\/wp\/v2\/pages\/3191","targetHints":{"allow":["GET"]}}],"collection":[{"href":"https:\/\/boatrentalmallorca.net\/de\/wp-json\/wp\/v2\/pages"}],"about":[{"href":"https:\/\/boatrentalmallorca.net\/de\/wp-json\/wp\/v2\/types\/page"}],"author":[{"embeddable":true,"href":"https:\/\/boatrentalmallorca.net\/de\/wp-json\/wp\/v2\/users\/2"}],"replies":[{"embeddable":true,"href":"https:\/\/boatrentalmallorca.net\/de\/wp-json\/wp\/v2\/comments?post=3191"}],"version-history":[{"count":1,"href":"https:\/\/boatrentalmallorca.net\/de\/wp-json\/wp\/v2\/pages\/3191\/revisions"}],"predecessor-version":[{"id":3198,"href":"https:\/\/boatrentalmallorca.net\/de\/wp-json\/wp\/v2\/pages\/3191\/revisions\/3198"}],"wp:attachment":[{"href":"https:\/\/boatrentalmallorca.net\/de\/wp-json\/wp\/v2\/media?parent=3191"}],"curies":[{"name":"wp","href":"https:\/\/api.w.org\/{rel}","templated":true}]}}